{"id":6558,"date":"2025-10-09T00:00:00","date_gmt":"2025-10-08T22:00:00","guid":{"rendered":"https:\/\/yotavis.ch\/product\/pbz40-10-with-lan\/"},"modified":"2026-04-24T13:33:50","modified_gmt":"2026-04-24T11:33:50","slug":"pbz40-10-with-lan","status":"publish","type":"product","link":"https:\/\/yotavis.ch\/fr\/produit\/pbz40-10-with-lan\/","title":{"rendered":"PBZ40-10 WITH LAN"},"content":{"rendered":"<p>Elle dispose d'un seul canal de sortie et prend en charge la fonctionnalit\u00e9 de contr\u00f4le \u00e0 distance, ce qui permet un fonctionnement pratique et une int\u00e9gration dans divers syst\u00e8mes. L'alimentation d\u00e9livre une puissance totale de 400 watts, ce qui la rend adapt\u00e9e aux applications n\u00e9cessitant un contr\u00f4le pr\u00e9cis de la tension et du courant. En outre, l'appareil comprend une interface LAN, permettant une connectivit\u00e9 r\u00e9seau pour la surveillance et le contr\u00f4le \u00e0 distance. Cette combinaison de caract\u00e9ristiques offre une grande souplesse dans la gestion de l'alimentation \u00e9lectrique dans les laboratoires ou les environnements industriels o\u00f9 des sources d'alimentation pr\u00e9cises et programmables sont essentielles.<\/p>","protected":false},"excerpt":{"rendered":"<p>Programmable Bipolar Power Supply, \u00b1 0V &#8211; 40V, \u00b1 0A &#8211; 10A with LAN Interface<\/p>","protected":false},"featured_media":7694,"comment_status":"closed","ping_status":"closed","template":"","meta":{"_acf_changed":false,"slim_seo":{"title":"PBZ40-10 WITH LAN - YOTAVIS AG","description":"Programmable Bipolar Power Supply, \u00b1 0V - 40V, \u00b1 0A - 10A with LAN Interface"}},"product_brand":[551],"product_cat":[606,515],"product_tag":[],"class_list":{"0":"post-6558","1":"product","2":"type-product","3":"status-publish","4":"has-post-thumbnail","6":"product_brand-kikusui","7":"product_cat-dc-4-quadrants-en","8":"product_cat-power-en","9":"pa_current-a-397","10":"pa_output-number-146","11":"pa_power-w-398","12":"pa_remote-control-yes","13":"pa_voltage-v-152","15":"first","16":"instock","17":"taxable","18":"shipping-taxable","19":"purchasable","20":"product-type-simple"},"acf":[],"_links":{"self":[{"href":"https:\/\/yotavis.ch\/fr\/wp-json\/wp\/v2\/product\/6558","targetHints":{"allow":["GET"]}}],"collection":[{"href":"https:\/\/yotavis.ch\/fr\/wp-json\/wp\/v2\/product"}],"about":[{"href":"https:\/\/yotavis.ch\/fr\/wp-json\/wp\/v2\/types\/product"}],"replies":[{"embeddable":true,"href":"https:\/\/yotavis.ch\/fr\/wp-json\/wp\/v2\/comments?post=6558"}],"wp:featuredmedia":[{"embeddable":true,"href":"https:\/\/yotavis.ch\/fr\/wp-json\/wp\/v2\/media\/7694"}],"wp:attachment":[{"href":"https:\/\/yotavis.ch\/fr\/wp-json\/wp\/v2\/media?parent=6558"}],"wp:term":[{"taxonomy":"product_brand","embeddable":true,"href":"https:\/\/yotavis.ch\/fr\/wp-json\/wp\/v2\/product_brand?post=6558"},{"taxonomy":"product_cat","embeddable":true,"href":"https:\/\/yotavis.ch\/fr\/wp-json\/wp\/v2\/product_cat?post=6558"},{"taxonomy":"product_tag","embeddable":true,"href":"https:\/\/yotavis.ch\/fr\/wp-json\/wp\/v2\/product_tag?post=6558"}],"curies":[{"name":"wp","href":"https:\/\/api.w.org\/{rel}","templated":true}]}}