{"id":6560,"date":"2025-10-09T00:00:00","date_gmt":"2025-10-08T22:00:00","guid":{"rendered":"https:\/\/yotavis.ch\/product\/pbz60-6-7-with-lan\/"},"modified":"2026-04-24T13:33:53","modified_gmt":"2026-04-24T11:33:53","slug":"pbz60-6-7-with-lan","status":"publish","type":"product","link":"https:\/\/yotavis.ch\/fr\/produit\/pbz60-6-7-with-lan\/","title":{"rendered":"PBZ60-6.7 WITH LAN"},"content":{"rendered":"<p>Elle d\u00e9livre une puissance de 400 watts et dispose d'un seul canal de sortie. Cette alimentation prend en charge la fonctionnalit\u00e9 de commande \u00e0 distance, ce qui permet un fonctionnement pratique et une int\u00e9gration dans les syst\u00e8mes automatis\u00e9s. L'inclusion d'une interface LAN permet une connectivit\u00e9 r\u00e9seau pour la surveillance et le contr\u00f4le \u00e0 distance.  Sa nature programmable permet aux utilisateurs de d\u00e9finir et d'ajuster les param\u00e8tres de sortie en fonction d'exigences sp\u00e9cifiques. La combinaison de ces caract\u00e9ristiques fait du PBZ60-6.7 WITH LAN un outil polyvalent pour divers environnements d'essai et de d\u00e9veloppement.<\/p>","protected":false},"excerpt":{"rendered":"<p>Programmable Bipolar Power Supply, \u00b1 0V &#8211; 60V, \u00b1 0A &#8211; 6.7A with LAN Interface<\/p>","protected":false},"featured_media":7694,"comment_status":"closed","ping_status":"closed","template":"","meta":{"_acf_changed":false,"slim_seo":{"title":"PBZ60-6.7 WITH LAN - YOTAVIS AG","description":"Programmable Bipolar Power Supply, \u00b1 0V - 60V, \u00b1 0A - 6.7A with LAN Interface"}},"product_brand":[551],"product_cat":[606,515],"product_tag":[],"class_list":{"0":"post-6560","1":"product","2":"type-product","3":"status-publish","4":"has-post-thumbnail","6":"product_brand-kikusui","7":"product_cat-dc-4-quadrants-en","8":"product_cat-power-en","9":"pa_current-a-6-7","10":"pa_output-number-146","11":"pa_power-w-398","12":"pa_remote-control-yes","13":"pa_voltage-v-314","15":"first","16":"instock","17":"taxable","18":"shipping-taxable","19":"purchasable","20":"product-type-simple"},"acf":[],"_links":{"self":[{"href":"https:\/\/yotavis.ch\/fr\/wp-json\/wp\/v2\/product\/6560","targetHints":{"allow":["GET"]}}],"collection":[{"href":"https:\/\/yotavis.ch\/fr\/wp-json\/wp\/v2\/product"}],"about":[{"href":"https:\/\/yotavis.ch\/fr\/wp-json\/wp\/v2\/types\/product"}],"replies":[{"embeddable":true,"href":"https:\/\/yotavis.ch\/fr\/wp-json\/wp\/v2\/comments?post=6560"}],"wp:featuredmedia":[{"embeddable":true,"href":"https:\/\/yotavis.ch\/fr\/wp-json\/wp\/v2\/media\/7694"}],"wp:attachment":[{"href":"https:\/\/yotavis.ch\/fr\/wp-json\/wp\/v2\/media?parent=6560"}],"wp:term":[{"taxonomy":"product_brand","embeddable":true,"href":"https:\/\/yotavis.ch\/fr\/wp-json\/wp\/v2\/product_brand?post=6560"},{"taxonomy":"product_cat","embeddable":true,"href":"https:\/\/yotavis.ch\/fr\/wp-json\/wp\/v2\/product_cat?post=6560"},{"taxonomy":"product_tag","embeddable":true,"href":"https:\/\/yotavis.ch\/fr\/wp-json\/wp\/v2\/product_tag?post=6560"}],"curies":[{"name":"wp","href":"https:\/\/api.w.org\/{rel}","templated":true}]}}