{"id":6561,"date":"2025-10-09T00:00:00","date_gmt":"2025-10-08T22:00:00","guid":{"rendered":"https:\/\/yotavis.ch\/product\/pbz80-5\/"},"modified":"2026-04-24T13:33:54","modified_gmt":"2026-04-24T11:33:54","slug":"pbz80-5","status":"publish","type":"product","link":"https:\/\/yotavis.ch\/fr\/produit\/pbz80-5\/","title":{"rendered":"PBZ80-5"},"content":{"rendered":"<p>Elle dispose d'un seul canal de sortie, ce qui permet un contr\u00f4le pr\u00e9cis de l'alimentation dans diverses applications. L'alimentation offre une puissance totale de 400 watts, ce qui la rend adapt\u00e9e aux t\u00e2ches n\u00e9cessitant une capacit\u00e9 de puissance importante. La fonctionnalit\u00e9 de commande \u00e0 distance est incluse, permettant aux utilisateurs de faire fonctionner l'appareil \u00e0 distance pour plus de commodit\u00e9 et de flexibilit\u00e9. L'appareil est con\u00e7u pour fournir une puissance de sortie stable et r\u00e9glable, afin de r\u00e9pondre \u00e0 un large \u00e9ventail de besoins en mati\u00e8re de tests et d'op\u00e9rations. Sa conception est ax\u00e9e sur la fiabilit\u00e9 des performances et la capacit\u00e9 \u00e0 programmer avec pr\u00e9cision les param\u00e8tres de tension et de courant. .<\/p>","protected":false},"excerpt":{"rendered":"<p>Programmable Bipolar Power Supply, \u00b1 0V &#8211; 80V, \u00b1 0A &#8211; 5A<\/p>","protected":false},"featured_media":7694,"comment_status":"closed","ping_status":"closed","template":"","meta":{"_acf_changed":false,"slim_seo":{"title":"PBZ80-5 - YOTAVIS AG","description":"Programmable Bipolar Power Supply, \u00b1 0V - 80V, \u00b1 0A - 5A"}},"product_brand":[551],"product_cat":[606,515],"product_tag":[],"class_list":{"0":"post-6561","1":"product","2":"type-product","3":"status-publish","4":"has-post-thumbnail","6":"product_brand-kikusui","7":"product_cat-dc-4-quadrants-en","8":"product_cat-power-en","9":"pa_current-a-392","10":"pa_output-number-146","11":"pa_power-w-398","12":"pa_remote-control-yes","13":"pa_voltage-v-155","15":"first","16":"instock","17":"taxable","18":"shipping-taxable","19":"purchasable","20":"product-type-simple"},"acf":[],"_links":{"self":[{"href":"https:\/\/yotavis.ch\/fr\/wp-json\/wp\/v2\/product\/6561","targetHints":{"allow":["GET"]}}],"collection":[{"href":"https:\/\/yotavis.ch\/fr\/wp-json\/wp\/v2\/product"}],"about":[{"href":"https:\/\/yotavis.ch\/fr\/wp-json\/wp\/v2\/types\/product"}],"replies":[{"embeddable":true,"href":"https:\/\/yotavis.ch\/fr\/wp-json\/wp\/v2\/comments?post=6561"}],"wp:featuredmedia":[{"embeddable":true,"href":"https:\/\/yotavis.ch\/fr\/wp-json\/wp\/v2\/media\/7694"}],"wp:attachment":[{"href":"https:\/\/yotavis.ch\/fr\/wp-json\/wp\/v2\/media?parent=6561"}],"wp:term":[{"taxonomy":"product_brand","embeddable":true,"href":"https:\/\/yotavis.ch\/fr\/wp-json\/wp\/v2\/product_brand?post=6561"},{"taxonomy":"product_cat","embeddable":true,"href":"https:\/\/yotavis.ch\/fr\/wp-json\/wp\/v2\/product_cat?post=6561"},{"taxonomy":"product_tag","embeddable":true,"href":"https:\/\/yotavis.ch\/fr\/wp-json\/wp\/v2\/product_tag?post=6561"}],"curies":[{"name":"wp","href":"https:\/\/api.w.org\/{rel}","templated":true}]}}