{"id":6562,"date":"2025-10-09T00:00:00","date_gmt":"2025-10-08T22:00:00","guid":{"rendered":"https:\/\/yotavis.ch\/product\/pbz80-5-with-lan\/"},"modified":"2026-04-24T13:33:54","modified_gmt":"2026-04-24T11:33:54","slug":"pbz80-5-with-lan","status":"publish","type":"product","link":"https:\/\/yotavis.ch\/fr\/produit\/pbz80-5-with-lan\/","title":{"rendered":"PBZ80-5 AVEC LAN"},"content":{"rendered":"<p>Elle d\u00e9livre une puissance de 400 watts et dispose d'un seul canal de sortie. Cette alimentation comprend une interface LAN, permettant des capacit\u00e9s de contr\u00f4le \u00e0 distance pour un fonctionnement pratique et une int\u00e9gration dans des syst\u00e8mes automatis\u00e9s. L'appareil est con\u00e7u pour fournir une alimentation pr\u00e9cise et stable dans les limites de tension et de courant sp\u00e9cifi\u00e9es. Sa nature programmable permet aux utilisateurs de r\u00e9gler et d'ajuster les param\u00e8tres de sortie en fonction d'exigences sp\u00e9cifiques. L'inclusion d'une fonctionnalit\u00e9 de contr\u00f4le \u00e0 distance am\u00e9liore son utilisation dans divers environnements d'essai et de d\u00e9veloppement o\u00f9 la surveillance et les r\u00e9glages \u00e0 distance sont n\u00e9cessaires. .<\/p>","protected":false},"excerpt":{"rendered":"<p>Programmable Bipolar Power Supply, \u00b1 0V &#8211; 80V, \u00b1 0A &#8211; 5A with LAN Interface<\/p>","protected":false},"featured_media":7694,"comment_status":"closed","ping_status":"closed","template":"","meta":{"_acf_changed":false,"slim_seo":{"title":"PBZ80-5 WITH LAN - YOTAVIS AG","description":"Programmable Bipolar Power Supply, \u00b1 0V - 80V, \u00b1 0A - 5A with LAN Interface"}},"product_brand":[551],"product_cat":[606,515],"product_tag":[],"class_list":{"0":"post-6562","1":"product","2":"type-product","3":"status-publish","4":"has-post-thumbnail","6":"product_brand-kikusui","7":"product_cat-dc-4-quadrants-en","8":"product_cat-power-en","9":"pa_current-a-392","10":"pa_output-number-146","11":"pa_power-w-398","12":"pa_remote-control-yes","13":"pa_voltage-v-155","15":"first","16":"instock","17":"taxable","18":"shipping-taxable","19":"purchasable","20":"product-type-simple"},"acf":[],"_links":{"self":[{"href":"https:\/\/yotavis.ch\/fr\/wp-json\/wp\/v2\/product\/6562","targetHints":{"allow":["GET"]}}],"collection":[{"href":"https:\/\/yotavis.ch\/fr\/wp-json\/wp\/v2\/product"}],"about":[{"href":"https:\/\/yotavis.ch\/fr\/wp-json\/wp\/v2\/types\/product"}],"replies":[{"embeddable":true,"href":"https:\/\/yotavis.ch\/fr\/wp-json\/wp\/v2\/comments?post=6562"}],"wp:featuredmedia":[{"embeddable":true,"href":"https:\/\/yotavis.ch\/fr\/wp-json\/wp\/v2\/media\/7694"}],"wp:attachment":[{"href":"https:\/\/yotavis.ch\/fr\/wp-json\/wp\/v2\/media?parent=6562"}],"wp:term":[{"taxonomy":"product_brand","embeddable":true,"href":"https:\/\/yotavis.ch\/fr\/wp-json\/wp\/v2\/product_brand?post=6562"},{"taxonomy":"product_cat","embeddable":true,"href":"https:\/\/yotavis.ch\/fr\/wp-json\/wp\/v2\/product_cat?post=6562"},{"taxonomy":"product_tag","embeddable":true,"href":"https:\/\/yotavis.ch\/fr\/wp-json\/wp\/v2\/product_tag?post=6562"}],"curies":[{"name":"wp","href":"https:\/\/api.w.org\/{rel}","templated":true}]}}