{"id":6563,"date":"2025-10-09T00:00:00","date_gmt":"2025-10-08T22:00:00","guid":{"rendered":"https:\/\/yotavis.ch\/product\/pbz20-20a\/"},"modified":"2026-04-24T13:33:54","modified_gmt":"2026-04-24T11:33:54","slug":"pbz20-20a","status":"publish","type":"product","link":"https:\/\/yotavis.ch\/fr\/produit\/pbz20-20a\/","title":{"rendered":"PBZ20-20A"},"content":{"rendered":"<p>Elle se caract\u00e9rise par une sortie de courant de cr\u00eate six fois sup\u00e9rieure au courant nominal, ce qui permet d'utiliser des charges transitoires plus \u00e9lev\u00e9es. L'alimentation d\u00e9livre une puissance totale de 400 watts et comprend un seul canal de sortie. Elle prend en charge la fonctionnalit\u00e9 de commande \u00e0 distance, ce qui permet de l'utiliser \u00e0 distance. Fabriqu\u00e9 par Kikusui, ce mod\u00e8le est con\u00e7u pour fournir une alimentation pr\u00e9cise et flexible pour diverses applications. Les sp\u00e9cifications de l'appareil se concentrent sur la fourniture d'une tension et d'un courant stables dans les plages sp\u00e9cifi\u00e9es, sans caract\u00e9ristiques suppl\u00e9mentaires telles que des \u00e9crans tactiles ou des canaux multiples. .<\/p>","protected":false},"excerpt":{"rendered":"<p>Programmable Bipolar Power Supply, \u00b1 0V &#8211; 20V, \u00b1 0A &#8211; 20A,<br \/>\nPeak current output (6x rating)<\/p>","protected":false},"featured_media":7694,"comment_status":"closed","ping_status":"closed","template":"","meta":{"_acf_changed":false,"slim_seo":{"title":"PBZ20-20A - YOTAVIS AG","description":"Programmable Bipolar Power Supply, \u00b1 0V - 20V, \u00b1 0A - 20A, Peak current output (6x rating)"}},"product_brand":[551],"product_cat":[606,515],"product_tag":[],"class_list":{"0":"post-6563","1":"product","2":"type-product","3":"status-publish","4":"has-post-thumbnail","6":"product_brand-kikusui","7":"product_cat-dc-4-quadrants-en","8":"product_cat-power-en","9":"pa_current-a-552","10":"pa_output-number-146","11":"pa_power-w-398","12":"pa_remote-control-yes","13":"pa_voltage-v-315","15":"first","16":"instock","17":"taxable","18":"shipping-taxable","19":"purchasable","20":"product-type-simple"},"acf":[],"_links":{"self":[{"href":"https:\/\/yotavis.ch\/fr\/wp-json\/wp\/v2\/product\/6563","targetHints":{"allow":["GET"]}}],"collection":[{"href":"https:\/\/yotavis.ch\/fr\/wp-json\/wp\/v2\/product"}],"about":[{"href":"https:\/\/yotavis.ch\/fr\/wp-json\/wp\/v2\/types\/product"}],"replies":[{"embeddable":true,"href":"https:\/\/yotavis.ch\/fr\/wp-json\/wp\/v2\/comments?post=6563"}],"wp:featuredmedia":[{"embeddable":true,"href":"https:\/\/yotavis.ch\/fr\/wp-json\/wp\/v2\/media\/7694"}],"wp:attachment":[{"href":"https:\/\/yotavis.ch\/fr\/wp-json\/wp\/v2\/media?parent=6563"}],"wp:term":[{"taxonomy":"product_brand","embeddable":true,"href":"https:\/\/yotavis.ch\/fr\/wp-json\/wp\/v2\/product_brand?post=6563"},{"taxonomy":"product_cat","embeddable":true,"href":"https:\/\/yotavis.ch\/fr\/wp-json\/wp\/v2\/product_cat?post=6563"},{"taxonomy":"product_tag","embeddable":true,"href":"https:\/\/yotavis.ch\/fr\/wp-json\/wp\/v2\/product_tag?post=6563"}],"curies":[{"name":"wp","href":"https:\/\/api.w.org\/{rel}","templated":true}]}}