{"id":6564,"date":"2025-10-09T00:00:00","date_gmt":"2025-10-08T22:00:00","guid":{"rendered":"https:\/\/yotavis.ch\/product\/pbz20-20a-with-lan\/"},"modified":"2026-04-24T13:33:55","modified_gmt":"2026-04-24T11:33:55","slug":"pbz20-20a-with-lan","status":"publish","type":"product","link":"https:\/\/yotavis.ch\/fr\/produit\/pbz20-20a-with-lan\/","title":{"rendered":"PBZ20-20A WITH LAN"},"content":{"rendered":"<p>Elle pr\u00e9sente une capacit\u00e9 de sortie de courant de cr\u00eate de six fois sa valeur nominale, ce qui permet de r\u00e9pondre aux demandes de courant transitoire \u00e9lev\u00e9. L'alimentation dispose d'un seul canal de sortie et prend en charge la fonctionnalit\u00e9 de commande \u00e0 distance, ce qui permet de l'utiliser et de la surveiller \u00e0 distance. Avec une puissance nominale de 400 watts, elle convient aux applications n\u00e9cessitant une alimentation stable et pr\u00e9cise. L'inclusion d'une interface LAN facilite la connectivit\u00e9 r\u00e9seau pour l'int\u00e9gration dans des syst\u00e8mes de test automatis\u00e9s ou des configurations de gestion \u00e0 distance. Ce mod\u00e8le est con\u00e7u pour offrir des performances fiables dans les environnements o\u00f9 les sources de tension et de courant programmables sont essentielles \u00e0 des fins de test et de d\u00e9veloppement.<\/p>","protected":false},"excerpt":{"rendered":"<p>Programmable Bipolar Power Supply, \u00b1 0V &#8211; 20V, \u00b1 0A &#8211; 20A,<br \/>\nPeak current output (6x rating)  with LAN interface<\/p>","protected":false},"featured_media":7694,"comment_status":"closed","ping_status":"closed","template":"","meta":{"_acf_changed":false,"slim_seo":{"title":"PBZ20-20A WITH LAN - YOTAVIS AG","description":"Programmable Bipolar Power Supply, \u00b1 0V - 20V, \u00b1 0A - 20A, Peak current output (6x rating) with LAN interface"}},"product_brand":[551],"product_cat":[606,515],"product_tag":[],"class_list":{"0":"post-6564","1":"product","2":"type-product","3":"status-publish","4":"has-post-thumbnail","6":"product_brand-kikusui","7":"product_cat-dc-4-quadrants-en","8":"product_cat-power-en","9":"pa_current-a-552","10":"pa_output-number-146","11":"pa_power-w-398","12":"pa_remote-control-yes","13":"pa_voltage-v-315","15":"first","16":"instock","17":"taxable","18":"shipping-taxable","19":"purchasable","20":"product-type-simple"},"acf":[],"_links":{"self":[{"href":"https:\/\/yotavis.ch\/fr\/wp-json\/wp\/v2\/product\/6564","targetHints":{"allow":["GET"]}}],"collection":[{"href":"https:\/\/yotavis.ch\/fr\/wp-json\/wp\/v2\/product"}],"about":[{"href":"https:\/\/yotavis.ch\/fr\/wp-json\/wp\/v2\/types\/product"}],"replies":[{"embeddable":true,"href":"https:\/\/yotavis.ch\/fr\/wp-json\/wp\/v2\/comments?post=6564"}],"wp:featuredmedia":[{"embeddable":true,"href":"https:\/\/yotavis.ch\/fr\/wp-json\/wp\/v2\/media\/7694"}],"wp:attachment":[{"href":"https:\/\/yotavis.ch\/fr\/wp-json\/wp\/v2\/media?parent=6564"}],"wp:term":[{"taxonomy":"product_brand","embeddable":true,"href":"https:\/\/yotavis.ch\/fr\/wp-json\/wp\/v2\/product_brand?post=6564"},{"taxonomy":"product_cat","embeddable":true,"href":"https:\/\/yotavis.ch\/fr\/wp-json\/wp\/v2\/product_cat?post=6564"},{"taxonomy":"product_tag","embeddable":true,"href":"https:\/\/yotavis.ch\/fr\/wp-json\/wp\/v2\/product_tag?post=6564"}],"curies":[{"name":"wp","href":"https:\/\/api.w.org\/{rel}","templated":true}]}}