{"id":6565,"date":"2025-10-09T00:00:00","date_gmt":"2025-10-08T22:00:00","guid":{"rendered":"https:\/\/yotavis.ch\/product\/pcr500ma\/"},"modified":"2026-04-24T13:33:55","modified_gmt":"2026-04-24T11:33:55","slug":"pcr500ma","status":"publish","type":"product","link":"https:\/\/yotavis.ch\/fr\/produit\/pcr500ma\/","title":{"rendered":"PCR500MA"},"content":{"rendered":"<p>Le Kikusui PCR500MA est une alimentation compacte en courant alternatif d'une puissance nominale de 500VA. Il offre une large gamme de sorties de tension, y compris des tensions CA de 1 \u00e0 155V et de 2 \u00e0 310V, ainsi que des tensions CC de 1,4 \u00e0 219V et de 2,8 \u00e0 438V. L'appareil prend en charge des fr\u00e9quences allant de 40 \u00e0 500 Hz, avec une fr\u00e9quence maximale de 500 Hz. Il d\u00e9livre un courant maximum de 5A et dispose d'un seul canal de sortie. L'alimentation est \u00e9quip\u00e9e d'une fonction de contr\u00f4le \u00e0 distance, ce qui permet une utilisation pratique. Sa conception convient aux applications n\u00e9cessitant un contr\u00f4le pr\u00e9cis de la tension et de la fr\u00e9quence dans les plages sp\u00e9cifi\u00e9es.<\/p>","protected":false},"excerpt":{"rendered":"<p>Alimentation compacte 500VA\u3001AC1\uff5e155V\/2\uff5e310V\u3001DC1.4\uff5e219V\/2.8\uff5e438V\u300140\uff5e500Hz<\/p>","protected":false},"featured_media":7696,"comment_status":"closed","ping_status":"closed","template":"","meta":{"_acf_changed":false,"slim_seo":{"title":"PCR500MA - YOTAVIS AG","description":"Alimentation compacte 500VA\u3001AC1\uff5e155V\/2\uff5e310V\u3001DC1.4\uff5e219V\/2.8\uff5e438V\u300140\uff5e500Hz"}},"product_brand":[551],"product_cat":[609,515],"product_tag":[],"class_list":{"0":"post-6565","1":"product","2":"type-product","3":"status-publish","4":"has-post-thumbnail","6":"product_brand-kikusui","7":"product_cat-ac-source-en","8":"product_cat-power-en","9":"pa_current-a-392","10":"pa_max-frequency-hz-1020","11":"pa_output-number-146","12":"pa_power-w-608","13":"pa_remote-control-yes","14":"pa_voltage-v-310","16":"first","17":"instock","18":"taxable","19":"shipping-taxable","20":"purchasable","21":"product-type-simple"},"acf":[],"_links":{"self":[{"href":"https:\/\/yotavis.ch\/fr\/wp-json\/wp\/v2\/product\/6565","targetHints":{"allow":["GET"]}}],"collection":[{"href":"https:\/\/yotavis.ch\/fr\/wp-json\/wp\/v2\/product"}],"about":[{"href":"https:\/\/yotavis.ch\/fr\/wp-json\/wp\/v2\/types\/product"}],"replies":[{"embeddable":true,"href":"https:\/\/yotavis.ch\/fr\/wp-json\/wp\/v2\/comments?post=6565"}],"wp:featuredmedia":[{"embeddable":true,"href":"https:\/\/yotavis.ch\/fr\/wp-json\/wp\/v2\/media\/7696"}],"wp:attachment":[{"href":"https:\/\/yotavis.ch\/fr\/wp-json\/wp\/v2\/media?parent=6565"}],"wp:term":[{"taxonomy":"product_brand","embeddable":true,"href":"https:\/\/yotavis.ch\/fr\/wp-json\/wp\/v2\/product_brand?post=6565"},{"taxonomy":"product_cat","embeddable":true,"href":"https:\/\/yotavis.ch\/fr\/wp-json\/wp\/v2\/product_cat?post=6565"},{"taxonomy":"product_tag","embeddable":true,"href":"https:\/\/yotavis.ch\/fr\/wp-json\/wp\/v2\/product_tag?post=6565"}],"curies":[{"name":"wp","href":"https:\/\/api.w.org\/{rel}","templated":true}]}}