{"id":6566,"date":"2025-10-09T00:00:00","date_gmt":"2025-10-08T22:00:00","guid":{"rendered":"https:\/\/yotavis.ch\/product\/pcr1000ma\/"},"modified":"2026-04-24T13:33:55","modified_gmt":"2026-04-24T11:33:55","slug":"pcr1000ma","status":"publish","type":"product","link":"https:\/\/yotavis.ch\/fr\/produit\/pcr1000ma\/","title":{"rendered":"PCR1000MA"},"content":{"rendered":"<p>Le Kikusui PCR1000MA est un bloc d'alimentation CA compact d'une puissance nominale de 1000VA. Il prend en charge une plage de tension CA de 1 \u00e0 155V et de 2 \u00e0 310V, ainsi qu'une plage de tension CC de 1,4 \u00e0 219V et de 2,8 \u00e0 438V. L'appareil fonctionne dans une plage de fr\u00e9quence de 40 \u00e0 500 Hz, avec une fr\u00e9quence maximale de 500 Hz. Il d\u00e9livre un courant maximum de 10A et dispose d'un seul canal de sortie. L'alimentation est dot\u00e9e d'une fonction de commande \u00e0 distance, ce qui permet de l'utiliser facilement \u00e0 distance. Sa conception convient aux applications n\u00e9cessitant un contr\u00f4le pr\u00e9cis de la tension et de la fr\u00e9quence dans les plages sp\u00e9cifi\u00e9es.<\/p>","protected":false},"excerpt":{"rendered":"<p>Alimentation AC compacte 1000VA\u3001AC1\uff5e155V\/2\uff5e310V\u3001DC1.4\uff5e219V\/2.8\uff5e438V\u300140\uff5e500Hz<\/p>","protected":false},"featured_media":7697,"comment_status":"closed","ping_status":"closed","template":"","meta":{"_acf_changed":false,"slim_seo":{"title":"PCR1000MA - YOTAVIS AG","description":"Alimentation AC compacte 1000VA\u3001AC1\uff5e155V\/2\uff5e310V\u3001DC1.4\uff5e219V\/2.8\uff5e438V\u300140\uff5e500Hz"}},"product_brand":[551],"product_cat":[609,515],"product_tag":[],"class_list":{"0":"post-6566","1":"product","2":"type-product","3":"status-publish","4":"has-post-thumbnail","6":"product_brand-kikusui","7":"product_cat-ac-source-en","8":"product_cat-power-en","9":"pa_current-a-397","10":"pa_max-frequency-hz-1020","11":"pa_output-number-146","12":"pa_power-w-610","13":"pa_remote-control-yes","14":"pa_voltage-v-310","16":"first","17":"instock","18":"taxable","19":"shipping-taxable","20":"purchasable","21":"product-type-simple"},"acf":[],"_links":{"self":[{"href":"https:\/\/yotavis.ch\/fr\/wp-json\/wp\/v2\/product\/6566","targetHints":{"allow":["GET"]}}],"collection":[{"href":"https:\/\/yotavis.ch\/fr\/wp-json\/wp\/v2\/product"}],"about":[{"href":"https:\/\/yotavis.ch\/fr\/wp-json\/wp\/v2\/types\/product"}],"replies":[{"embeddable":true,"href":"https:\/\/yotavis.ch\/fr\/wp-json\/wp\/v2\/comments?post=6566"}],"wp:featuredmedia":[{"embeddable":true,"href":"https:\/\/yotavis.ch\/fr\/wp-json\/wp\/v2\/media\/7697"}],"wp:attachment":[{"href":"https:\/\/yotavis.ch\/fr\/wp-json\/wp\/v2\/media?parent=6566"}],"wp:term":[{"taxonomy":"product_brand","embeddable":true,"href":"https:\/\/yotavis.ch\/fr\/wp-json\/wp\/v2\/product_brand?post=6566"},{"taxonomy":"product_cat","embeddable":true,"href":"https:\/\/yotavis.ch\/fr\/wp-json\/wp\/v2\/product_cat?post=6566"},{"taxonomy":"product_tag","embeddable":true,"href":"https:\/\/yotavis.ch\/fr\/wp-json\/wp\/v2\/product_tag?post=6566"}],"curies":[{"name":"wp","href":"https:\/\/api.w.org\/{rel}","templated":true}]}}