{"id":6568,"date":"2025-10-09T00:00:00","date_gmt":"2025-10-08T22:00:00","guid":{"rendered":"https:\/\/yotavis.ch\/product\/pcr4000ma\/"},"modified":"2026-04-24T13:33:56","modified_gmt":"2026-04-24T11:33:56","slug":"pcr4000ma","status":"publish","type":"product","link":"https:\/\/yotavis.ch\/fr\/produit\/pcr4000ma\/","title":{"rendered":"PCR4000MA"},"content":{"rendered":"<p>Le Kikusui PCR4000MA est un bloc d'alimentation CA compact d'une puissance nominale de 4000VA. Il offre une large plage de tension, supportant une sortie CA de 1 \u00e0 155V et de 2 \u00e0 310V, ainsi qu'une sortie CC de 1,4 \u00e0 219V et de 2,8 \u00e0 438V. L'appareil fonctionne \u00e0 des fr\u00e9quences comprises entre 40 et 500 Hz, avec une fr\u00e9quence maximale de 500 Hz. Il fournit un seul canal de sortie et prend en charge la fonctionnalit\u00e9 de contr\u00f4le \u00e0 distance. La capacit\u00e9 maximale de courant de l'alimentation est de 40A, et elle peut g\u00e9rer des tensions allant jusqu'\u00e0 310V. Gr\u00e2ce \u00e0 cette combinaison de caract\u00e9ristiques, le PCR4000MA convient aux applications n\u00e9cessitant une alimentation pr\u00e9cise et polyvalente en courant alternatif et continu.<\/p>","protected":false},"excerpt":{"rendered":"<p>Alimentation compacte 4000VA\u3001AC1\uff5e155V\/2\uff5e310V\u3001DC1.4\uff5e219V\/2.8\uff5e438V\u300140\uff5e500Hz<\/p>","protected":false},"featured_media":7701,"comment_status":"closed","ping_status":"closed","template":"","meta":{"_acf_changed":false,"slim_seo":{"title":"PCR4000MA - YOTAVIS AG","description":"Alimentation compacte 4000VA\u3001AC1\uff5e155V\/2\uff5e310V\u3001DC1.4\uff5e219V\/2.8\uff5e438V\u300140\uff5e500Hz"}},"product_brand":[551],"product_cat":[609,515],"product_tag":[],"class_list":{"0":"post-6568","1":"product","2":"type-product","3":"status-publish","4":"has-post-thumbnail","6":"product_brand-kikusui","7":"product_cat-ac-source-en","8":"product_cat-power-en","9":"pa_current-a-550","10":"pa_max-frequency-hz-1020","11":"pa_output-number-146","12":"pa_power-w-611","13":"pa_remote-control-yes","14":"pa_voltage-v-310","16":"first","17":"instock","18":"taxable","19":"shipping-taxable","20":"purchasable","21":"product-type-simple"},"acf":[],"_links":{"self":[{"href":"https:\/\/yotavis.ch\/fr\/wp-json\/wp\/v2\/product\/6568","targetHints":{"allow":["GET"]}}],"collection":[{"href":"https:\/\/yotavis.ch\/fr\/wp-json\/wp\/v2\/product"}],"about":[{"href":"https:\/\/yotavis.ch\/fr\/wp-json\/wp\/v2\/types\/product"}],"replies":[{"embeddable":true,"href":"https:\/\/yotavis.ch\/fr\/wp-json\/wp\/v2\/comments?post=6568"}],"wp:featuredmedia":[{"embeddable":true,"href":"https:\/\/yotavis.ch\/fr\/wp-json\/wp\/v2\/media\/7701"}],"wp:attachment":[{"href":"https:\/\/yotavis.ch\/fr\/wp-json\/wp\/v2\/media?parent=6568"}],"wp:term":[{"taxonomy":"product_brand","embeddable":true,"href":"https:\/\/yotavis.ch\/fr\/wp-json\/wp\/v2\/product_brand?post=6568"},{"taxonomy":"product_cat","embeddable":true,"href":"https:\/\/yotavis.ch\/fr\/wp-json\/wp\/v2\/product_cat?post=6568"},{"taxonomy":"product_tag","embeddable":true,"href":"https:\/\/yotavis.ch\/fr\/wp-json\/wp\/v2\/product_tag?post=6568"}],"curies":[{"name":"wp","href":"https:\/\/api.w.org\/{rel}","templated":true}]}}