{"id":6573,"date":"2025-10-09T00:00:00","date_gmt":"2025-10-08T22:00:00","guid":{"rendered":"https:\/\/yotavis.ch\/product\/pbz40-40-sr-with-cal\/"},"modified":"2026-04-24T13:33:58","modified_gmt":"2026-04-24T11:33:58","slug":"pbz40-40-sr-with-cal","status":"publish","type":"product","link":"https:\/\/yotavis.ch\/fr\/produit\/pbz40-40-sr-with-cal\/","title":{"rendered":"PBZ40-40 SR WITH CAL"},"content":{"rendered":"<p>Elle offre une plage de tension de \u00b10V \u00e0 40V et une plage de courant de \u00b10A \u00e0 40A, offrant des capacit\u00e9s de sortie polyvalentes. L'alimentation d\u00e9livre une puissance maximale de 1600 watts, ce qui la rend adapt\u00e9e aux applications exigeantes. Elle est dot\u00e9e d'un seul canal de sortie, ce qui permet de d\u00e9livrer une puissance cibl\u00e9e et pr\u00e9cise. La fonctionnalit\u00e9 de commande \u00e0 distance est incluse, ce qui permet aux utilisateurs de faire fonctionner l'appareil \u00e0 distance pour plus de commodit\u00e9 et de flexibilit\u00e9.  Ce mod\u00e8le est con\u00e7u pour r\u00e9pondre aux besoins de divers environnements de test et de d\u00e9veloppement o\u00f9 des sources d'alimentation programmables sont n\u00e9cessaires.<\/p>","protected":false},"excerpt":{"rendered":"<p>High Power Programmable Bipolar Power Supply, \u00b1 0V &#8211; 40V, \u00b1 0A &#8211; 40A<\/p>","protected":false},"featured_media":7708,"comment_status":"closed","ping_status":"closed","template":"","meta":{"_acf_changed":false,"slim_seo":{"title":"PBZ40-40 SR WITH CAL - YOTAVIS AG","description":"High Power Programmable Bipolar Power Supply, \u00b1 0V - 40V, \u00b1 0A - 40A"}},"product_brand":[551],"product_cat":[606,515],"product_tag":[],"class_list":{"0":"post-6573","1":"product","2":"type-product","3":"status-publish","4":"has-post-thumbnail","6":"product_brand-kikusui","7":"product_cat-dc-4-quadrants-en","8":"product_cat-power-en","9":"pa_current-a-550","10":"pa_output-number-146","11":"pa_power-w-612","12":"pa_remote-control-yes","13":"pa_voltage-v-152","15":"first","16":"instock","17":"taxable","18":"shipping-taxable","19":"purchasable","20":"product-type-simple"},"acf":[],"_links":{"self":[{"href":"https:\/\/yotavis.ch\/fr\/wp-json\/wp\/v2\/product\/6573","targetHints":{"allow":["GET"]}}],"collection":[{"href":"https:\/\/yotavis.ch\/fr\/wp-json\/wp\/v2\/product"}],"about":[{"href":"https:\/\/yotavis.ch\/fr\/wp-json\/wp\/v2\/types\/product"}],"replies":[{"embeddable":true,"href":"https:\/\/yotavis.ch\/fr\/wp-json\/wp\/v2\/comments?post=6573"}],"wp:featuredmedia":[{"embeddable":true,"href":"https:\/\/yotavis.ch\/fr\/wp-json\/wp\/v2\/media\/7708"}],"wp:attachment":[{"href":"https:\/\/yotavis.ch\/fr\/wp-json\/wp\/v2\/media?parent=6573"}],"wp:term":[{"taxonomy":"product_brand","embeddable":true,"href":"https:\/\/yotavis.ch\/fr\/wp-json\/wp\/v2\/product_brand?post=6573"},{"taxonomy":"product_cat","embeddable":true,"href":"https:\/\/yotavis.ch\/fr\/wp-json\/wp\/v2\/product_cat?post=6573"},{"taxonomy":"product_tag","embeddable":true,"href":"https:\/\/yotavis.ch\/fr\/wp-json\/wp\/v2\/product_tag?post=6573"}],"curies":[{"name":"wp","href":"https:\/\/api.w.org\/{rel}","templated":true}]}}