{"id":6575,"date":"2025-10-09T00:00:00","date_gmt":"2025-10-08T22:00:00","guid":{"rendered":"https:\/\/yotavis.ch\/product\/pbz60-20-1-sr-with-cal\/"},"modified":"2026-04-24T13:33:58","modified_gmt":"2026-04-24T11:33:58","slug":"pbz60-20-1-sr-with-cal","status":"publish","type":"product","link":"https:\/\/yotavis.ch\/fr\/produit\/pbz60-20-1-sr-with-cal\/","title":{"rendered":"PBZ60-20.1 SR AVEC CAL"},"content":{"rendered":"<p>Elle offre une plage de tension de \u00b10V \u00e0 60V et une plage de courant de \u00b10A \u00e0 20,1A, ce qui permet un contr\u00f4le pr\u00e9cis de la puissance de sortie. L'appareil d\u00e9livre une puissance totale de 1200 watts par le biais d'un seul canal de sortie. Il prend en charge la fonctionnalit\u00e9 de contr\u00f4le \u00e0 distance, ce qui permet un fonctionnement pratique et une int\u00e9gration dans les syst\u00e8mes automatis\u00e9s. Cette alimentation est con\u00e7ue pour g\u00e9rer des applications exigeantes n\u00e9cessitant des r\u00e9glages de tension et de courant stables et ajustables.  La combinaison d'un courant et d'une tension nominaux \u00e9lev\u00e9s garantit la polyvalence de l'alimentation en fonction des besoins.<\/p>","protected":false},"excerpt":{"rendered":"<p>High Power Programmable Bipolar Power Supply, \u00b1 0V &#8211; 60V, \u00b1 0A &#8211; 20.1A<\/p>","protected":false},"featured_media":7709,"comment_status":"closed","ping_status":"closed","template":"","meta":{"_acf_changed":false,"slim_seo":{"title":"PBZ60-20.1 SR WITH CAL - YOTAVIS AG","description":"High Power Programmable Bipolar Power Supply, \u00b1 0V - 60V, \u00b1 0A - 20.1A"}},"product_brand":[551],"product_cat":[606,515],"product_tag":[],"class_list":{"0":"post-6575","1":"product","2":"type-product","3":"status-publish","4":"has-post-thumbnail","6":"product_brand-kikusui","7":"product_cat-dc-4-quadrants-en","8":"product_cat-power-en","9":"pa_current-a-20-1","10":"pa_output-number-146","11":"pa_power-w-479","12":"pa_remote-control-yes","13":"pa_voltage-v-314","15":"first","16":"instock","17":"taxable","18":"shipping-taxable","19":"purchasable","20":"product-type-simple"},"acf":[],"_links":{"self":[{"href":"https:\/\/yotavis.ch\/fr\/wp-json\/wp\/v2\/product\/6575","targetHints":{"allow":["GET"]}}],"collection":[{"href":"https:\/\/yotavis.ch\/fr\/wp-json\/wp\/v2\/product"}],"about":[{"href":"https:\/\/yotavis.ch\/fr\/wp-json\/wp\/v2\/types\/product"}],"replies":[{"embeddable":true,"href":"https:\/\/yotavis.ch\/fr\/wp-json\/wp\/v2\/comments?post=6575"}],"wp:featuredmedia":[{"embeddable":true,"href":"https:\/\/yotavis.ch\/fr\/wp-json\/wp\/v2\/media\/7709"}],"wp:attachment":[{"href":"https:\/\/yotavis.ch\/fr\/wp-json\/wp\/v2\/media?parent=6575"}],"wp:term":[{"taxonomy":"product_brand","embeddable":true,"href":"https:\/\/yotavis.ch\/fr\/wp-json\/wp\/v2\/product_brand?post=6575"},{"taxonomy":"product_cat","embeddable":true,"href":"https:\/\/yotavis.ch\/fr\/wp-json\/wp\/v2\/product_cat?post=6575"},{"taxonomy":"product_tag","embeddable":true,"href":"https:\/\/yotavis.ch\/fr\/wp-json\/wp\/v2\/product_tag?post=6575"}],"curies":[{"name":"wp","href":"https:\/\/api.w.org\/{rel}","templated":true}]}}