{"id":6578,"date":"2025-10-09T00:00:00","date_gmt":"2025-10-08T22:00:00","guid":{"rendered":"https:\/\/yotavis.ch\/product\/pbz80-15-sr-with-cal\/"},"modified":"2026-04-24T13:33:59","modified_gmt":"2026-04-24T11:33:59","slug":"pbz80-15-sr-with-cal","status":"publish","type":"product","link":"https:\/\/yotavis.ch\/fr\/produit\/pbz80-15-sr-with-cal\/","title":{"rendered":"PBZ80-15 SR AVEC CAL"},"content":{"rendered":"<p>Elle offre une plage de tension de \u00b10V \u00e0 80V et une plage de courant de \u00b10A \u00e0 15A, fournissant une puissance de sortie maximale de 1200 watts. Ce mod\u00e8le dispose d'un seul canal de sortie et prend en charge la fonctionnalit\u00e9 de commande \u00e0 distance, ce qui permet un fonctionnement pratique \u00e0 distance.  Sa nature programmable permet aux utilisateurs de d\u00e9finir des param\u00e8tres de tension et de courant sp\u00e9cifiques en fonction de leurs besoins. Les sp\u00e9cifications robustes de l'appareil garantissent qu'il peut r\u00e9pondre \u00e0 des besoins d'alimentation exigeants tout en maintenant le contr\u00f4le et la pr\u00e9cision. Cette alimentation est un outil polyvalent pour les environnements o\u00f9 une alimentation r\u00e9glable et fiable est essentielle.<\/p>","protected":false},"excerpt":{"rendered":"<p>High Power Programmable Bipolar Power Supply, \u00b1 0V &#8211; 80V, \u00b1 0A &#8211; 15A<\/p>","protected":false},"featured_media":7709,"comment_status":"closed","ping_status":"closed","template":"","meta":{"_acf_changed":false,"slim_seo":{"title":"PBZ80-15 SR WITH CAL - YOTAVIS AG","description":"High Power Programmable Bipolar Power Supply, \u00b1 0V - 80V, \u00b1 0A - 15A"}},"product_brand":[551],"product_cat":[606,515],"product_tag":[],"class_list":{"0":"post-6578","1":"product","2":"type-product","3":"status-publish","4":"has-post-thumbnail","6":"product_brand-kikusui","7":"product_cat-dc-4-quadrants-en","8":"product_cat-power-en","9":"pa_current-a-410","10":"pa_output-number-146","11":"pa_power-w-479","12":"pa_remote-control-yes","13":"pa_voltage-v-155","15":"first","16":"instock","17":"taxable","18":"shipping-taxable","19":"purchasable","20":"product-type-simple"},"acf":[],"_links":{"self":[{"href":"https:\/\/yotavis.ch\/fr\/wp-json\/wp\/v2\/product\/6578","targetHints":{"allow":["GET"]}}],"collection":[{"href":"https:\/\/yotavis.ch\/fr\/wp-json\/wp\/v2\/product"}],"about":[{"href":"https:\/\/yotavis.ch\/fr\/wp-json\/wp\/v2\/types\/product"}],"replies":[{"embeddable":true,"href":"https:\/\/yotavis.ch\/fr\/wp-json\/wp\/v2\/comments?post=6578"}],"wp:featuredmedia":[{"embeddable":true,"href":"https:\/\/yotavis.ch\/fr\/wp-json\/wp\/v2\/media\/7709"}],"wp:attachment":[{"href":"https:\/\/yotavis.ch\/fr\/wp-json\/wp\/v2\/media?parent=6578"}],"wp:term":[{"taxonomy":"product_brand","embeddable":true,"href":"https:\/\/yotavis.ch\/fr\/wp-json\/wp\/v2\/product_brand?post=6578"},{"taxonomy":"product_cat","embeddable":true,"href":"https:\/\/yotavis.ch\/fr\/wp-json\/wp\/v2\/product_cat?post=6578"},{"taxonomy":"product_tag","embeddable":true,"href":"https:\/\/yotavis.ch\/fr\/wp-json\/wp\/v2\/product_tag?post=6578"}],"curies":[{"name":"wp","href":"https:\/\/api.w.org\/{rel}","templated":true}]}}