{"id":6583,"date":"2025-10-09T00:00:00","date_gmt":"2025-10-08T22:00:00","guid":{"rendered":"https:\/\/yotavis.ch\/product\/pbz20-160-bp-with-cal\/"},"modified":"2026-04-24T13:34:03","modified_gmt":"2026-04-24T11:34:03","slug":"pbz20-160-bp-with-cal","status":"publish","type":"product","link":"https:\/\/yotavis.ch\/fr\/produit\/pbz20-160-bp-with-cal\/","title":{"rendered":"PBZ20-160 BP AVEC CAL"},"content":{"rendered":"<p>Elle offre une plage de tension de sortie de \u00b10 \u00e0 20 volts et une plage de courant de \u00b10 \u00e0 160 amp\u00e8res, d\u00e9livrant une puissance maximale de 3200 watts. Ce mod\u00e8le dispose d'un seul canal de sortie et prend en charge la fonctionnalit\u00e9 de commande \u00e0 distance, ce qui permet un fonctionnement pratique et une int\u00e9gration dans les syst\u00e8mes automatis\u00e9s. L'alimentation est con\u00e7ue pour fournir des sorties de tension et de courant pr\u00e9cises et stables dans les plages sp\u00e9cifi\u00e9es.  Les sp\u00e9cifications du dispositif soulignent sa capacit\u00e9 \u00e0 g\u00e9rer des charges de courant \u00e9lev\u00e9es tout en maintenant la programmabilit\u00e9. Cette combinaison de caract\u00e9ristiques fait du PBZ20-160 BP WITH CAL un outil polyvalent pour les environnements de test et de d\u00e9veloppement o\u00f9 une alimentation contr\u00f4l\u00e9e est essentielle.<\/p>","protected":false},"excerpt":{"rendered":"<p>High Power Programmable Bipolar Power Supply, \u00b10 to 20V \/ \u00b10 to 160A<\/p>","protected":false},"featured_media":7712,"comment_status":"closed","ping_status":"closed","template":"","meta":{"_acf_changed":false,"slim_seo":{"title":"PBZ20-160 BP WITH CAL - YOTAVIS AG","description":"High Power Programmable Bipolar Power Supply, \u00b10 to 20V \/ \u00b10 to 160A"}},"product_brand":[551],"product_cat":[606,515],"product_tag":[],"class_list":{"0":"post-6583","1":"product","2":"type-product","3":"status-publish","4":"has-post-thumbnail","6":"product_brand-kikusui","7":"product_cat-dc-4-quadrants-en","8":"product_cat-power-en","9":"pa_current-a-620","10":"pa_output-number-146","11":"pa_power-w-619","12":"pa_remote-control-yes","13":"pa_voltage-v-315","15":"first","16":"instock","17":"taxable","18":"shipping-taxable","19":"purchasable","20":"product-type-simple"},"acf":[],"_links":{"self":[{"href":"https:\/\/yotavis.ch\/fr\/wp-json\/wp\/v2\/product\/6583","targetHints":{"allow":["GET"]}}],"collection":[{"href":"https:\/\/yotavis.ch\/fr\/wp-json\/wp\/v2\/product"}],"about":[{"href":"https:\/\/yotavis.ch\/fr\/wp-json\/wp\/v2\/types\/product"}],"replies":[{"embeddable":true,"href":"https:\/\/yotavis.ch\/fr\/wp-json\/wp\/v2\/comments?post=6583"}],"wp:featuredmedia":[{"embeddable":true,"href":"https:\/\/yotavis.ch\/fr\/wp-json\/wp\/v2\/media\/7712"}],"wp:attachment":[{"href":"https:\/\/yotavis.ch\/fr\/wp-json\/wp\/v2\/media?parent=6583"}],"wp:term":[{"taxonomy":"product_brand","embeddable":true,"href":"https:\/\/yotavis.ch\/fr\/wp-json\/wp\/v2\/product_brand?post=6583"},{"taxonomy":"product_cat","embeddable":true,"href":"https:\/\/yotavis.ch\/fr\/wp-json\/wp\/v2\/product_cat?post=6583"},{"taxonomy":"product_tag","embeddable":true,"href":"https:\/\/yotavis.ch\/fr\/wp-json\/wp\/v2\/product_tag?post=6583"}],"curies":[{"name":"wp","href":"https:\/\/api.w.org\/{rel}","templated":true}]}}