{"id":6584,"date":"2025-10-09T00:00:00","date_gmt":"2025-10-08T22:00:00","guid":{"rendered":"https:\/\/yotavis.ch\/product\/pbz20-180-bp-with-cal\/"},"modified":"2026-04-24T13:34:03","modified_gmt":"2026-04-24T11:34:03","slug":"pbz20-180-bp-with-cal","status":"publish","type":"product","link":"https:\/\/yotavis.ch\/fr\/produit\/pbz20-180-bp-with-cal\/","title":{"rendered":"PBZ20-180 BP WITH CAL"},"content":{"rendered":"<p>Elle offre une plage de tension de sortie de \u00b10 \u00e0 20 volts et une plage de courant de \u00b10 \u00e0 180 amp\u00e8res, d\u00e9livrant une puissance maximale de 3600 watts. Ce mod\u00e8le dispose d'un seul canal de sortie, ce qui permet un contr\u00f4le pr\u00e9cis de la tension et du courant dans les plages sp\u00e9cifi\u00e9es. L'alimentation prend en charge la fonctionnalit\u00e9 de commande \u00e0 distance, ce qui permet aux utilisateurs de faire fonctionner l'appareil \u00e0 distance pour plus de commodit\u00e9 et de flexibilit\u00e9 dans diverses applications.  La combinaison de capacit\u00e9s de courant et de tension \u00e9lev\u00e9s en fait un outil polyvalent pour les tests et le d\u00e9veloppement. Ses sp\u00e9cifications robustes garantissent des performances fiables dans les environnements professionnels.<\/p>","protected":false},"excerpt":{"rendered":"<p>High Power Programmable Bipolar Power Supply,  \u00b10 to 20V \/ \u00b10 to 180A<\/p>","protected":false},"featured_media":7712,"comment_status":"closed","ping_status":"closed","template":"","meta":{"_acf_changed":false,"slim_seo":{"title":"PBZ20-180 BP WITH CAL - YOTAVIS AG","description":"High Power Programmable Bipolar Power Supply, \u00b10 to 20V \/ \u00b10 to 180A"}},"product_brand":[551],"product_cat":[606,515],"product_tag":[],"class_list":{"0":"post-6584","1":"product","2":"type-product","3":"status-publish","4":"has-post-thumbnail","6":"product_brand-kikusui","7":"product_cat-dc-4-quadrants-en","8":"product_cat-power-en","9":"pa_current-a-622","10":"pa_output-number-146","11":"pa_power-w-621","12":"pa_remote-control-yes","13":"pa_voltage-v-315","15":"first","16":"instock","17":"taxable","18":"shipping-taxable","19":"purchasable","20":"product-type-simple"},"acf":[],"_links":{"self":[{"href":"https:\/\/yotavis.ch\/fr\/wp-json\/wp\/v2\/product\/6584","targetHints":{"allow":["GET"]}}],"collection":[{"href":"https:\/\/yotavis.ch\/fr\/wp-json\/wp\/v2\/product"}],"about":[{"href":"https:\/\/yotavis.ch\/fr\/wp-json\/wp\/v2\/types\/product"}],"replies":[{"embeddable":true,"href":"https:\/\/yotavis.ch\/fr\/wp-json\/wp\/v2\/comments?post=6584"}],"wp:featuredmedia":[{"embeddable":true,"href":"https:\/\/yotavis.ch\/fr\/wp-json\/wp\/v2\/media\/7712"}],"wp:attachment":[{"href":"https:\/\/yotavis.ch\/fr\/wp-json\/wp\/v2\/media?parent=6584"}],"wp:term":[{"taxonomy":"product_brand","embeddable":true,"href":"https:\/\/yotavis.ch\/fr\/wp-json\/wp\/v2\/product_brand?post=6584"},{"taxonomy":"product_cat","embeddable":true,"href":"https:\/\/yotavis.ch\/fr\/wp-json\/wp\/v2\/product_cat?post=6584"},{"taxonomy":"product_tag","embeddable":true,"href":"https:\/\/yotavis.ch\/fr\/wp-json\/wp\/v2\/product_tag?post=6584"}],"curies":[{"name":"wp","href":"https:\/\/api.w.org\/{rel}","templated":true}]}}