{"id":6585,"date":"2025-10-09T00:00:00","date_gmt":"2025-10-08T22:00:00","guid":{"rendered":"https:\/\/yotavis.ch\/product\/pbz20-200-bp-with-cal\/"},"modified":"2026-04-24T13:34:04","modified_gmt":"2026-04-24T11:34:04","slug":"pbz20-200-bp-with-cal","status":"publish","type":"product","link":"https:\/\/yotavis.ch\/fr\/produit\/pbz20-200-bp-with-cal\/","title":{"rendered":"PBZ20-200 BP WITH CAL"},"content":{"rendered":"<p>Elle offre une plage de tension de \u00b10 \u00e0 20V et une plage de courant de \u00b10 \u00e0 200A, d\u00e9livrant une puissance maximale de 4000 watts. Ce mod\u00e8le dispose d'un seul canal de sortie, ce qui permet un contr\u00f4le pr\u00e9cis de la puissance d\u00e9livr\u00e9e. La capacit\u00e9 de commande \u00e0 distance est incluse, permettant un fonctionnement \u00e0 distance pour plus de commodit\u00e9 et de flexibilit\u00e9. L'alimentation est con\u00e7ue pour g\u00e9rer des applications exigeantes qui n\u00e9cessitent des r\u00e9glages de tension et de courant stables et programmables.  La combinaison d'un courant et d'une tension nominaux \u00e9lev\u00e9s permet de prendre en charge une large gamme de dispositifs et de syst\u00e8mes \u00e9lectroniques n\u00e9cessitant des sources d'alimentation robustes.<\/p>","protected":false},"excerpt":{"rendered":"<p>High Power Programmable Bipolar Power Supply, \u00b10 to 20V \/ \u00b10 to 200A<\/p>","protected":false},"featured_media":7712,"comment_status":"closed","ping_status":"closed","template":"","meta":{"_acf_changed":false,"slim_seo":{"title":"PBZ20-200 BP WITH CAL - YOTAVIS AG","description":"High Power Programmable Bipolar Power Supply, \u00b10 to 20V \/ \u00b10 to 200A"}},"product_brand":[551],"product_cat":[606,515],"product_tag":[],"class_list":{"0":"post-6585","1":"product","2":"type-product","3":"status-publish","4":"has-post-thumbnail","6":"product_brand-kikusui","7":"product_cat-dc-4-quadrants-en","8":"product_cat-power-en","9":"pa_current-a-480","10":"pa_output-number-146","11":"pa_power-w-611","12":"pa_remote-control-yes","13":"pa_voltage-v-315","15":"first","16":"instock","17":"taxable","18":"shipping-taxable","19":"purchasable","20":"product-type-simple"},"acf":[],"_links":{"self":[{"href":"https:\/\/yotavis.ch\/fr\/wp-json\/wp\/v2\/product\/6585","targetHints":{"allow":["GET"]}}],"collection":[{"href":"https:\/\/yotavis.ch\/fr\/wp-json\/wp\/v2\/product"}],"about":[{"href":"https:\/\/yotavis.ch\/fr\/wp-json\/wp\/v2\/types\/product"}],"replies":[{"embeddable":true,"href":"https:\/\/yotavis.ch\/fr\/wp-json\/wp\/v2\/comments?post=6585"}],"wp:featuredmedia":[{"embeddable":true,"href":"https:\/\/yotavis.ch\/fr\/wp-json\/wp\/v2\/media\/7712"}],"wp:attachment":[{"href":"https:\/\/yotavis.ch\/fr\/wp-json\/wp\/v2\/media?parent=6585"}],"wp:term":[{"taxonomy":"product_brand","embeddable":true,"href":"https:\/\/yotavis.ch\/fr\/wp-json\/wp\/v2\/product_brand?post=6585"},{"taxonomy":"product_cat","embeddable":true,"href":"https:\/\/yotavis.ch\/fr\/wp-json\/wp\/v2\/product_cat?post=6585"},{"taxonomy":"product_tag","embeddable":true,"href":"https:\/\/yotavis.ch\/fr\/wp-json\/wp\/v2\/product_tag?post=6585"}],"curies":[{"name":"wp","href":"https:\/\/api.w.org\/{rel}","templated":true}]}}