{"id":6590,"date":"2025-10-09T00:00:00","date_gmt":"2025-10-08T22:00:00","guid":{"rendered":"https:\/\/yotavis.ch\/product\/pbz40-100-bp-with-cal\/"},"modified":"2026-04-24T13:34:05","modified_gmt":"2026-04-24T11:34:05","slug":"pbz40-100-bp-with-cal","status":"publish","type":"product","link":"https:\/\/yotavis.ch\/fr\/produit\/pbz40-100-bp-with-cal\/","title":{"rendered":"PBZ40-100 BP AVEC CAL"},"content":{"rendered":"<p>Elle offre une plage de tension de sortie de \u00b10 \u00e0 40 volts et une plage de courant de \u00b10 \u00e0 100 amp\u00e8res, d\u00e9livrant une puissance maximale de 4000 watts. Ce mod\u00e8le dispose d'un seul canal de sortie et prend en charge la fonctionnalit\u00e9 de commande \u00e0 distance, ce qui permet un fonctionnement pratique et une int\u00e9gration dans les syst\u00e8mes automatis\u00e9s. L'alimentation est con\u00e7ue pour fournir des sorties de tension et de courant pr\u00e9cises et stables dans les plages sp\u00e9cifi\u00e9es.  L'appareil est con\u00e7u pour g\u00e9rer des charges de courant \u00e9lev\u00e9es jusqu'\u00e0 100 amp\u00e8res, ce qui garantit des performances robustes pour les t\u00e2ches exigeantes. Gr\u00e2ce \u00e0 sa nature programmable, les utilisateurs peuvent configurer les param\u00e8tres de sortie pour r\u00e9pondre \u00e0 des exigences sp\u00e9cifiques, ce qui am\u00e9liore la flexibilit\u00e9 d'utilisation.<\/p>","protected":false},"excerpt":{"rendered":"<p>High Power Programmable Bipolar Power Supply, \u00b10 to 40V \/ \u00b10 to 100A<\/p>","protected":false},"featured_media":7712,"comment_status":"closed","ping_status":"closed","template":"","meta":{"_acf_changed":false,"slim_seo":{"title":"PBZ40-100 BP WITH CAL - YOTAVIS AG","description":"High Power Programmable Bipolar Power Supply, \u00b10 to 40V \/ \u00b10 to 100A"}},"product_brand":[551],"product_cat":[606,515],"product_tag":[],"class_list":{"0":"post-6590","1":"product","2":"type-product","3":"status-publish","4":"has-post-thumbnail","6":"product_brand-kikusui","7":"product_cat-dc-4-quadrants-en","8":"product_cat-power-en","9":"pa_current-a-562","10":"pa_output-number-146","11":"pa_power-w-611","12":"pa_remote-control-yes","13":"pa_voltage-v-152","15":"first","16":"instock","17":"taxable","18":"shipping-taxable","19":"purchasable","20":"product-type-simple"},"acf":[],"_links":{"self":[{"href":"https:\/\/yotavis.ch\/fr\/wp-json\/wp\/v2\/product\/6590","targetHints":{"allow":["GET"]}}],"collection":[{"href":"https:\/\/yotavis.ch\/fr\/wp-json\/wp\/v2\/product"}],"about":[{"href":"https:\/\/yotavis.ch\/fr\/wp-json\/wp\/v2\/types\/product"}],"replies":[{"embeddable":true,"href":"https:\/\/yotavis.ch\/fr\/wp-json\/wp\/v2\/comments?post=6590"}],"wp:featuredmedia":[{"embeddable":true,"href":"https:\/\/yotavis.ch\/fr\/wp-json\/wp\/v2\/media\/7712"}],"wp:attachment":[{"href":"https:\/\/yotavis.ch\/fr\/wp-json\/wp\/v2\/media?parent=6590"}],"wp:term":[{"taxonomy":"product_brand","embeddable":true,"href":"https:\/\/yotavis.ch\/fr\/wp-json\/wp\/v2\/product_brand?post=6590"},{"taxonomy":"product_cat","embeddable":true,"href":"https:\/\/yotavis.ch\/fr\/wp-json\/wp\/v2\/product_cat?post=6590"},{"taxonomy":"product_tag","embeddable":true,"href":"https:\/\/yotavis.ch\/fr\/wp-json\/wp\/v2\/product_tag?post=6590"}],"curies":[{"name":"wp","href":"https:\/\/api.w.org\/{rel}","templated":true}]}}