{"id":6591,"date":"2025-10-09T00:00:00","date_gmt":"2025-10-08T22:00:00","guid":{"rendered":"https:\/\/yotavis.ch\/product\/pcr4000le\/"},"modified":"2026-04-24T13:34:06","modified_gmt":"2026-04-24T11:34:06","slug":"pcr4000le","status":"publish","type":"product","link":"https:\/\/yotavis.ch\/fr\/produit\/pcr4000le\/","title":{"rendered":"PCR4000LE"},"content":{"rendered":"<p>Le Kikusui PCR4000LE est un bloc d'alimentation multifonctionnel d'une puissance de 4000 watts. Il dispose d'une sortie unique avec une tension maximale de 300 volts et un courant maximal de 40 amp\u00e8res. L'appareil prend en charge des tensions d'entr\u00e9e CA de 100 V ou 200 V dans une configuration monophas\u00e9e. Il offre une capacit\u00e9 de commande \u00e0 distance, ce qui permet un fonctionnement pratique \u00e0 distance. La fr\u00e9quence maximale support\u00e9e par cette alimentation est de 999 Hz. Ce mod\u00e8le est con\u00e7u pour fournir une puissance de sortie fiable et pr\u00e9cise pour diverses applications n\u00e9cessitant une alimentation CA contr\u00f4l\u00e9e. Ses sp\u00e9cifications le rendent adapt\u00e9 aux t\u00e2ches qui exigent une tension et un courant stables avec des param\u00e8tres de fr\u00e9quence r\u00e9glables.<\/p>","protected":false},"excerpt":{"rendered":"<p>Alimentation AC multifonctionnelle 4 kVA Entr\u00e9e AC monophas\u00e9e 100 V \/ 200 V<\/p>","protected":false},"featured_media":7718,"comment_status":"closed","ping_status":"closed","template":"","meta":{"_acf_changed":false,"slim_seo":{"title":"PCR4000LE - YOTAVIS AG","description":"Alimentation AC multifonctionnelle 4 kVA Entr\u00e9e AC monophas\u00e9e 100 V \/ 200 V"}},"product_brand":[551],"product_cat":[625,515],"product_tag":[],"class_list":{"0":"post-6591","1":"product","2":"type-product","3":"status-publish","4":"has-post-thumbnail","6":"product_brand-kikusui","7":"product_cat-ac-dc-source-en","8":"product_cat-power-en","9":"pa_current-a-550","10":"pa_max-frequency-hz-1021","11":"pa_output-number-146","12":"pa_power-w-611","13":"pa_remote-control-yes","14":"pa_voltage-v-624","16":"first","17":"instock","18":"taxable","19":"shipping-taxable","20":"purchasable","21":"product-type-simple"},"acf":[],"_links":{"self":[{"href":"https:\/\/yotavis.ch\/fr\/wp-json\/wp\/v2\/product\/6591","targetHints":{"allow":["GET"]}}],"collection":[{"href":"https:\/\/yotavis.ch\/fr\/wp-json\/wp\/v2\/product"}],"about":[{"href":"https:\/\/yotavis.ch\/fr\/wp-json\/wp\/v2\/types\/product"}],"replies":[{"embeddable":true,"href":"https:\/\/yotavis.ch\/fr\/wp-json\/wp\/v2\/comments?post=6591"}],"wp:featuredmedia":[{"embeddable":true,"href":"https:\/\/yotavis.ch\/fr\/wp-json\/wp\/v2\/media\/7718"}],"wp:attachment":[{"href":"https:\/\/yotavis.ch\/fr\/wp-json\/wp\/v2\/media?parent=6591"}],"wp:term":[{"taxonomy":"product_brand","embeddable":true,"href":"https:\/\/yotavis.ch\/fr\/wp-json\/wp\/v2\/product_brand?post=6591"},{"taxonomy":"product_cat","embeddable":true,"href":"https:\/\/yotavis.ch\/fr\/wp-json\/wp\/v2\/product_cat?post=6591"},{"taxonomy":"product_tag","embeddable":true,"href":"https:\/\/yotavis.ch\/fr\/wp-json\/wp\/v2\/product_tag?post=6591"}],"curies":[{"name":"wp","href":"https:\/\/api.w.org\/{rel}","templated":true}]}}