{"id":6592,"date":"2025-10-09T00:00:00","date_gmt":"2025-10-08T22:00:00","guid":{"rendered":"https:\/\/yotavis.ch\/product\/pcr6000le\/"},"modified":"2026-04-24T13:34:06","modified_gmt":"2026-04-24T11:34:06","slug":"pcr6000le","status":"publish","type":"product","link":"https:\/\/yotavis.ch\/fr\/produit\/pcr6000le\/","title":{"rendered":"PCR6000LE"},"content":{"rendered":"<p>Le Kikusui PCR6000LE est un bloc d'alimentation multifonctionnel \u00e0 courant alternatif d'une capacit\u00e9 de 6000 watts. Il dispose d'une entr\u00e9e CA monophas\u00e9e compatible avec 100 V ou 200 V. L'appareil fournit une tension de sortie de 300 volts et un courant maximum de 60 amp\u00e8res par l'interm\u00e9diaire d'un seul canal de sortie. Il est dot\u00e9 d'une fonction de commande \u00e0 distance, ce qui permet de l'utiliser facilement \u00e0 distance. La fr\u00e9quence maximale qu'il peut g\u00e9rer est de 999 Hz, ce qui le rend adapt\u00e9 \u00e0 diverses applications n\u00e9cessitant un contr\u00f4le pr\u00e9cis de la fr\u00e9quence. Cette alimentation est con\u00e7ue pour fournir une puissance de sortie fiable et stable avec les param\u00e8tres \u00e9lectriques sp\u00e9cifi\u00e9s. Sa combinaison de capacit\u00e9s de tension, de courant et de fr\u00e9quence en fait un outil polyvalent pour tester et alimenter les appareils \u00e0 courant alternatif.<\/p>","protected":false},"excerpt":{"rendered":"<p>Alimentation AC multifonctionnelle 6 kVA Entr\u00e9e AC monophas\u00e9e 100 V \/ 200 V<\/p>","protected":false},"featured_media":7716,"comment_status":"closed","ping_status":"closed","template":"","meta":{"_acf_changed":false,"slim_seo":{"title":"PCR6000LE - YOTAVIS AG","description":"Alimentation AC multifonctionnelle 6 kVA Entr\u00e9e AC monophas\u00e9e 100 V \/ 200 V"}},"product_brand":[551],"product_cat":[625,515],"product_tag":[],"class_list":{"0":"post-6592","1":"product","2":"type-product","3":"status-publish","4":"has-post-thumbnail","6":"product_brand-kikusui","7":"product_cat-ac-dc-source-en","8":"product_cat-power-en","9":"pa_current-a-406","10":"pa_max-frequency-hz-1021","11":"pa_output-number-146","12":"pa_power-w-626","13":"pa_remote-control-yes","14":"pa_voltage-v-624","16":"first","17":"instock","18":"taxable","19":"shipping-taxable","20":"purchasable","21":"product-type-simple"},"acf":[],"_links":{"self":[{"href":"https:\/\/yotavis.ch\/fr\/wp-json\/wp\/v2\/product\/6592","targetHints":{"allow":["GET"]}}],"collection":[{"href":"https:\/\/yotavis.ch\/fr\/wp-json\/wp\/v2\/product"}],"about":[{"href":"https:\/\/yotavis.ch\/fr\/wp-json\/wp\/v2\/types\/product"}],"replies":[{"embeddable":true,"href":"https:\/\/yotavis.ch\/fr\/wp-json\/wp\/v2\/comments?post=6592"}],"wp:featuredmedia":[{"embeddable":true,"href":"https:\/\/yotavis.ch\/fr\/wp-json\/wp\/v2\/media\/7716"}],"wp:attachment":[{"href":"https:\/\/yotavis.ch\/fr\/wp-json\/wp\/v2\/media?parent=6592"}],"wp:term":[{"taxonomy":"product_brand","embeddable":true,"href":"https:\/\/yotavis.ch\/fr\/wp-json\/wp\/v2\/product_brand?post=6592"},{"taxonomy":"product_cat","embeddable":true,"href":"https:\/\/yotavis.ch\/fr\/wp-json\/wp\/v2\/product_cat?post=6592"},{"taxonomy":"product_tag","embeddable":true,"href":"https:\/\/yotavis.ch\/fr\/wp-json\/wp\/v2\/product_tag?post=6592"}],"curies":[{"name":"wp","href":"https:\/\/api.w.org\/{rel}","templated":true}]}}