{"id":6593,"date":"2025-10-09T00:00:00","date_gmt":"2025-10-08T22:00:00","guid":{"rendered":"https:\/\/yotavis.ch\/product\/pcr6000le-3p3w200v\/"},"modified":"2026-04-24T13:34:06","modified_gmt":"2026-04-24T11:34:06","slug":"pcr6000le-3p3w200v","status":"publish","type":"product","link":"https:\/\/yotavis.ch\/fr\/produit\/pcr6000le-3p3w200v\/","title":{"rendered":"PCR6000LE 3P3W200V"},"content":{"rendered":"<p>Le PCR6000LE 3P3W200V de Kikusui est un bloc d'alimentation multifonctionnel \u00e0 courant alternatif d'une capacit\u00e9 de 6000 watts. Il fonctionne avec une entr\u00e9e CA triphas\u00e9e et 3 fils \u00e0 200 volts, d\u00e9livrant une tension de sortie de 300 volts et un courant de 60 amp\u00e8res. Ce mod\u00e8le est dot\u00e9 d'un seul num\u00e9ro de sortie et d'une fonction de t\u00e9l\u00e9commande, ce qui permet de l'utiliser \u00e0 distance. L'appareil est capable de traiter des fr\u00e9quences allant jusqu'\u00e0 999 Hz, ce qui le rend adapt\u00e9 \u00e0 diverses applications n\u00e9cessitant un contr\u00f4le pr\u00e9cis de la fr\u00e9quence. Sa conception robuste garantit des performances fiables dans des environnements exigeants o\u00f9 la stabilit\u00e9 de l'alimentation est essentielle. La combinaison d'une puissance de sortie \u00e9lev\u00e9e et d'options de contr\u00f4le avanc\u00e9es fait de cette alimentation un outil polyvalent pour l'industrie et les laboratoires.<\/p>","protected":false},"excerpt":{"rendered":"<p>Alimentation AC multifonctionnelle 6 kVA Entr\u00e9e AC triphas\u00e9e \/ 3 fils 200 V<\/p>","protected":false},"featured_media":7716,"comment_status":"closed","ping_status":"closed","template":"","meta":{"_acf_changed":false,"slim_seo":{"title":"PCR6000LE 3P3W200V - YOTAVIS AG","description":"Alimentation AC multifonctionnelle 6 kVA Entr\u00e9e AC triphas\u00e9e \/ 3 fils 200 V"}},"product_brand":[551],"product_cat":[625,515],"product_tag":[],"class_list":{"0":"post-6593","1":"product","2":"type-product","3":"status-publish","4":"has-post-thumbnail","6":"product_brand-kikusui","7":"product_cat-ac-dc-source-en","8":"product_cat-power-en","9":"pa_current-a-406","10":"pa_max-frequency-hz-1021","11":"pa_output-number-146","12":"pa_power-w-626","13":"pa_remote-control-yes","14":"pa_voltage-v-624","16":"first","17":"instock","18":"taxable","19":"shipping-taxable","20":"purchasable","21":"product-type-simple"},"acf":[],"_links":{"self":[{"href":"https:\/\/yotavis.ch\/fr\/wp-json\/wp\/v2\/product\/6593","targetHints":{"allow":["GET"]}}],"collection":[{"href":"https:\/\/yotavis.ch\/fr\/wp-json\/wp\/v2\/product"}],"about":[{"href":"https:\/\/yotavis.ch\/fr\/wp-json\/wp\/v2\/types\/product"}],"replies":[{"embeddable":true,"href":"https:\/\/yotavis.ch\/fr\/wp-json\/wp\/v2\/comments?post=6593"}],"wp:featuredmedia":[{"embeddable":true,"href":"https:\/\/yotavis.ch\/fr\/wp-json\/wp\/v2\/media\/7716"}],"wp:attachment":[{"href":"https:\/\/yotavis.ch\/fr\/wp-json\/wp\/v2\/media?parent=6593"}],"wp:term":[{"taxonomy":"product_brand","embeddable":true,"href":"https:\/\/yotavis.ch\/fr\/wp-json\/wp\/v2\/product_brand?post=6593"},{"taxonomy":"product_cat","embeddable":true,"href":"https:\/\/yotavis.ch\/fr\/wp-json\/wp\/v2\/product_cat?post=6593"},{"taxonomy":"product_tag","embeddable":true,"href":"https:\/\/yotavis.ch\/fr\/wp-json\/wp\/v2\/product_tag?post=6593"}],"curies":[{"name":"wp","href":"https:\/\/api.w.org\/{rel}","templated":true}]}}