{"id":6594,"date":"2025-10-09T00:00:00","date_gmt":"2025-10-08T22:00:00","guid":{"rendered":"https:\/\/yotavis.ch\/product\/pcr6000le-3p4w400v\/"},"modified":"2026-04-24T13:34:07","modified_gmt":"2026-04-24T11:34:07","slug":"pcr6000le-3p4w400v","status":"publish","type":"product","link":"https:\/\/yotavis.ch\/fr\/produit\/pcr6000le-3p4w400v\/","title":{"rendered":"PCR6000LE 3P4W400V"},"content":{"rendered":"<p>Le Kikusui PCR6000LE 3P4W400V est un bloc d'alimentation CA multifonctionnel d'une capacit\u00e9 de 6000 watts. Il fonctionne avec une entr\u00e9e CA triphas\u00e9e et 4 fils \u00e0 400 volts. L'appareil fournit une tension de sortie de 300 volts et un courant de 60 amp\u00e8res. Il est dot\u00e9 d'un num\u00e9ro de sortie unique et prend en charge la fonctionnalit\u00e9 de commande \u00e0 distance. La fr\u00e9quence maximale qu'il peut g\u00e9rer est de 999 Hz. Cette alimentation est con\u00e7ue pour r\u00e9pondre \u00e0 diverses exigences en mati\u00e8re d'alimentation gr\u00e2ce \u00e0 ses sp\u00e9cifications robustes et \u00e0 ses options de contr\u00f4le.<\/p>","protected":false},"excerpt":{"rendered":"<p>Alimentation AC multifonctionnelle 6 kVA Entr\u00e9e AC triphas\u00e9e \/ 4 fils 400 V<\/p>","protected":false},"featured_media":7716,"comment_status":"closed","ping_status":"closed","template":"","meta":{"_acf_changed":false,"slim_seo":{"title":"PCR6000LE 3P4W400V - YOTAVIS AG","description":"Alimentation AC multifonctionnelle 6 kVA Entr\u00e9e AC triphas\u00e9e \/ 4 fils 400 V"}},"product_brand":[551],"product_cat":[625,515],"product_tag":[],"class_list":{"0":"post-6594","1":"product","2":"type-product","3":"status-publish","4":"has-post-thumbnail","6":"product_brand-kikusui","7":"product_cat-ac-dc-source-en","8":"product_cat-power-en","9":"pa_current-a-406","10":"pa_max-frequency-hz-1021","11":"pa_output-number-146","12":"pa_power-w-626","13":"pa_remote-control-yes","14":"pa_voltage-v-624","16":"first","17":"instock","18":"taxable","19":"shipping-taxable","20":"purchasable","21":"product-type-simple"},"acf":[],"_links":{"self":[{"href":"https:\/\/yotavis.ch\/fr\/wp-json\/wp\/v2\/product\/6594","targetHints":{"allow":["GET"]}}],"collection":[{"href":"https:\/\/yotavis.ch\/fr\/wp-json\/wp\/v2\/product"}],"about":[{"href":"https:\/\/yotavis.ch\/fr\/wp-json\/wp\/v2\/types\/product"}],"replies":[{"embeddable":true,"href":"https:\/\/yotavis.ch\/fr\/wp-json\/wp\/v2\/comments?post=6594"}],"wp:featuredmedia":[{"embeddable":true,"href":"https:\/\/yotavis.ch\/fr\/wp-json\/wp\/v2\/media\/7716"}],"wp:attachment":[{"href":"https:\/\/yotavis.ch\/fr\/wp-json\/wp\/v2\/media?parent=6594"}],"wp:term":[{"taxonomy":"product_brand","embeddable":true,"href":"https:\/\/yotavis.ch\/fr\/wp-json\/wp\/v2\/product_brand?post=6594"},{"taxonomy":"product_cat","embeddable":true,"href":"https:\/\/yotavis.ch\/fr\/wp-json\/wp\/v2\/product_cat?post=6594"},{"taxonomy":"product_tag","embeddable":true,"href":"https:\/\/yotavis.ch\/fr\/wp-json\/wp\/v2\/product_tag?post=6594"}],"curies":[{"name":"wp","href":"https:\/\/api.w.org\/{rel}","templated":true}]}}