{"id":6596,"date":"2025-10-09T00:00:00","date_gmt":"2025-10-08T22:00:00","guid":{"rendered":"https:\/\/yotavis.ch\/product\/pcr9000le-3p4w400v\/"},"modified":"2026-04-24T13:34:07","modified_gmt":"2026-04-24T11:34:07","slug":"pcr9000le-3p4w400v","status":"publish","type":"product","link":"https:\/\/yotavis.ch\/fr\/produit\/pcr9000le-3p4w400v\/","title":{"rendered":"PCR9000LE 3P4W400V"},"content":{"rendered":"<p>Le PCR9000LE 3P4W400V de Kikusui est un bloc d'alimentation CA multifonctionnel d'une capacit\u00e9 de 9 kVA. Il fonctionne avec une entr\u00e9e CA triphas\u00e9e et 4 fils \u00e0 400 V. L'appareil d\u00e9livre une tension de sortie de 300 V et un courant de 90 A par le biais d'un seul canal de sortie. Il est dot\u00e9 d'une fonction de commande \u00e0 distance, ce qui permet de l'utiliser facilement \u00e0 distance. La fr\u00e9quence maximale qu'il peut g\u00e9rer est de 999 Hz, ce qui le rend adapt\u00e9 \u00e0 diverses applications n\u00e9cessitant un contr\u00f4le pr\u00e9cis de la fr\u00e9quence. Cette alimentation est con\u00e7ue pour fournir une puissance de sortie fiable et stable dans des environnements \u00e9lectriques exigeants.<\/p>","protected":false},"excerpt":{"rendered":"<p>Alimentation AC multifonctionnelle 9 kVA Entr\u00e9e AC triphas\u00e9e \/ 4 fils 400 V<\/p>","protected":false},"featured_media":7714,"comment_status":"closed","ping_status":"closed","template":"","meta":{"_acf_changed":false,"slim_seo":{"title":"PCR9000LE 3P4W400V - YOTAVIS AG","description":"Alimentation AC multifonctionnelle 9 kVA Entr\u00e9e AC triphas\u00e9e \/ 4 fils 400 V"}},"product_brand":[551],"product_cat":[625,515],"product_tag":[],"class_list":{"0":"post-6596","1":"product","2":"type-product","3":"status-publish","4":"has-post-thumbnail","6":"product_brand-kikusui","7":"product_cat-ac-dc-source-en","8":"product_cat-power-en","9":"pa_current-a-408","10":"pa_max-frequency-hz-1021","11":"pa_output-number-146","12":"pa_power-w-627","13":"pa_remote-control-yes","14":"pa_voltage-v-624","16":"first","17":"instock","18":"taxable","19":"shipping-taxable","20":"purchasable","21":"product-type-simple"},"acf":[],"_links":{"self":[{"href":"https:\/\/yotavis.ch\/fr\/wp-json\/wp\/v2\/product\/6596","targetHints":{"allow":["GET"]}}],"collection":[{"href":"https:\/\/yotavis.ch\/fr\/wp-json\/wp\/v2\/product"}],"about":[{"href":"https:\/\/yotavis.ch\/fr\/wp-json\/wp\/v2\/types\/product"}],"replies":[{"embeddable":true,"href":"https:\/\/yotavis.ch\/fr\/wp-json\/wp\/v2\/comments?post=6596"}],"wp:featuredmedia":[{"embeddable":true,"href":"https:\/\/yotavis.ch\/fr\/wp-json\/wp\/v2\/media\/7714"}],"wp:attachment":[{"href":"https:\/\/yotavis.ch\/fr\/wp-json\/wp\/v2\/media?parent=6596"}],"wp:term":[{"taxonomy":"product_brand","embeddable":true,"href":"https:\/\/yotavis.ch\/fr\/wp-json\/wp\/v2\/product_brand?post=6596"},{"taxonomy":"product_cat","embeddable":true,"href":"https:\/\/yotavis.ch\/fr\/wp-json\/wp\/v2\/product_cat?post=6596"},{"taxonomy":"product_tag","embeddable":true,"href":"https:\/\/yotavis.ch\/fr\/wp-json\/wp\/v2\/product_tag?post=6596"}],"curies":[{"name":"wp","href":"https:\/\/api.w.org\/{rel}","templated":true}]}}