{"id":6619,"date":"2025-10-09T00:00:00","date_gmt":"2025-10-08T22:00:00","guid":{"rendered":"https:\/\/yotavis.ch\/product\/pcr2000wea\/"},"modified":"2026-04-24T13:34:17","modified_gmt":"2026-04-24T11:34:17","slug":"pcr2000wea","status":"publish","type":"product","link":"https:\/\/yotavis.ch\/fr\/produit\/pcr2000wea\/","title":{"rendered":"PCR2000WEA"},"content":{"rendered":"<p>Le Kikusui PCR2000WEA est une alimentation AC\/DC ultra-compacte d'une puissance de 2000 watts. Elle fonctionne \u00e0 une tension de 320 volts et d\u00e9livre un courant de 20 amp\u00e8res \u00e0 travers un seul canal de sortie. Cette alimentation prend en charge la fonctionnalit\u00e9 de commande \u00e0 distance, ce qui permet un fonctionnement pratique \u00e0 distance. Elle est capable de g\u00e9rer des fr\u00e9quences allant jusqu'\u00e0 un maximum de 5000 hertz. Con\u00e7ue pour les applications n\u00e9cessitant une alimentation fiable et pr\u00e9cise, l'alimentation PCR2000WEA allie une capacit\u00e9 de puissance \u00e9lev\u00e9e \u00e0 une conception compacte. Ses sp\u00e9cifications le rendent adapt\u00e9 \u00e0 divers environnements de test et d'exploitation o\u00f9 une alimentation contr\u00f4l\u00e9e est essentielle. Le canal de sortie unique de l'appareil simplifie l'int\u00e9gration dans les syst\u00e8mes existants tout en maintenant les normes de performance.<\/p>","protected":false},"excerpt":{"rendered":"<p>Alimentation AC\/DC ultra compacte 2kVA<\/p>","protected":false},"featured_media":7732,"comment_status":"closed","ping_status":"closed","template":"","meta":{"_acf_changed":false,"slim_seo":{"title":"PCR2000WEA - YOTAVIS AG","description":"Alimentation AC\/DC ultra compacte 2kVA"}},"product_brand":[551],"product_cat":[625,515],"product_tag":[],"class_list":{"0":"post-6619","1":"product","2":"type-product","3":"status-publish","4":"has-post-thumbnail","6":"product_brand-kikusui","7":"product_cat-ac-dc-source-en","8":"product_cat-power-en","9":"pa_current-a-552","10":"pa_max-frequency-hz-1022","11":"pa_output-number-146","12":"pa_power-w-561","13":"pa_remote-control-yes","14":"pa_voltage-v-575","16":"first","17":"instock","18":"taxable","19":"shipping-taxable","20":"purchasable","21":"product-type-simple"},"acf":[],"_links":{"self":[{"href":"https:\/\/yotavis.ch\/fr\/wp-json\/wp\/v2\/product\/6619","targetHints":{"allow":["GET"]}}],"collection":[{"href":"https:\/\/yotavis.ch\/fr\/wp-json\/wp\/v2\/product"}],"about":[{"href":"https:\/\/yotavis.ch\/fr\/wp-json\/wp\/v2\/types\/product"}],"replies":[{"embeddable":true,"href":"https:\/\/yotavis.ch\/fr\/wp-json\/wp\/v2\/comments?post=6619"}],"wp:featuredmedia":[{"embeddable":true,"href":"https:\/\/yotavis.ch\/fr\/wp-json\/wp\/v2\/media\/7732"}],"wp:attachment":[{"href":"https:\/\/yotavis.ch\/fr\/wp-json\/wp\/v2\/media?parent=6619"}],"wp:term":[{"taxonomy":"product_brand","embeddable":true,"href":"https:\/\/yotavis.ch\/fr\/wp-json\/wp\/v2\/product_brand?post=6619"},{"taxonomy":"product_cat","embeddable":true,"href":"https:\/\/yotavis.ch\/fr\/wp-json\/wp\/v2\/product_cat?post=6619"},{"taxonomy":"product_tag","embeddable":true,"href":"https:\/\/yotavis.ch\/fr\/wp-json\/wp\/v2\/product_tag?post=6619"}],"curies":[{"name":"wp","href":"https:\/\/api.w.org\/{rel}","templated":true}]}}