{"id":6620,"date":"2025-10-09T00:00:00","date_gmt":"2025-10-08T22:00:00","guid":{"rendered":"https:\/\/yotavis.ch\/product\/pcr3000wea2\/"},"modified":"2026-04-24T13:34:19","modified_gmt":"2026-04-24T11:34:19","slug":"pcr3000wea2","status":"publish","type":"product","link":"https:\/\/yotavis.ch\/fr\/produit\/pcr3000wea2\/","title":{"rendered":"PCR3000WEA2"},"content":{"rendered":"<p>Le Kikusui PCR3000WEA2 est une alimentation AC\/DC ultra-compacte d'une puissance de 3000 watts. Elle fonctionne \u00e0 une tension de 320 volts et \u00e0 un courant de 30 amp\u00e8res, fournissant un seul canal de sortie. Ce bloc d'alimentation est dot\u00e9 d'une fonction de t\u00e9l\u00e9commande, ce qui permet de l'utiliser \u00e0 distance. Elle pr\u00e9sente une fr\u00e9quence maximale de 5000 hertz, ce qui la rend adapt\u00e9e aux applications n\u00e9cessitant une alimentation \u00e0 haute fr\u00e9quence. La conception met l'accent sur la compacit\u00e9 tout en maintenant des sp\u00e9cifications de performance robustes. Le canal de sortie unique simplifie l'int\u00e9gration dans divers syst\u00e8mes. Ce mod\u00e8le est con\u00e7u pour fournir une puissance fiable dans un format compact.<\/p>","protected":false},"excerpt":{"rendered":"<p>Alimentation AC\/DC ultra compacte 3kVA<\/p>","protected":false},"featured_media":7732,"comment_status":"closed","ping_status":"closed","template":"","meta":{"_acf_changed":false,"slim_seo":{"title":"PCR3000WEA2 - YOTAVIS AG","description":"Alimentation AC\/DC ultra compacte 3kVA"}},"product_brand":[551],"product_cat":[625,515],"product_tag":[],"class_list":{"0":"post-6620","1":"product","2":"type-product","3":"status-publish","4":"has-post-thumbnail","6":"product_brand-kikusui","7":"product_cat-ac-dc-source-en","8":"product_cat-power-en","9":"pa_current-a-404","10":"pa_max-frequency-hz-1022","11":"pa_output-number-146","12":"pa_power-w-632","13":"pa_remote-control-yes","14":"pa_voltage-v-575","16":"first","17":"instock","18":"taxable","19":"shipping-taxable","20":"purchasable","21":"product-type-simple"},"acf":[],"_links":{"self":[{"href":"https:\/\/yotavis.ch\/fr\/wp-json\/wp\/v2\/product\/6620","targetHints":{"allow":["GET"]}}],"collection":[{"href":"https:\/\/yotavis.ch\/fr\/wp-json\/wp\/v2\/product"}],"about":[{"href":"https:\/\/yotavis.ch\/fr\/wp-json\/wp\/v2\/types\/product"}],"replies":[{"embeddable":true,"href":"https:\/\/yotavis.ch\/fr\/wp-json\/wp\/v2\/comments?post=6620"}],"wp:featuredmedia":[{"embeddable":true,"href":"https:\/\/yotavis.ch\/fr\/wp-json\/wp\/v2\/media\/7732"}],"wp:attachment":[{"href":"https:\/\/yotavis.ch\/fr\/wp-json\/wp\/v2\/media?parent=6620"}],"wp:term":[{"taxonomy":"product_brand","embeddable":true,"href":"https:\/\/yotavis.ch\/fr\/wp-json\/wp\/v2\/product_brand?post=6620"},{"taxonomy":"product_cat","embeddable":true,"href":"https:\/\/yotavis.ch\/fr\/wp-json\/wp\/v2\/product_cat?post=6620"},{"taxonomy":"product_tag","embeddable":true,"href":"https:\/\/yotavis.ch\/fr\/wp-json\/wp\/v2\/product_tag?post=6620"}],"curies":[{"name":"wp","href":"https:\/\/api.w.org\/{rel}","templated":true}]}}