{"id":6621,"date":"2025-10-09T00:00:00","date_gmt":"2025-10-09T00:00:00","guid":{"rendered":"https:\/\/yotavis.ch\/product\/pcr3000wea2-500hz-lmt\/"},"modified":"2025-12-01T12:36:49","modified_gmt":"2025-12-01T11:36:49","slug":"pcr3000wea2-500hz-lmt","status":"publish","type":"product","link":"https:\/\/yotavis.ch\/fr\/produit\/pcr3000wea2-500hz-lmt\/","title":{"rendered":"PCR3000WEA2 (500Hz LMT)"},"content":{"rendered":"<p>Le Kikusui PCR3000WEA2 est une alimentation AC\/DC ultra-compacte d\u00e9livrant 3kVA avec une fr\u00e9quence LMT de 500Hz, con\u00e7ue pour des tests de puissance pr\u00e9cis et fiables. Ce mod\u00e8le offre une sortie stable adapt\u00e9e \u00e0 une vari\u00e9t\u00e9 d'applications, y compris les tests en laboratoire, le d\u00e9veloppement de produits et l'assurance qualit\u00e9 dans la fabrication \u00e9lectronique. Sa conception compacte permet de l'int\u00e9grer facilement dans des espaces de travail limit\u00e9s sans compromettre les performances. Id\u00e9al pour les ing\u00e9nieurs et les techniciens qui ont besoin de sources d'alimentation AC\/DC constantes pour les tests et les \u00e9valuations, le PCR3000WEA2 combine efficacit\u00e9 et polyvalence dans une solution de qualit\u00e9 professionnelle.<\/p>","protected":false},"excerpt":{"rendered":"<p>Alimentation AC\/DC ultra compacte 3kVA<\/p>","protected":false},"featured_media":7732,"comment_status":"closed","ping_status":"closed","template":"","meta":{"_acf_changed":false,"slim_seo":{"title":"PCR3000WEA2 (500Hz LMT) - YOTAVIS AG","description":"Alimentation AC\/DC ultra compacte 3kVA"}},"product_brand":[551],"product_cat":[625,515],"product_tag":[],"class_list":{"0":"post-6621","1":"product","2":"type-product","3":"status-publish","4":"has-post-thumbnail","6":"product_brand-kikusui","7":"product_cat-ac-dc-source-en","8":"product_cat-power-en","9":"pa_current-a-404","10":"pa_output-number-146","11":"pa_power-w-632","12":"pa_remote-control-yes","13":"pa_voltage-v-575","15":"first","16":"instock","17":"taxable","18":"shipping-taxable","19":"purchasable","20":"product-type-simple"},"acf":[],"_links":{"self":[{"href":"https:\/\/yotavis.ch\/fr\/wp-json\/wp\/v2\/product\/6621","targetHints":{"allow":["GET"]}}],"collection":[{"href":"https:\/\/yotavis.ch\/fr\/wp-json\/wp\/v2\/product"}],"about":[{"href":"https:\/\/yotavis.ch\/fr\/wp-json\/wp\/v2\/types\/product"}],"replies":[{"embeddable":true,"href":"https:\/\/yotavis.ch\/fr\/wp-json\/wp\/v2\/comments?post=6621"}],"wp:featuredmedia":[{"embeddable":true,"href":"https:\/\/yotavis.ch\/fr\/wp-json\/wp\/v2\/media\/7732"}],"wp:attachment":[{"href":"https:\/\/yotavis.ch\/fr\/wp-json\/wp\/v2\/media?parent=6621"}],"wp:term":[{"taxonomy":"product_brand","embeddable":true,"href":"https:\/\/yotavis.ch\/fr\/wp-json\/wp\/v2\/product_brand?post=6621"},{"taxonomy":"product_cat","embeddable":true,"href":"https:\/\/yotavis.ch\/fr\/wp-json\/wp\/v2\/product_cat?post=6621"},{"taxonomy":"product_tag","embeddable":true,"href":"https:\/\/yotavis.ch\/fr\/wp-json\/wp\/v2\/product_tag?post=6621"}],"curies":[{"name":"wp","href":"https:\/\/api.w.org\/{rel}","templated":true}]}}