{"id":6624,"date":"2025-10-09T00:00:00","date_gmt":"2025-10-08T22:00:00","guid":{"rendered":"https:\/\/yotavis.ch\/product\/pcr6000wea2-3p4w-400v\/"},"modified":"2026-04-24T13:34:21","modified_gmt":"2026-04-24T11:34:21","slug":"pcr6000wea2-3p4w-400v","status":"publish","type":"product","link":"https:\/\/yotavis.ch\/fr\/produit\/pcr6000wea2-3p4w-400v\/","title":{"rendered":"PCR6000WEA2 3P4W 400V"},"content":{"rendered":"<p>Le PCR6000WEA2 3P4W 400V est une alimentation AC\/DC ultra-compacte d'une puissance nominale de 6000 watts. Elle fonctionne \u00e0 une tension de 320 volts et d\u00e9livre un courant de 60 amp\u00e8res. Ce mod\u00e8le est dot\u00e9 d'une sortie unique et d'une fonction de t\u00e9l\u00e9commande, ce qui permet de l'utiliser \u00e0 distance. L'alimentation est con\u00e7ue pour g\u00e9rer une fr\u00e9quence maximale de 5000 Hz, ce qui la rend adapt\u00e9e \u00e0 diverses applications n\u00e9cessitant un contr\u00f4le pr\u00e9cis de la fr\u00e9quence. Fabriqu\u00e9 par Kikusui, le dispositif est con\u00e7u pour offrir des performances fiables dans des environnements exigeants. Sa configuration triphas\u00e9e \u00e0 quatre fils \u00e0 400 volts garantit la compatibilit\u00e9 avec les syst\u00e8mes d'alimentation industriels standard. Sa conception compacte facilite son int\u00e9gration dans les installations existantes sans occuper un espace excessif.<\/p>","protected":false},"excerpt":{"rendered":"<p>Alimentation AC\/DC ultra compacte 6kVA 3P4W 400V<\/p>","protected":false},"featured_media":7729,"comment_status":"closed","ping_status":"closed","template":"","meta":{"_acf_changed":false,"slim_seo":{"title":"PCR6000WEA2 3P4W 400V - YOTAVIS AG","description":"Alimentation AC\/DC ultra compacte 6kVA 3P4W 400V"}},"product_brand":[551],"product_cat":[625,515],"product_tag":[],"class_list":{"0":"post-6624","1":"product","2":"type-product","3":"status-publish","4":"has-post-thumbnail","6":"product_brand-kikusui","7":"product_cat-ac-dc-source-en","8":"product_cat-power-en","9":"pa_current-a-406","10":"pa_max-frequency-hz-1022","11":"pa_output-number-146","12":"pa_power-w-626","13":"pa_remote-control-yes","14":"pa_voltage-v-575","16":"first","17":"instock","18":"taxable","19":"shipping-taxable","20":"purchasable","21":"product-type-simple"},"acf":[],"_links":{"self":[{"href":"https:\/\/yotavis.ch\/fr\/wp-json\/wp\/v2\/product\/6624","targetHints":{"allow":["GET"]}}],"collection":[{"href":"https:\/\/yotavis.ch\/fr\/wp-json\/wp\/v2\/product"}],"about":[{"href":"https:\/\/yotavis.ch\/fr\/wp-json\/wp\/v2\/types\/product"}],"replies":[{"embeddable":true,"href":"https:\/\/yotavis.ch\/fr\/wp-json\/wp\/v2\/comments?post=6624"}],"wp:featuredmedia":[{"embeddable":true,"href":"https:\/\/yotavis.ch\/fr\/wp-json\/wp\/v2\/media\/7729"}],"wp:attachment":[{"href":"https:\/\/yotavis.ch\/fr\/wp-json\/wp\/v2\/media?parent=6624"}],"wp:term":[{"taxonomy":"product_brand","embeddable":true,"href":"https:\/\/yotavis.ch\/fr\/wp-json\/wp\/v2\/product_brand?post=6624"},{"taxonomy":"product_cat","embeddable":true,"href":"https:\/\/yotavis.ch\/fr\/wp-json\/wp\/v2\/product_cat?post=6624"},{"taxonomy":"product_tag","embeddable":true,"href":"https:\/\/yotavis.ch\/fr\/wp-json\/wp\/v2\/product_tag?post=6624"}],"curies":[{"name":"wp","href":"https:\/\/api.w.org\/{rel}","templated":true}]}}