{"id":6626,"date":"2025-10-09T00:00:00","date_gmt":"2025-10-08T22:00:00","guid":{"rendered":"https:\/\/yotavis.ch\/product\/pcr6000wea2r-3p3w-400v\/"},"modified":"2026-04-24T13:34:22","modified_gmt":"2026-04-24T11:34:22","slug":"pcr6000wea2r-3p3w-400v","status":"publish","type":"product","link":"https:\/\/yotavis.ch\/fr\/produit\/pcr6000wea2r-3p3w-400v\/","title":{"rendered":"PCR6000WEA2R 3P3W 400V"},"content":{"rendered":"<p>Le Kikusui PCR6000WEA2R est un bloc d'alimentation AC\/DC ultra-compact d'une puissance nominale de 6000 watts. Elle fonctionne \u00e0 une tension de 320 volts et d\u00e9livre un courant de 60 amp\u00e8res. Ce mod\u00e8le est dot\u00e9 d'une sortie unique et prend en charge une configuration triphas\u00e9e et trifilaire de 400 volts. Il est con\u00e7u pour traiter des fr\u00e9quences allant jusqu'\u00e0 5000 Hz, ce qui le rend adapt\u00e9 \u00e0 une gamme d'applications n\u00e9cessitant une alimentation \u00e0 fr\u00e9quence variable. L'unit\u00e9 est dot\u00e9e d'une fonction de commande \u00e0 distance, ce qui facilite son utilisation et son int\u00e9gration dans des syst\u00e8mes automatis\u00e9s. Sa conception compacte permet de l'installer dans des environnements o\u00f9 l'espace est limit\u00e9, tout en fournissant une puissance de sortie robuste. Cette alimentation est con\u00e7ue pour r\u00e9pondre aux exigences des environnements industriels et de laboratoire o\u00f9 une alimentation pr\u00e9cise et fiable est essentielle.<\/p>","protected":false},"excerpt":{"rendered":"<p>Alimentation AC\/DC ultra compacte 6kVA 3P3W 400V<\/p>","protected":false},"featured_media":7729,"comment_status":"closed","ping_status":"closed","template":"","meta":{"_acf_changed":false,"slim_seo":{"title":"PCR6000WEA2R 3P3W 400V - YOTAVIS AG","description":"Alimentation AC\/DC ultra compacte 6kVA 3P3W 400V"}},"product_brand":[551],"product_cat":[625,515],"product_tag":[],"class_list":{"0":"post-6626","1":"product","2":"type-product","3":"status-publish","4":"has-post-thumbnail","6":"product_brand-kikusui","7":"product_cat-ac-dc-source-en","8":"product_cat-power-en","9":"pa_current-a-406","10":"pa_max-frequency-hz-1022","11":"pa_output-number-146","12":"pa_power-w-626","13":"pa_remote-control-yes","14":"pa_voltage-v-575","16":"first","17":"instock","18":"taxable","19":"shipping-taxable","20":"purchasable","21":"product-type-simple"},"acf":[],"_links":{"self":[{"href":"https:\/\/yotavis.ch\/fr\/wp-json\/wp\/v2\/product\/6626","targetHints":{"allow":["GET"]}}],"collection":[{"href":"https:\/\/yotavis.ch\/fr\/wp-json\/wp\/v2\/product"}],"about":[{"href":"https:\/\/yotavis.ch\/fr\/wp-json\/wp\/v2\/types\/product"}],"replies":[{"embeddable":true,"href":"https:\/\/yotavis.ch\/fr\/wp-json\/wp\/v2\/comments?post=6626"}],"wp:featuredmedia":[{"embeddable":true,"href":"https:\/\/yotavis.ch\/fr\/wp-json\/wp\/v2\/media\/7729"}],"wp:attachment":[{"href":"https:\/\/yotavis.ch\/fr\/wp-json\/wp\/v2\/media?parent=6626"}],"wp:term":[{"taxonomy":"product_brand","embeddable":true,"href":"https:\/\/yotavis.ch\/fr\/wp-json\/wp\/v2\/product_brand?post=6626"},{"taxonomy":"product_cat","embeddable":true,"href":"https:\/\/yotavis.ch\/fr\/wp-json\/wp\/v2\/product_cat?post=6626"},{"taxonomy":"product_tag","embeddable":true,"href":"https:\/\/yotavis.ch\/fr\/wp-json\/wp\/v2\/product_tag?post=6626"}],"curies":[{"name":"wp","href":"https:\/\/api.w.org\/{rel}","templated":true}]}}