{"id":6628,"date":"2025-10-09T00:00:00","date_gmt":"2025-10-08T22:00:00","guid":{"rendered":"https:\/\/yotavis.ch\/product\/pcr12000wea2r-3p3w-200v\/"},"modified":"2026-04-24T13:34:23","modified_gmt":"2026-04-24T11:34:23","slug":"pcr12000wea2r-3p3w-200v","status":"publish","type":"product","link":"https:\/\/yotavis.ch\/fr\/produit\/pcr12000wea2r-3p3w-200v\/","title":{"rendered":"PCR12000WEA2R 3P3W 200V"},"content":{"rendered":"<p>Le PCR12000WEA2R 3P3W 200V est une alimentation AC\/DC ultra-compacte d'une puissance nominale de 12 000 watts. Elle fonctionne \u00e0 une tension de 320 volts et peut d\u00e9livrer un courant allant jusqu'\u00e0 120 amp\u00e8res. Ce mod\u00e8le est dot\u00e9 d'une sortie unique et d'une fonction de t\u00e9l\u00e9commande, ce qui permet de l'utiliser facilement \u00e0 distance. La fr\u00e9quence maximale qu'il peut g\u00e9rer est de 5 000 Hz, ce qui le rend adapt\u00e9 aux applications n\u00e9cessitant une alimentation \u00e0 haute fr\u00e9quence. Fabriqu\u00e9e par Kikusui, cette alimentation est con\u00e7ue pour les syst\u00e8mes triphas\u00e9s \u00e0 trois fils (3P3W) fonctionnant \u00e0 200 volts. Sa conception compacte lui permet de s'int\u00e9grer dans des espaces limit\u00e9s tout en offrant une puissance de sortie \u00e9lev\u00e9e. La combinaison d'une puissance, d'une tension et d'un courant nominaux \u00e9lev\u00e9s la rend adapt\u00e9e aux environnements industriels et de laboratoire exigeants o\u00f9 une alimentation pr\u00e9cise et fiable est essentielle.<\/p>","protected":false},"excerpt":{"rendered":"<p>Alimentation AC\/DC ultra compacte 12kVA 3P3W 200V<\/p>","protected":false},"featured_media":7726,"comment_status":"closed","ping_status":"closed","template":"","meta":{"_acf_changed":false,"slim_seo":{"title":"PCR12000WEA2R 3P3W 200V - YOTAVIS AG","description":"Alimentation AC\/DC ultra compacte 12kVA 3P3W 200V"}},"product_brand":[551],"product_cat":[625,515],"product_tag":[],"class_list":{"0":"post-6628","1":"product","2":"type-product","3":"status-publish","4":"has-post-thumbnail","6":"product_brand-kikusui","7":"product_cat-ac-dc-source-en","8":"product_cat-power-en","9":"pa_current-a-559","10":"pa_max-frequency-hz-1022","11":"pa_output-number-146","12":"pa_power-w-628","13":"pa_remote-control-yes","14":"pa_voltage-v-575","16":"first","17":"instock","18":"taxable","19":"shipping-taxable","20":"purchasable","21":"product-type-simple"},"acf":[],"_links":{"self":[{"href":"https:\/\/yotavis.ch\/fr\/wp-json\/wp\/v2\/product\/6628","targetHints":{"allow":["GET"]}}],"collection":[{"href":"https:\/\/yotavis.ch\/fr\/wp-json\/wp\/v2\/product"}],"about":[{"href":"https:\/\/yotavis.ch\/fr\/wp-json\/wp\/v2\/types\/product"}],"replies":[{"embeddable":true,"href":"https:\/\/yotavis.ch\/fr\/wp-json\/wp\/v2\/comments?post=6628"}],"wp:featuredmedia":[{"embeddable":true,"href":"https:\/\/yotavis.ch\/fr\/wp-json\/wp\/v2\/media\/7726"}],"wp:attachment":[{"href":"https:\/\/yotavis.ch\/fr\/wp-json\/wp\/v2\/media?parent=6628"}],"wp:term":[{"taxonomy":"product_brand","embeddable":true,"href":"https:\/\/yotavis.ch\/fr\/wp-json\/wp\/v2\/product_brand?post=6628"},{"taxonomy":"product_cat","embeddable":true,"href":"https:\/\/yotavis.ch\/fr\/wp-json\/wp\/v2\/product_cat?post=6628"},{"taxonomy":"product_tag","embeddable":true,"href":"https:\/\/yotavis.ch\/fr\/wp-json\/wp\/v2\/product_tag?post=6628"}],"curies":[{"name":"wp","href":"https:\/\/api.w.org\/{rel}","templated":true}]}}