{"id":6630,"date":"2025-10-09T00:00:00","date_gmt":"2025-10-08T22:00:00","guid":{"rendered":"https:\/\/yotavis.ch\/product\/pcr12000wea2-3p4w-400v\/"},"modified":"2026-04-24T13:34:24","modified_gmt":"2026-04-24T11:34:24","slug":"pcr12000wea2-3p4w-400v","status":"publish","type":"product","link":"https:\/\/yotavis.ch\/fr\/produit\/pcr12000wea2-3p4w-400v\/","title":{"rendered":"PCR12000WEA2 3P4W 400V"},"content":{"rendered":"<p>Le Kikusui PCR12000WEA2 est un bloc d'alimentation AC\/DC ultra-compact d'une puissance nominale de 12 000 watts. Il fonctionne sur un syst\u00e8me triphas\u00e9 \u00e0 4 fils de 400 V et d\u00e9livre une tension de sortie de 320 V avec un courant maximum de 120 amp\u00e8res. Ce mod\u00e8le est dot\u00e9 d'un num\u00e9ro de sortie unique et d'une fonction de t\u00e9l\u00e9commande, ce qui permet de l'utiliser facilement \u00e0 distance. L'alimentation est capable de fonctionner \u00e0 une fr\u00e9quence maximale de 5000 Hz, ce qui la rend adapt\u00e9e aux applications n\u00e9cessitant une commande \u00e0 fr\u00e9quence variable. Sa conception compacte garantit une utilisation efficace de l'espace tout en offrant une puissance de sortie \u00e9lev\u00e9e. L'appareil est con\u00e7u pour r\u00e9pondre aux besoins d'alimentation exigeants avec un contr\u00f4le pr\u00e9cis de la tension et du courant.<\/p>","protected":false},"excerpt":{"rendered":"<p>Alimentation AC\/DC ultra compacte 12kVA 3P4W 400V<\/p>","protected":false},"featured_media":7726,"comment_status":"closed","ping_status":"closed","template":"","meta":{"_acf_changed":false,"slim_seo":{"title":"PCR12000WEA2 3P4W 400V - YOTAVIS AG","description":"Alimentation AC\/DC ultra compacte 12kVA 3P4W 400V"}},"product_brand":[551],"product_cat":[625,515],"product_tag":[],"class_list":{"0":"post-6630","1":"product","2":"type-product","3":"status-publish","4":"has-post-thumbnail","6":"product_brand-kikusui","7":"product_cat-ac-dc-source-en","8":"product_cat-power-en","9":"pa_current-a-559","10":"pa_max-frequency-hz-1022","11":"pa_output-number-146","12":"pa_power-w-628","13":"pa_remote-control-yes","14":"pa_voltage-v-575","16":"first","17":"instock","18":"taxable","19":"shipping-taxable","20":"purchasable","21":"product-type-simple"},"acf":[],"_links":{"self":[{"href":"https:\/\/yotavis.ch\/fr\/wp-json\/wp\/v2\/product\/6630","targetHints":{"allow":["GET"]}}],"collection":[{"href":"https:\/\/yotavis.ch\/fr\/wp-json\/wp\/v2\/product"}],"about":[{"href":"https:\/\/yotavis.ch\/fr\/wp-json\/wp\/v2\/types\/product"}],"replies":[{"embeddable":true,"href":"https:\/\/yotavis.ch\/fr\/wp-json\/wp\/v2\/comments?post=6630"}],"wp:featuredmedia":[{"embeddable":true,"href":"https:\/\/yotavis.ch\/fr\/wp-json\/wp\/v2\/media\/7726"}],"wp:attachment":[{"href":"https:\/\/yotavis.ch\/fr\/wp-json\/wp\/v2\/media?parent=6630"}],"wp:term":[{"taxonomy":"product_brand","embeddable":true,"href":"https:\/\/yotavis.ch\/fr\/wp-json\/wp\/v2\/product_brand?post=6630"},{"taxonomy":"product_cat","embeddable":true,"href":"https:\/\/yotavis.ch\/fr\/wp-json\/wp\/v2\/product_cat?post=6630"},{"taxonomy":"product_tag","embeddable":true,"href":"https:\/\/yotavis.ch\/fr\/wp-json\/wp\/v2\/product_tag?post=6630"}],"curies":[{"name":"wp","href":"https:\/\/api.w.org\/{rel}","templated":true}]}}