{"id":6633,"date":"2025-10-09T00:00:00","date_gmt":"2025-10-08T22:00:00","guid":{"rendered":"https:\/\/yotavis.ch\/product\/pcr12000wea2r-3p3w-400v-500hz-lmt\/"},"modified":"2026-04-24T13:34:26","modified_gmt":"2026-04-24T11:34:26","slug":"pcr12000wea2r-3p3w-400v-500hz-lmt","status":"publish","type":"product","link":"https:\/\/yotavis.ch\/fr\/produit\/pcr12000wea2r-3p3w-400v-500hz-lmt\/","title":{"rendered":"PCR12000WEA2R 3P3W 400V (500Hz LMT)"},"content":{"rendered":"<p>Le Kikusui PCR12000WEA2R est un bloc d'alimentation AC\/DC ultra-compact d'une puissance nominale de 12kVA. Elle fonctionne \u00e0 une tension de 320V et peut d\u00e9livrer un courant allant jusqu'\u00e0 120A. Ce mod\u00e8le est dot\u00e9 d'une sortie unique et prend en charge une configuration triphas\u00e9e, \u00e0 trois fils, \u00e0 400V. Il est con\u00e7u pour g\u00e9rer des fr\u00e9quences allant jusqu'\u00e0 500 Hz, ce qui le rend adapt\u00e9 aux applications n\u00e9cessitant des plages de fr\u00e9quences plus \u00e9lev\u00e9es. L'alimentation est dot\u00e9e d'une fonction de commande \u00e0 distance, ce qui facilite son utilisation et son int\u00e9gration dans des syst\u00e8mes automatis\u00e9s. Sa conception compacte lui permet de s'int\u00e9grer dans des espaces limit\u00e9s tout en fournissant une puissance de sortie robuste. Cette unit\u00e9 est con\u00e7ue pour r\u00e9pondre aux besoins exigeants en mati\u00e8re d'alimentation \u00e9lectrique, avec un contr\u00f4le pr\u00e9cis et des performances fiables.<\/p>","protected":false},"excerpt":{"rendered":"<p>Alimentation AC\/DC ultra compacte 12kVA 3P3W 400V<\/p>","protected":false},"featured_media":7726,"comment_status":"closed","ping_status":"closed","template":"","meta":{"_acf_changed":false,"slim_seo":{"title":"PCR12000WEA2R 3P3W 400V (500Hz LMT) - YOTAVIS AG","description":"Alimentation AC\/DC ultra compacte 12kVA 3P3W 400V"}},"product_brand":[551],"product_cat":[625,515],"product_tag":[],"class_list":{"0":"post-6633","1":"product","2":"type-product","3":"status-publish","4":"has-post-thumbnail","6":"product_brand-kikusui","7":"product_cat-ac-dc-source-en","8":"product_cat-power-en","9":"pa_current-a-559","10":"pa_max-frequency-hz-1020","11":"pa_output-number-146","12":"pa_power-w-628","13":"pa_remote-control-yes","14":"pa_voltage-v-575","16":"first","17":"instock","18":"taxable","19":"shipping-taxable","20":"purchasable","21":"product-type-simple"},"acf":[],"_links":{"self":[{"href":"https:\/\/yotavis.ch\/fr\/wp-json\/wp\/v2\/product\/6633","targetHints":{"allow":["GET"]}}],"collection":[{"href":"https:\/\/yotavis.ch\/fr\/wp-json\/wp\/v2\/product"}],"about":[{"href":"https:\/\/yotavis.ch\/fr\/wp-json\/wp\/v2\/types\/product"}],"replies":[{"embeddable":true,"href":"https:\/\/yotavis.ch\/fr\/wp-json\/wp\/v2\/comments?post=6633"}],"wp:featuredmedia":[{"embeddable":true,"href":"https:\/\/yotavis.ch\/fr\/wp-json\/wp\/v2\/media\/7726"}],"wp:attachment":[{"href":"https:\/\/yotavis.ch\/fr\/wp-json\/wp\/v2\/media?parent=6633"}],"wp:term":[{"taxonomy":"product_brand","embeddable":true,"href":"https:\/\/yotavis.ch\/fr\/wp-json\/wp\/v2\/product_brand?post=6633"},{"taxonomy":"product_cat","embeddable":true,"href":"https:\/\/yotavis.ch\/fr\/wp-json\/wp\/v2\/product_cat?post=6633"},{"taxonomy":"product_tag","embeddable":true,"href":"https:\/\/yotavis.ch\/fr\/wp-json\/wp\/v2\/product_tag?post=6633"}],"curies":[{"name":"wp","href":"https:\/\/api.w.org\/{rel}","templated":true}]}}