{"id":6634,"date":"2025-10-09T00:00:00","date_gmt":"2025-10-08T22:00:00","guid":{"rendered":"https:\/\/yotavis.ch\/product\/pcr18000wea2r-3p3w-200v\/"},"modified":"2026-04-24T13:34:26","modified_gmt":"2026-04-24T11:34:26","slug":"pcr18000wea2r-3p3w-200v","status":"publish","type":"product","link":"https:\/\/yotavis.ch\/fr\/produit\/pcr18000wea2r-3p3w-200v\/","title":{"rendered":"PCR18000WEA2R 3P3W 200V"},"content":{"rendered":"<p>Le PCR18000WEA2R 3P3W 200V est une alimentation AC\/DC ultra-compacte d'une capacit\u00e9 de 18kVA. Elle fonctionne \u00e0 une tension de 320V et peut d\u00e9livrer un courant allant jusqu'\u00e0 180A. Ce mod\u00e8le est dot\u00e9 d'une sortie unique et prend en charge la fonctionnalit\u00e9 de commande \u00e0 distance, ce qui permet un fonctionnement pratique \u00e0 distance. L'alimentation est con\u00e7ue pour g\u00e9rer des fr\u00e9quences allant jusqu'\u00e0 un maximum de 5000Hz. Fabriqu\u00e9e par Kikusui, elle est con\u00e7ue pour fournir une alimentation fiable et efficace dans un format compact. Le dispositif convient aux applications n\u00e9cessitant un contr\u00f4le pr\u00e9cis de la tension et du courant dans les limites des param\u00e8tres sp\u00e9cifi\u00e9s. Sa configuration triphas\u00e9e, \u00e0 trois fils, permet une sortie de puissance stable \u00e0 200V.<\/p>","protected":false},"excerpt":{"rendered":"<p>Alimentation AC\/DC ultra compacte 18kVA 3P3W 200V<\/p>","protected":false},"featured_media":7725,"comment_status":"closed","ping_status":"closed","template":"","meta":{"_acf_changed":false,"slim_seo":{"title":"PCR18000WEA2R 3P3W 200V - YOTAVIS AG","description":"Alimentation AC\/DC ultra compacte 18kVA 3P3W 200V"}},"product_brand":[551],"product_cat":[625,515],"product_tag":[],"class_list":{"0":"post-6634","1":"product","2":"type-product","3":"status-publish","4":"has-post-thumbnail","6":"product_brand-kikusui","7":"product_cat-ac-dc-source-en","8":"product_cat-power-en","9":"pa_current-a-622","10":"pa_max-frequency-hz-1022","11":"pa_output-number-146","12":"pa_power-w-629","13":"pa_remote-control-yes","14":"pa_voltage-v-575","16":"first","17":"instock","18":"taxable","19":"shipping-taxable","20":"purchasable","21":"product-type-simple"},"acf":[],"_links":{"self":[{"href":"https:\/\/yotavis.ch\/fr\/wp-json\/wp\/v2\/product\/6634","targetHints":{"allow":["GET"]}}],"collection":[{"href":"https:\/\/yotavis.ch\/fr\/wp-json\/wp\/v2\/product"}],"about":[{"href":"https:\/\/yotavis.ch\/fr\/wp-json\/wp\/v2\/types\/product"}],"replies":[{"embeddable":true,"href":"https:\/\/yotavis.ch\/fr\/wp-json\/wp\/v2\/comments?post=6634"}],"wp:featuredmedia":[{"embeddable":true,"href":"https:\/\/yotavis.ch\/fr\/wp-json\/wp\/v2\/media\/7725"}],"wp:attachment":[{"href":"https:\/\/yotavis.ch\/fr\/wp-json\/wp\/v2\/media?parent=6634"}],"wp:term":[{"taxonomy":"product_brand","embeddable":true,"href":"https:\/\/yotavis.ch\/fr\/wp-json\/wp\/v2\/product_brand?post=6634"},{"taxonomy":"product_cat","embeddable":true,"href":"https:\/\/yotavis.ch\/fr\/wp-json\/wp\/v2\/product_cat?post=6634"},{"taxonomy":"product_tag","embeddable":true,"href":"https:\/\/yotavis.ch\/fr\/wp-json\/wp\/v2\/product_tag?post=6634"}],"curies":[{"name":"wp","href":"https:\/\/api.w.org\/{rel}","templated":true}]}}