{"id":6635,"date":"2025-10-09T00:00:00","date_gmt":"2025-10-08T22:00:00","guid":{"rendered":"https:\/\/yotavis.ch\/product\/pcr18000wea2r-3p3w-200v-500hz-lmt\/"},"modified":"2026-04-24T13:34:26","modified_gmt":"2026-04-24T11:34:26","slug":"pcr18000wea2r-3p3w-200v-500hz-lmt","status":"publish","type":"product","link":"https:\/\/yotavis.ch\/fr\/produit\/pcr18000wea2r-3p3w-200v-500hz-lmt\/","title":{"rendered":"PCR18000WEA2R 3P3W 200V (500Hz LMT)"},"content":{"rendered":"<p>Le Kikusui PCR18000WEA2R est un bloc d'alimentation AC\/DC ultra-compact d'une puissance nominale de 18kVA. Il fonctionne \u00e0 une tension de 320V et d\u00e9livre un courant de 180A. Ce mod\u00e8le prend en charge une configuration triphas\u00e9e \u00e0 trois fils (3P3W) \u00e0 200V et peut g\u00e9rer des fr\u00e9quences allant jusqu'\u00e0 500Hz. Il est dot\u00e9 d'un seul canal de sortie et d'une fonction de commande \u00e0 distance pour une utilisation pratique. Con\u00e7ue pour r\u00e9pondre \u00e0 des exigences de puissance \u00e9lev\u00e9es, cette alimentation convient aux applications n\u00e9cessitant une alimentation stable et fiable. Sa conception compacte permet une utilisation efficace de l'espace dans diverses configurations tout en maintenant des performances \u00e9lev\u00e9es. La combinaison d'une tension \u00e9lev\u00e9e, d'une capacit\u00e9 de courant et d'une gamme de fr\u00e9quences la rend polyvalente pour diff\u00e9rents environnements industriels et de test.<\/p>","protected":false},"excerpt":{"rendered":"<p>Alimentation AC\/DC ultra compacte 18kVA 3P3W 200V<\/p>","protected":false},"featured_media":7725,"comment_status":"closed","ping_status":"closed","template":"","meta":{"_acf_changed":false,"slim_seo":{"title":"PCR18000WEA2R 3P3W 200V (500Hz LMT) - YOTAVIS AG","description":"Alimentation AC\/DC ultra compacte 18kVA 3P3W 200V"}},"product_brand":[551],"product_cat":[625,515],"product_tag":[],"class_list":{"0":"post-6635","1":"product","2":"type-product","3":"status-publish","4":"has-post-thumbnail","6":"product_brand-kikusui","7":"product_cat-ac-dc-source-en","8":"product_cat-power-en","9":"pa_current-a-622","10":"pa_max-frequency-hz-1020","11":"pa_output-number-146","12":"pa_power-w-629","13":"pa_remote-control-yes","14":"pa_voltage-v-575","16":"first","17":"instock","18":"taxable","19":"shipping-taxable","20":"purchasable","21":"product-type-simple"},"acf":[],"_links":{"self":[{"href":"https:\/\/yotavis.ch\/fr\/wp-json\/wp\/v2\/product\/6635","targetHints":{"allow":["GET"]}}],"collection":[{"href":"https:\/\/yotavis.ch\/fr\/wp-json\/wp\/v2\/product"}],"about":[{"href":"https:\/\/yotavis.ch\/fr\/wp-json\/wp\/v2\/types\/product"}],"replies":[{"embeddable":true,"href":"https:\/\/yotavis.ch\/fr\/wp-json\/wp\/v2\/comments?post=6635"}],"wp:featuredmedia":[{"embeddable":true,"href":"https:\/\/yotavis.ch\/fr\/wp-json\/wp\/v2\/media\/7725"}],"wp:attachment":[{"href":"https:\/\/yotavis.ch\/fr\/wp-json\/wp\/v2\/media?parent=6635"}],"wp:term":[{"taxonomy":"product_brand","embeddable":true,"href":"https:\/\/yotavis.ch\/fr\/wp-json\/wp\/v2\/product_brand?post=6635"},{"taxonomy":"product_cat","embeddable":true,"href":"https:\/\/yotavis.ch\/fr\/wp-json\/wp\/v2\/product_cat?post=6635"},{"taxonomy":"product_tag","embeddable":true,"href":"https:\/\/yotavis.ch\/fr\/wp-json\/wp\/v2\/product_tag?post=6635"}],"curies":[{"name":"wp","href":"https:\/\/api.w.org\/{rel}","templated":true}]}}