{"id":6636,"date":"2025-10-09T00:00:00","date_gmt":"2025-10-08T22:00:00","guid":{"rendered":"https:\/\/yotavis.ch\/product\/pcr18000wea2-3p4w-400v\/"},"modified":"2026-04-24T13:34:27","modified_gmt":"2026-04-24T11:34:27","slug":"pcr18000wea2-3p4w-400v","status":"publish","type":"product","link":"https:\/\/yotavis.ch\/fr\/produit\/pcr18000wea2-3p4w-400v\/","title":{"rendered":"PCR18000WEA2 3P4W 400V"},"content":{"rendered":"<p>Le Kikusui PCR18000WEA2 est un bloc d'alimentation AC\/DC ultra-compact d'une puissance de 18 000 watts. Il fonctionne sur un syst\u00e8me triphas\u00e9 \u00e0 4 fils de 400 V et d\u00e9livre une tension de 320 volts avec un courant de 180 amp\u00e8res. Ce mod\u00e8le est dot\u00e9 d'une sortie unique et d'une fonction de t\u00e9l\u00e9commande, ce qui permet de l'utiliser \u00e0 distance. L'alimentation est capable de g\u00e9rer des fr\u00e9quences allant jusqu'\u00e0 5000 Hz, ce qui la rend adapt\u00e9e aux applications n\u00e9cessitant une alimentation \u00e0 haute fr\u00e9quence. Sa conception met l'accent sur la compacit\u00e9 tout en maintenant des param\u00e8tres de performance robustes. La combinaison d'une puissance, d'une tension et d'un courant nominaux \u00e9lev\u00e9s permet de r\u00e9pondre aux besoins d'alimentation exigeants de l'industrie ou des laboratoires. Cet appareil est con\u00e7u pour fournir une alimentation fiable et pr\u00e9cise dans un format compact.<\/p>","protected":false},"excerpt":{"rendered":"<p>Alimentation AC\/DC ultra compacte 18kVA 3P4W 400V<\/p>","protected":false},"featured_media":7725,"comment_status":"closed","ping_status":"closed","template":"","meta":{"_acf_changed":false,"slim_seo":{"title":"PCR18000WEA2 3P4W 400V - YOTAVIS AG","description":"Alimentation AC\/DC ultra compacte 18kVA 3P4W 400V"}},"product_brand":[551],"product_cat":[625,515],"product_tag":[],"class_list":{"0":"post-6636","1":"product","2":"type-product","3":"status-publish","4":"has-post-thumbnail","6":"product_brand-kikusui","7":"product_cat-ac-dc-source-en","8":"product_cat-power-en","9":"pa_current-a-622","10":"pa_max-frequency-hz-1022","11":"pa_output-number-146","12":"pa_power-w-629","13":"pa_remote-control-yes","14":"pa_voltage-v-575","16":"first","17":"instock","18":"taxable","19":"shipping-taxable","20":"purchasable","21":"product-type-simple"},"acf":[],"_links":{"self":[{"href":"https:\/\/yotavis.ch\/fr\/wp-json\/wp\/v2\/product\/6636","targetHints":{"allow":["GET"]}}],"collection":[{"href":"https:\/\/yotavis.ch\/fr\/wp-json\/wp\/v2\/product"}],"about":[{"href":"https:\/\/yotavis.ch\/fr\/wp-json\/wp\/v2\/types\/product"}],"replies":[{"embeddable":true,"href":"https:\/\/yotavis.ch\/fr\/wp-json\/wp\/v2\/comments?post=6636"}],"wp:featuredmedia":[{"embeddable":true,"href":"https:\/\/yotavis.ch\/fr\/wp-json\/wp\/v2\/media\/7725"}],"wp:attachment":[{"href":"https:\/\/yotavis.ch\/fr\/wp-json\/wp\/v2\/media?parent=6636"}],"wp:term":[{"taxonomy":"product_brand","embeddable":true,"href":"https:\/\/yotavis.ch\/fr\/wp-json\/wp\/v2\/product_brand?post=6636"},{"taxonomy":"product_cat","embeddable":true,"href":"https:\/\/yotavis.ch\/fr\/wp-json\/wp\/v2\/product_cat?post=6636"},{"taxonomy":"product_tag","embeddable":true,"href":"https:\/\/yotavis.ch\/fr\/wp-json\/wp\/v2\/product_tag?post=6636"}],"curies":[{"name":"wp","href":"https:\/\/api.w.org\/{rel}","templated":true}]}}