{"id":6639,"date":"2025-10-09T00:00:00","date_gmt":"2025-10-08T22:00:00","guid":{"rendered":"https:\/\/yotavis.ch\/product\/pcr18000wea2r-3p3w-400v-500hz-lmt\/"},"modified":"2026-04-24T13:34:28","modified_gmt":"2026-04-24T11:34:28","slug":"pcr18000wea2r-3p3w-400v-500hz-lmt","status":"publish","type":"product","link":"https:\/\/yotavis.ch\/fr\/produit\/pcr18000wea2r-3p3w-400v-500hz-lmt\/","title":{"rendered":"PCR18000WEA2R 3P3W 400V (500Hz LMT)"},"content":{"rendered":"<p>Le PCR18000WEA2R est une alimentation AC\/DC ultra-compacte d'une puissance nominale de 18kVA con\u00e7ue pour les syst\u00e8mes triphas\u00e9s \u00e0 trois fils de 400V. Il fonctionne \u00e0 une tension de 320V et peut d\u00e9livrer un courant allant jusqu'\u00e0 180A. Ce mod\u00e8le prend en charge une fr\u00e9quence maximale de 500 Hz, ce qui le rend adapt\u00e9 aux applications n\u00e9cessitant une alimentation \u00e0 plus haute fr\u00e9quence. L'unit\u00e9 est dot\u00e9e d'un seul canal de sortie et d'une fonction de commande \u00e0 distance pour une utilisation pratique. Fabriqu\u00e9e par Kikusui, cette alimentation est con\u00e7ue pour fournir une alimentation fiable et pr\u00e9cise dans un format compact. Sa conception r\u00e9pond aux besoins de divers environnements industriels et de test o\u00f9 l'espace et les performances sont des facteurs critiques.<\/p>","protected":false},"excerpt":{"rendered":"<p>Alimentation AC\/DC ultra compacte 18kVA 3P3W 400V<\/p>","protected":false},"featured_media":7725,"comment_status":"closed","ping_status":"closed","template":"","meta":{"_acf_changed":false,"slim_seo":{"title":"PCR18000WEA2R 3P3W 400V (500Hz LMT) - YOTAVIS AG","description":"Alimentation AC\/DC ultra compacte 18kVA 3P3W 400V"}},"product_brand":[551],"product_cat":[625,515],"product_tag":[],"class_list":{"0":"post-6639","1":"product","2":"type-product","3":"status-publish","4":"has-post-thumbnail","6":"product_brand-kikusui","7":"product_cat-ac-dc-source-en","8":"product_cat-power-en","9":"pa_current-a-622","10":"pa_max-frequency-hz-1020","11":"pa_output-number-146","12":"pa_power-w-629","13":"pa_remote-control-yes","14":"pa_voltage-v-575","16":"first","17":"instock","18":"taxable","19":"shipping-taxable","20":"purchasable","21":"product-type-simple"},"acf":[],"_links":{"self":[{"href":"https:\/\/yotavis.ch\/fr\/wp-json\/wp\/v2\/product\/6639","targetHints":{"allow":["GET"]}}],"collection":[{"href":"https:\/\/yotavis.ch\/fr\/wp-json\/wp\/v2\/product"}],"about":[{"href":"https:\/\/yotavis.ch\/fr\/wp-json\/wp\/v2\/types\/product"}],"replies":[{"embeddable":true,"href":"https:\/\/yotavis.ch\/fr\/wp-json\/wp\/v2\/comments?post=6639"}],"wp:featuredmedia":[{"embeddable":true,"href":"https:\/\/yotavis.ch\/fr\/wp-json\/wp\/v2\/media\/7725"}],"wp:attachment":[{"href":"https:\/\/yotavis.ch\/fr\/wp-json\/wp\/v2\/media?parent=6639"}],"wp:term":[{"taxonomy":"product_brand","embeddable":true,"href":"https:\/\/yotavis.ch\/fr\/wp-json\/wp\/v2\/product_brand?post=6639"},{"taxonomy":"product_cat","embeddable":true,"href":"https:\/\/yotavis.ch\/fr\/wp-json\/wp\/v2\/product_cat?post=6639"},{"taxonomy":"product_tag","embeddable":true,"href":"https:\/\/yotavis.ch\/fr\/wp-json\/wp\/v2\/product_tag?post=6639"}],"curies":[{"name":"wp","href":"https:\/\/api.w.org\/{rel}","templated":true}]}}