{"id":6640,"date":"2025-10-09T00:00:00","date_gmt":"2025-10-08T22:00:00","guid":{"rendered":"https:\/\/yotavis.ch\/product\/pcr24000wea2r-3p3w-200v\/"},"modified":"2026-04-24T13:34:30","modified_gmt":"2026-04-24T11:34:30","slug":"pcr24000wea2r-3p3w-200v","status":"publish","type":"product","link":"https:\/\/yotavis.ch\/fr\/produit\/pcr24000wea2r-3p3w-200v\/","title":{"rendered":"PCR24000WEA2R 3P3W 200V"},"content":{"rendered":"<p>Le PCR24000WEA2R 3P3W 200V est une alimentation AC\/DC ultra-compacte d'une capacit\u00e9 de 24kVA. Elle fonctionne \u00e0 une tension de 320V et d\u00e9livre un courant de 240A. Ce mod\u00e8le est dot\u00e9 d'une sortie unique et prend en charge la fonctionnalit\u00e9 de commande \u00e0 distance. La fr\u00e9quence maximale qu'il peut g\u00e9rer est de 5000Hz. Con\u00e7ue par Kikusui, cette alimentation convient aux applications n\u00e9cessitant une alimentation pr\u00e9cise et fiable dans le respect des param\u00e8tres \u00e9lectriques sp\u00e9cifi\u00e9s.<\/p>","protected":false},"excerpt":{"rendered":"<p>Alimentation AC\/DC ultra compacte 24kVA 3P3W 200V<\/p>","protected":false},"featured_media":7725,"comment_status":"closed","ping_status":"closed","template":"","meta":{"_acf_changed":false,"slim_seo":{"title":"PCR24000WEA2R 3P3W 200V - YOTAVIS AG","description":"Alimentation AC\/DC ultra compacte 24kVA 3P3W 200V"}},"product_brand":[551],"product_cat":[625,515],"product_tag":[],"class_list":{"0":"post-6640","1":"product","2":"type-product","3":"status-publish","4":"has-post-thumbnail","6":"product_brand-kikusui","7":"product_cat-ac-dc-source-en","8":"product_cat-power-en","9":"pa_current-a-634","10":"pa_max-frequency-hz-1022","11":"pa_output-number-146","12":"pa_power-w-633","13":"pa_remote-control-yes","14":"pa_voltage-v-575","16":"first","17":"instock","18":"taxable","19":"shipping-taxable","20":"product-type-simple"},"acf":[],"_links":{"self":[{"href":"https:\/\/yotavis.ch\/fr\/wp-json\/wp\/v2\/product\/6640","targetHints":{"allow":["GET"]}}],"collection":[{"href":"https:\/\/yotavis.ch\/fr\/wp-json\/wp\/v2\/product"}],"about":[{"href":"https:\/\/yotavis.ch\/fr\/wp-json\/wp\/v2\/types\/product"}],"replies":[{"embeddable":true,"href":"https:\/\/yotavis.ch\/fr\/wp-json\/wp\/v2\/comments?post=6640"}],"wp:featuredmedia":[{"embeddable":true,"href":"https:\/\/yotavis.ch\/fr\/wp-json\/wp\/v2\/media\/7725"}],"wp:attachment":[{"href":"https:\/\/yotavis.ch\/fr\/wp-json\/wp\/v2\/media?parent=6640"}],"wp:term":[{"taxonomy":"product_brand","embeddable":true,"href":"https:\/\/yotavis.ch\/fr\/wp-json\/wp\/v2\/product_brand?post=6640"},{"taxonomy":"product_cat","embeddable":true,"href":"https:\/\/yotavis.ch\/fr\/wp-json\/wp\/v2\/product_cat?post=6640"},{"taxonomy":"product_tag","embeddable":true,"href":"https:\/\/yotavis.ch\/fr\/wp-json\/wp\/v2\/product_tag?post=6640"}],"curies":[{"name":"wp","href":"https:\/\/api.w.org\/{rel}","templated":true}]}}