{"id":6643,"date":"2025-10-09T00:00:00","date_gmt":"2025-10-08T22:00:00","guid":{"rendered":"https:\/\/yotavis.ch\/product\/pcr24000wea2-3p4w-400v-500hz-lmt\/"},"modified":"2026-04-24T13:34:31","modified_gmt":"2026-04-24T11:34:31","slug":"pcr24000wea2-3p4w-400v-500hz-lmt","status":"publish","type":"product","link":"https:\/\/yotavis.ch\/fr\/produit\/pcr24000wea2-3p4w-400v-500hz-lmt\/","title":{"rendered":"PCR24000WEA2 3P4W 400V (500Hz LMT)"},"content":{"rendered":"<p>Le Kikusui PCR24000WEA2 est un bloc d'alimentation CA\/CC ultra-compact d'une puissance de 24 kVA. Elle fonctionne sur un syst\u00e8me triphas\u00e9 \u00e0 4 fils de 400V et supporte une fr\u00e9quence maximale de 500Hz. L'appareil d\u00e9livre une tension de 320 V et un courant de 240 A par l'interm\u00e9diaire d'un seul canal de sortie. Il est dot\u00e9 d'une capacit\u00e9 de commande \u00e0 distance, ce qui permet un fonctionnement pratique et une int\u00e9gration dans diverses configurations. Con\u00e7ue pour r\u00e9pondre \u00e0 des besoins de puissance \u00e9lev\u00e9s, cette alimentation convient aux applications n\u00e9cessitant une conversion d'\u00e9nergie AC\/DC stable et fiable. Sa conception compacte facilite l'installation dans les environnements o\u00f9 l'espace est limit\u00e9. La combinaison d'une puissance de sortie \u00e9lev\u00e9e et d'une fonctionnalit\u00e9 de commande \u00e0 distance en fait un composant polyvalent pour les applications industrielles et de test.<\/p>","protected":false},"excerpt":{"rendered":"<p>Alimentation AC\/DC ultra compacte 24kVA 3P4W 400V<\/p>","protected":false},"featured_media":7725,"comment_status":"closed","ping_status":"closed","template":"","meta":{"_acf_changed":false,"slim_seo":{"title":"PCR24000WEA2 3P4W 400V (500Hz LMT) - YOTAVIS AG","description":"Alimentation AC\/DC ultra compacte 24kVA 3P4W 400V"}},"product_brand":[551],"product_cat":[625,515],"product_tag":[],"class_list":{"0":"post-6643","1":"product","2":"type-product","3":"status-publish","4":"has-post-thumbnail","6":"product_brand-kikusui","7":"product_cat-ac-dc-source-en","8":"product_cat-power-en","9":"pa_current-a-634","10":"pa_max-frequency-hz-1020","11":"pa_output-number-146","12":"pa_power-w-633","13":"pa_remote-control-yes","14":"pa_voltage-v-575","16":"first","17":"instock","18":"taxable","19":"shipping-taxable","20":"product-type-simple"},"acf":[],"_links":{"self":[{"href":"https:\/\/yotavis.ch\/fr\/wp-json\/wp\/v2\/product\/6643","targetHints":{"allow":["GET"]}}],"collection":[{"href":"https:\/\/yotavis.ch\/fr\/wp-json\/wp\/v2\/product"}],"about":[{"href":"https:\/\/yotavis.ch\/fr\/wp-json\/wp\/v2\/types\/product"}],"replies":[{"embeddable":true,"href":"https:\/\/yotavis.ch\/fr\/wp-json\/wp\/v2\/comments?post=6643"}],"wp:featuredmedia":[{"embeddable":true,"href":"https:\/\/yotavis.ch\/fr\/wp-json\/wp\/v2\/media\/7725"}],"wp:attachment":[{"href":"https:\/\/yotavis.ch\/fr\/wp-json\/wp\/v2\/media?parent=6643"}],"wp:term":[{"taxonomy":"product_brand","embeddable":true,"href":"https:\/\/yotavis.ch\/fr\/wp-json\/wp\/v2\/product_brand?post=6643"},{"taxonomy":"product_cat","embeddable":true,"href":"https:\/\/yotavis.ch\/fr\/wp-json\/wp\/v2\/product_cat?post=6643"},{"taxonomy":"product_tag","embeddable":true,"href":"https:\/\/yotavis.ch\/fr\/wp-json\/wp\/v2\/product_tag?post=6643"}],"curies":[{"name":"wp","href":"https:\/\/api.w.org\/{rel}","templated":true}]}}