{"id":6644,"date":"2025-10-09T00:00:00","date_gmt":"2025-10-08T22:00:00","guid":{"rendered":"https:\/\/yotavis.ch\/product\/pcr24000wea2r-3p3w-400v\/"},"modified":"2026-04-24T13:34:32","modified_gmt":"2026-04-24T11:34:32","slug":"pcr24000wea2r-3p3w-400v","status":"publish","type":"product","link":"https:\/\/yotavis.ch\/fr\/produit\/pcr24000wea2r-3p3w-400v\/","title":{"rendered":"PCR24000WEA2R 3P3W 400V"},"content":{"rendered":"<p>Le Kikusui PCR24000WEA2R est une alimentation AC\/DC ultra-compacte d'une puissance nominale de 24kVA con\u00e7ue pour les syst\u00e8mes 400V triphas\u00e9s et trifilaires. Elle fonctionne \u00e0 une tension de 320V et d\u00e9livre un courant de 240A, ce qui la rend adapt\u00e9e aux applications de haute puissance. Ce mod\u00e8le dispose d'un seul canal de sortie et prend en charge la fonctionnalit\u00e9 de commande \u00e0 distance, ce qui permet un fonctionnement pratique et une int\u00e9gration dans les syst\u00e8mes automatis\u00e9s. L'alimentation peut g\u00e9rer des fr\u00e9quences allant jusqu'\u00e0 5 000 Hz, ce qui permet de r\u00e9pondre \u00e0 diverses exigences en mati\u00e8re de test et d'exploitation. Sa conception compacte garantit une utilisation efficace de l'espace tout en maintenant des performances robustes. L'appareil est con\u00e7u pour r\u00e9pondre aux besoins d'alimentation exigeants avec un contr\u00f4le pr\u00e9cis et des caract\u00e9ristiques de sortie fiables.<\/p>","protected":false},"excerpt":{"rendered":"<p>Alimentation AC\/DC ultra compacte 24kVA 3P3W 400V<\/p>","protected":false},"featured_media":7725,"comment_status":"closed","ping_status":"closed","template":"","meta":{"_acf_changed":false,"slim_seo":{"title":"PCR24000WEA2R 3P3W 400V - YOTAVIS AG","description":"Alimentation AC\/DC ultra compacte 24kVA 3P3W 400V"}},"product_brand":[551],"product_cat":[625,515],"product_tag":[],"class_list":{"0":"post-6644","1":"product","2":"type-product","3":"status-publish","4":"has-post-thumbnail","6":"product_brand-kikusui","7":"product_cat-ac-dc-source-en","8":"product_cat-power-en","9":"pa_current-a-634","10":"pa_max-frequency-hz-1022","11":"pa_output-number-146","12":"pa_power-w-633","13":"pa_remote-control-yes","14":"pa_voltage-v-575","16":"first","17":"instock","18":"taxable","19":"shipping-taxable","20":"product-type-simple"},"acf":[],"_links":{"self":[{"href":"https:\/\/yotavis.ch\/fr\/wp-json\/wp\/v2\/product\/6644","targetHints":{"allow":["GET"]}}],"collection":[{"href":"https:\/\/yotavis.ch\/fr\/wp-json\/wp\/v2\/product"}],"about":[{"href":"https:\/\/yotavis.ch\/fr\/wp-json\/wp\/v2\/types\/product"}],"replies":[{"embeddable":true,"href":"https:\/\/yotavis.ch\/fr\/wp-json\/wp\/v2\/comments?post=6644"}],"wp:featuredmedia":[{"embeddable":true,"href":"https:\/\/yotavis.ch\/fr\/wp-json\/wp\/v2\/media\/7725"}],"wp:attachment":[{"href":"https:\/\/yotavis.ch\/fr\/wp-json\/wp\/v2\/media?parent=6644"}],"wp:term":[{"taxonomy":"product_brand","embeddable":true,"href":"https:\/\/yotavis.ch\/fr\/wp-json\/wp\/v2\/product_brand?post=6644"},{"taxonomy":"product_cat","embeddable":true,"href":"https:\/\/yotavis.ch\/fr\/wp-json\/wp\/v2\/product_cat?post=6644"},{"taxonomy":"product_tag","embeddable":true,"href":"https:\/\/yotavis.ch\/fr\/wp-json\/wp\/v2\/product_tag?post=6644"}],"curies":[{"name":"wp","href":"https:\/\/api.w.org\/{rel}","templated":true}]}}