{"id":6645,"date":"2025-10-09T00:00:00","date_gmt":"2025-10-08T22:00:00","guid":{"rendered":"https:\/\/yotavis.ch\/product\/pcr24000wea2r-3p3w-400v-500hz-lmt\/"},"modified":"2026-04-24T13:34:32","modified_gmt":"2026-04-24T11:34:32","slug":"pcr24000wea2r-3p3w-400v-500hz-lmt","status":"publish","type":"product","link":"https:\/\/yotavis.ch\/fr\/produit\/pcr24000wea2r-3p3w-400v-500hz-lmt\/","title":{"rendered":"PCR24000WEA2R 3P3W 400V (500Hz LMT)"},"content":{"rendered":"<p>Le Kikusui PCR24000WEA2R est un bloc d'alimentation AC\/DC ultra-compact d'une puissance de 24 000 watts. Elle fonctionne \u00e0 une tension de 320 volts et d\u00e9livre un courant de 240 amp\u00e8res. Ce mod\u00e8le dispose d'une sortie unique et supporte une fr\u00e9quence maximale de 500 Hz. Con\u00e7u pour les syst\u00e8mes triphas\u00e9s \u00e0 trois fils (3P3W) \u00e0 400 volts, il est dot\u00e9 d'une fonction de commande \u00e0 distance pour une utilisation pratique. L'alimentation est con\u00e7ue pour r\u00e9pondre \u00e0 des demandes de puissance \u00e9lev\u00e9es tout en conservant un facteur de forme compact. Ses sp\u00e9cifications la rendent adapt\u00e9e aux applications n\u00e9cessitant une alimentation stable et fiable \u00e0 des fr\u00e9quences \u00e9lev\u00e9es.<\/p>","protected":false},"excerpt":{"rendered":"<p>Alimentation AC\/DC ultra compacte 24kVA 3P3W 400V<\/p>","protected":false},"featured_media":7725,"comment_status":"closed","ping_status":"closed","template":"","meta":{"_acf_changed":false,"slim_seo":{"title":"PCR24000WEA2R 3P3W 400V (500Hz LMT) - YOTAVIS AG","description":"Alimentation AC\/DC ultra compacte 24kVA 3P3W 400V"}},"product_brand":[551],"product_cat":[625,515],"product_tag":[],"class_list":{"0":"post-6645","1":"product","2":"type-product","3":"status-publish","4":"has-post-thumbnail","6":"product_brand-kikusui","7":"product_cat-ac-dc-source-en","8":"product_cat-power-en","9":"pa_current-a-634","10":"pa_max-frequency-hz-1020","11":"pa_output-number-146","12":"pa_power-w-633","13":"pa_remote-control-yes","14":"pa_voltage-v-575","16":"first","17":"instock","18":"taxable","19":"shipping-taxable","20":"product-type-simple"},"acf":[],"_links":{"self":[{"href":"https:\/\/yotavis.ch\/fr\/wp-json\/wp\/v2\/product\/6645","targetHints":{"allow":["GET"]}}],"collection":[{"href":"https:\/\/yotavis.ch\/fr\/wp-json\/wp\/v2\/product"}],"about":[{"href":"https:\/\/yotavis.ch\/fr\/wp-json\/wp\/v2\/types\/product"}],"replies":[{"embeddable":true,"href":"https:\/\/yotavis.ch\/fr\/wp-json\/wp\/v2\/comments?post=6645"}],"wp:featuredmedia":[{"embeddable":true,"href":"https:\/\/yotavis.ch\/fr\/wp-json\/wp\/v2\/media\/7725"}],"wp:attachment":[{"href":"https:\/\/yotavis.ch\/fr\/wp-json\/wp\/v2\/media?parent=6645"}],"wp:term":[{"taxonomy":"product_brand","embeddable":true,"href":"https:\/\/yotavis.ch\/fr\/wp-json\/wp\/v2\/product_brand?post=6645"},{"taxonomy":"product_cat","embeddable":true,"href":"https:\/\/yotavis.ch\/fr\/wp-json\/wp\/v2\/product_cat?post=6645"},{"taxonomy":"product_tag","embeddable":true,"href":"https:\/\/yotavis.ch\/fr\/wp-json\/wp\/v2\/product_tag?post=6645"}],"curies":[{"name":"wp","href":"https:\/\/api.w.org\/{rel}","templated":true}]}}