{"id":6647,"date":"2025-10-09T00:00:00","date_gmt":"2025-10-08T22:00:00","guid":{"rendered":"https:\/\/yotavis.ch\/product\/pcr30000wea2r-3p3w-200v-500hz-lmt\/"},"modified":"2026-04-24T13:34:33","modified_gmt":"2026-04-24T11:34:33","slug":"pcr30000wea2r-3p3w-200v-500hz-lmt","status":"publish","type":"product","link":"https:\/\/yotavis.ch\/fr\/produit\/pcr30000wea2r-3p3w-200v-500hz-lmt\/","title":{"rendered":"PCR30000WEA2R 3P3W 200V (500Hz LMT)"},"content":{"rendered":"<p>Le Kikusui PCR30000WEA2R est un bloc d'alimentation AC\/DC ultra-compact con\u00e7u pour fournir une puissance de sortie de 30kVA. Elle fonctionne avec une tension de 320 V et un courant de 300 A, ce qui la rend adapt\u00e9e aux applications \u00e0 forte demande. Ce mod\u00e8le dispose d'un seul canal de sortie et prend en charge la fonctionnalit\u00e9 de commande \u00e0 distance, ce qui permet un fonctionnement pratique et une int\u00e9gration dans les syst\u00e8mes automatis\u00e9s. L'alimentation est capable de fonctionner \u00e0 une fr\u00e9quence maximale de 500 Hz, ce qui permet de l'utiliser dans divers environnements industriels et de test. Sa configuration triphas\u00e9e \u00e0 trois fils (3P3W) est optimis\u00e9e pour les syst\u00e8mes de 200 V, ce qui garantit la compatibilit\u00e9 avec les exigences sp\u00e9cifiques en mati\u00e8re d'alimentation. La conception compacte du PCR30000WEA2R facilite l'installation dans des espaces restreints sans compromettre les performances. Cette unit\u00e9 est con\u00e7ue pour fournir une alimentation fiable et stable dans les plages de tension et de courant sp\u00e9cifi\u00e9es.<\/p>","protected":false},"excerpt":{"rendered":"<p>Alimentation AC\/DC ultra compacte 30kVA 3P3W 200V<\/p>","protected":false},"featured_media":7723,"comment_status":"closed","ping_status":"closed","template":"","meta":{"_acf_changed":false,"slim_seo":{"title":"PCR30000WEA2R 3P3W 200V (500Hz LMT) - YOTAVIS AG","description":"Alimentation AC\/DC ultra compacte 30kVA 3P3W 200V"}},"product_brand":[551],"product_cat":[625,515],"product_tag":[],"class_list":{"0":"post-6647","1":"product","2":"type-product","3":"status-publish","4":"has-post-thumbnail","6":"product_brand-kikusui","7":"product_cat-ac-dc-source-en","8":"product_cat-power-en","9":"pa_current-a-636","10":"pa_max-frequency-hz-1020","11":"pa_output-number-146","12":"pa_power-w-635","13":"pa_remote-control-yes","14":"pa_voltage-v-575","16":"first","17":"instock","18":"taxable","19":"shipping-taxable","20":"product-type-simple"},"acf":[],"_links":{"self":[{"href":"https:\/\/yotavis.ch\/fr\/wp-json\/wp\/v2\/product\/6647","targetHints":{"allow":["GET"]}}],"collection":[{"href":"https:\/\/yotavis.ch\/fr\/wp-json\/wp\/v2\/product"}],"about":[{"href":"https:\/\/yotavis.ch\/fr\/wp-json\/wp\/v2\/types\/product"}],"replies":[{"embeddable":true,"href":"https:\/\/yotavis.ch\/fr\/wp-json\/wp\/v2\/comments?post=6647"}],"wp:featuredmedia":[{"embeddable":true,"href":"https:\/\/yotavis.ch\/fr\/wp-json\/wp\/v2\/media\/7723"}],"wp:attachment":[{"href":"https:\/\/yotavis.ch\/fr\/wp-json\/wp\/v2\/media?parent=6647"}],"wp:term":[{"taxonomy":"product_brand","embeddable":true,"href":"https:\/\/yotavis.ch\/fr\/wp-json\/wp\/v2\/product_brand?post=6647"},{"taxonomy":"product_cat","embeddable":true,"href":"https:\/\/yotavis.ch\/fr\/wp-json\/wp\/v2\/product_cat?post=6647"},{"taxonomy":"product_tag","embeddable":true,"href":"https:\/\/yotavis.ch\/fr\/wp-json\/wp\/v2\/product_tag?post=6647"}],"curies":[{"name":"wp","href":"https:\/\/api.w.org\/{rel}","templated":true}]}}