{"id":6651,"date":"2025-10-09T00:00:00","date_gmt":"2025-10-08T22:00:00","guid":{"rendered":"https:\/\/yotavis.ch\/product\/pcr30000wea2r-3p3w-400v-500hz-lmt\/"},"modified":"2026-04-24T13:34:34","modified_gmt":"2026-04-24T11:34:34","slug":"pcr30000wea2r-3p3w-400v-500hz-lmt","status":"publish","type":"product","link":"https:\/\/yotavis.ch\/fr\/produit\/pcr30000wea2r-3p3w-400v-500hz-lmt\/","title":{"rendered":"PCR30000WEA2R 3P3W 400V (500Hz LMT)"},"content":{"rendered":"<p>Le PCR30000WEA2R 3P3W 400V (500Hz LMT) est une alimentation AC\/DC ultra-compacte d'une capacit\u00e9 de 30kVA. Elle fonctionne \u00e0 une tension de 320 volts et d\u00e9livre un courant de 300 amp\u00e8res. Ce mod\u00e8le est dot\u00e9 d'une sortie unique et prend en charge la fonctionnalit\u00e9 de commande \u00e0 distance. Il est con\u00e7u pour fonctionner avec une fr\u00e9quence maximale de 500 Hz, ce qui le rend adapt\u00e9 aux applications n\u00e9cessitant une alimentation \u00e0 haute fr\u00e9quence. Ce bloc d'alimentation porte la marque Kikusui, connue pour la fiabilit\u00e9 de ses \u00e9quipements \u00e9lectriques. Sa configuration triphas\u00e9e et trifilaire est optimis\u00e9e pour les syst\u00e8mes 400V. La combinaison d'une puissance de sortie \u00e9lev\u00e9e et d'une conception compacte permet une int\u00e9gration efficace dans diverses installations \u00e9lectriques sans occuper un espace excessif.<\/p>","protected":false},"excerpt":{"rendered":"<p>Alimentation AC\/DC ultra compacte 30kVA 3P3W 400V<\/p>","protected":false},"featured_media":7723,"comment_status":"closed","ping_status":"closed","template":"","meta":{"_acf_changed":false,"slim_seo":{"title":"PCR30000WEA2R 3P3W 400V (500Hz LMT) - YOTAVIS AG","description":"Alimentation AC\/DC ultra compacte 30kVA 3P3W 400V"}},"product_brand":[551],"product_cat":[625,515],"product_tag":[],"class_list":{"0":"post-6651","1":"product","2":"type-product","3":"status-publish","4":"has-post-thumbnail","6":"product_brand-kikusui","7":"product_cat-ac-dc-source-en","8":"product_cat-power-en","9":"pa_current-a-636","10":"pa_max-frequency-hz-1020","11":"pa_output-number-146","12":"pa_power-w-635","13":"pa_remote-control-yes","14":"pa_voltage-v-575","16":"first","17":"instock","18":"taxable","19":"shipping-taxable","20":"product-type-simple"},"acf":[],"_links":{"self":[{"href":"https:\/\/yotavis.ch\/fr\/wp-json\/wp\/v2\/product\/6651","targetHints":{"allow":["GET"]}}],"collection":[{"href":"https:\/\/yotavis.ch\/fr\/wp-json\/wp\/v2\/product"}],"about":[{"href":"https:\/\/yotavis.ch\/fr\/wp-json\/wp\/v2\/types\/product"}],"replies":[{"embeddable":true,"href":"https:\/\/yotavis.ch\/fr\/wp-json\/wp\/v2\/comments?post=6651"}],"wp:featuredmedia":[{"embeddable":true,"href":"https:\/\/yotavis.ch\/fr\/wp-json\/wp\/v2\/media\/7723"}],"wp:attachment":[{"href":"https:\/\/yotavis.ch\/fr\/wp-json\/wp\/v2\/media?parent=6651"}],"wp:term":[{"taxonomy":"product_brand","embeddable":true,"href":"https:\/\/yotavis.ch\/fr\/wp-json\/wp\/v2\/product_brand?post=6651"},{"taxonomy":"product_cat","embeddable":true,"href":"https:\/\/yotavis.ch\/fr\/wp-json\/wp\/v2\/product_cat?post=6651"},{"taxonomy":"product_tag","embeddable":true,"href":"https:\/\/yotavis.ch\/fr\/wp-json\/wp\/v2\/product_tag?post=6651"}],"curies":[{"name":"wp","href":"https:\/\/api.w.org\/{rel}","templated":true}]}}