{"id":6652,"date":"2025-10-09T00:00:00","date_gmt":"2025-10-08T22:00:00","guid":{"rendered":"https:\/\/yotavis.ch\/product\/pcr36000wea2r-3p3w-200v\/"},"modified":"2026-04-24T13:34:34","modified_gmt":"2026-04-24T11:34:34","slug":"pcr36000wea2r-3p3w-200v","status":"publish","type":"product","link":"https:\/\/yotavis.ch\/fr\/produit\/pcr36000wea2r-3p3w-200v\/","title":{"rendered":"PCR36000WEA2R 3P3W 200V"},"content":{"rendered":"<p>Le PCR36000WEA2R 3P3W 200V est un bloc d'alimentation AC\/DC ultra-compact d'une puissance nominale de 36 000 watts. Elle fonctionne \u00e0 une tension de 320 volts et peut d\u00e9livrer un courant allant jusqu'\u00e0 360 amp\u00e8res. Ce mod\u00e8le est dot\u00e9 d'une sortie unique et d'une fonction de t\u00e9l\u00e9commande, ce qui permet de l'utiliser \u00e0 distance. L'alimentation est con\u00e7ue pour g\u00e9rer une fr\u00e9quence maximale de 5 000 Hz, ce qui la rend adapt\u00e9e aux applications n\u00e9cessitant une alimentation \u00e0 haute fr\u00e9quence. Fabriqu\u00e9 par Kikusui, ce dispositif associe une capacit\u00e9 de puissance \u00e9lev\u00e9e \u00e0 un facteur de forme compact, optimis\u00e9 pour les syst\u00e8mes triphas\u00e9s \u00e0 trois fils (3P3W) de 200 volts. Sa conception met l'accent sur l'efficacit\u00e9 et le contr\u00f4le, pour les environnements o\u00f9 une gestion pr\u00e9cise de l'\u00e9nergie est essentielle.<\/p>","protected":false},"excerpt":{"rendered":"<p>Alimentation AC\/DC ultra compacte 36kVA 3P3W 200V<\/p>","protected":false},"featured_media":7723,"comment_status":"closed","ping_status":"closed","template":"","meta":{"_acf_changed":false,"slim_seo":{"title":"PCR36000WEA2R 3P3W 200V - YOTAVIS AG","description":"Alimentation AC\/DC ultra compacte 36kVA 3P3W 200V"}},"product_brand":[551],"product_cat":[625,515],"product_tag":[],"class_list":{"0":"post-6652","1":"product","2":"type-product","3":"status-publish","4":"has-post-thumbnail","6":"product_brand-kikusui","7":"product_cat-ac-dc-source-en","8":"product_cat-power-en","9":"pa_current-a-638","10":"pa_max-frequency-hz-1022","11":"pa_output-number-146","12":"pa_power-w-637","13":"pa_remote-control-yes","14":"pa_voltage-v-575","16":"first","17":"instock","18":"taxable","19":"shipping-taxable","20":"product-type-simple"},"acf":[],"_links":{"self":[{"href":"https:\/\/yotavis.ch\/fr\/wp-json\/wp\/v2\/product\/6652","targetHints":{"allow":["GET"]}}],"collection":[{"href":"https:\/\/yotavis.ch\/fr\/wp-json\/wp\/v2\/product"}],"about":[{"href":"https:\/\/yotavis.ch\/fr\/wp-json\/wp\/v2\/types\/product"}],"replies":[{"embeddable":true,"href":"https:\/\/yotavis.ch\/fr\/wp-json\/wp\/v2\/comments?post=6652"}],"wp:featuredmedia":[{"embeddable":true,"href":"https:\/\/yotavis.ch\/fr\/wp-json\/wp\/v2\/media\/7723"}],"wp:attachment":[{"href":"https:\/\/yotavis.ch\/fr\/wp-json\/wp\/v2\/media?parent=6652"}],"wp:term":[{"taxonomy":"product_brand","embeddable":true,"href":"https:\/\/yotavis.ch\/fr\/wp-json\/wp\/v2\/product_brand?post=6652"},{"taxonomy":"product_cat","embeddable":true,"href":"https:\/\/yotavis.ch\/fr\/wp-json\/wp\/v2\/product_cat?post=6652"},{"taxonomy":"product_tag","embeddable":true,"href":"https:\/\/yotavis.ch\/fr\/wp-json\/wp\/v2\/product_tag?post=6652"}],"curies":[{"name":"wp","href":"https:\/\/api.w.org\/{rel}","templated":true}]}}