{"id":6655,"date":"2025-10-09T00:00:00","date_gmt":"2025-10-08T22:00:00","guid":{"rendered":"https:\/\/yotavis.ch\/product\/pcr36000wea2-3p4w-400v-500hz-lmt\/"},"modified":"2026-04-24T13:34:36","modified_gmt":"2026-04-24T11:34:36","slug":"pcr36000wea2-3p4w-400v-500hz-lmt","status":"publish","type":"product","link":"https:\/\/yotavis.ch\/fr\/produit\/pcr36000wea2-3p4w-400v-500hz-lmt\/","title":{"rendered":"PCR36000WEA2 3P4W 400V (500Hz LMT)"},"content":{"rendered":"<p>Le Kikusui PCR36000WEA2 est un bloc d'alimentation AC\/DC ultra-compact con\u00e7u pour fournir une puissance de 36 000 watts. Il fonctionne avec une configuration triphas\u00e9e \u00e0 quatre fils \u00e0 400 volts et supporte une fr\u00e9quence maximale de 500 Hz. L'appareil fournit une tension de 320 volts et un courant de 360 amp\u00e8res, garantissant des performances robustes pour les applications exigeantes. Il est dot\u00e9 d'un seul canal de sortie et d'une capacit\u00e9 de commande \u00e0 distance, ce qui permet un fonctionnement pratique et une int\u00e9gration dans les syst\u00e8mes automatis\u00e9s. Cette alimentation est con\u00e7ue pour r\u00e9pondre \u00e0 des exigences de puissance \u00e9lev\u00e9es tout en conservant un facteur de forme compact, ce qui la rend adapt\u00e9e aux environnements o\u00f9 l'espace est limit\u00e9. La combinaison de sp\u00e9cifications \u00e9lev\u00e9es en mati\u00e8re de tension, de courant et de fr\u00e9quence la rend polyvalente pour divers sc\u00e9narios industriels et de test.<\/p>","protected":false},"excerpt":{"rendered":"<p>Alimentation AC\/DC ultra compacte 36kVA 3P4W 400V<\/p>","protected":false},"featured_media":7723,"comment_status":"closed","ping_status":"closed","template":"","meta":{"_acf_changed":false,"slim_seo":{"title":"PCR36000WEA2 3P4W 400V (500Hz LMT) - YOTAVIS AG","description":"Alimentation AC\/DC ultra compacte 36kVA 3P4W 400V"}},"product_brand":[551],"product_cat":[625,515],"product_tag":[],"class_list":{"0":"post-6655","1":"product","2":"type-product","3":"status-publish","4":"has-post-thumbnail","6":"product_brand-kikusui","7":"product_cat-ac-dc-source-en","8":"product_cat-power-en","9":"pa_current-a-638","10":"pa_max-frequency-hz-1020","11":"pa_output-number-146","12":"pa_power-w-637","13":"pa_remote-control-yes","14":"pa_voltage-v-575","16":"first","17":"instock","18":"taxable","19":"shipping-taxable","20":"product-type-simple"},"acf":[],"_links":{"self":[{"href":"https:\/\/yotavis.ch\/fr\/wp-json\/wp\/v2\/product\/6655","targetHints":{"allow":["GET"]}}],"collection":[{"href":"https:\/\/yotavis.ch\/fr\/wp-json\/wp\/v2\/product"}],"about":[{"href":"https:\/\/yotavis.ch\/fr\/wp-json\/wp\/v2\/types\/product"}],"replies":[{"embeddable":true,"href":"https:\/\/yotavis.ch\/fr\/wp-json\/wp\/v2\/comments?post=6655"}],"wp:featuredmedia":[{"embeddable":true,"href":"https:\/\/yotavis.ch\/fr\/wp-json\/wp\/v2\/media\/7723"}],"wp:attachment":[{"href":"https:\/\/yotavis.ch\/fr\/wp-json\/wp\/v2\/media?parent=6655"}],"wp:term":[{"taxonomy":"product_brand","embeddable":true,"href":"https:\/\/yotavis.ch\/fr\/wp-json\/wp\/v2\/product_brand?post=6655"},{"taxonomy":"product_cat","embeddable":true,"href":"https:\/\/yotavis.ch\/fr\/wp-json\/wp\/v2\/product_cat?post=6655"},{"taxonomy":"product_tag","embeddable":true,"href":"https:\/\/yotavis.ch\/fr\/wp-json\/wp\/v2\/product_tag?post=6655"}],"curies":[{"name":"wp","href":"https:\/\/api.w.org\/{rel}","templated":true}]}}