{"id":6657,"date":"2025-10-09T00:00:00","date_gmt":"2025-10-08T22:00:00","guid":{"rendered":"https:\/\/yotavis.ch\/product\/pcr36000wea2r-3p3w-400v-500hz-lmt\/"},"modified":"2026-04-24T13:34:36","modified_gmt":"2026-04-24T11:34:36","slug":"pcr36000wea2r-3p3w-400v-500hz-lmt","status":"publish","type":"product","link":"https:\/\/yotavis.ch\/fr\/produit\/pcr36000wea2r-3p3w-400v-500hz-lmt\/","title":{"rendered":"PCR36000WEA2R 3P3W 400V (500Hz LMT)"},"content":{"rendered":"<p>Le PCR36000WEA2R 3P3W 400V (500Hz LMT) de Kikusui est une alimentation AC\/DC ultra-compacte avec une puissance de sortie de 36kVA. Elle fonctionne \u00e0 une tension de 320V et d\u00e9livre un courant de 360A, ce qui la rend adapt\u00e9e aux applications de haute puissance. Ce mod\u00e8le dispose d'un seul canal de sortie et prend en charge la fonctionnalit\u00e9 de commande \u00e0 distance, ce qui permet un fonctionnement pratique \u00e0 distance. L'alimentation est con\u00e7ue pour g\u00e9rer des fr\u00e9quences allant jusqu'\u00e0 500 Hz, ce qui permet de r\u00e9pondre \u00e0 divers besoins en mati\u00e8re de tests et d'op\u00e9rations. Sa configuration triphas\u00e9e, \u00e0 trois fils, garantit une alimentation efficace dans les environnements industriels. La conception compacte facilite l'int\u00e9gration dans les syst\u00e8mes existants sans n\u00e9cessiter un espace important. Cette alimentation est con\u00e7ue pour r\u00e9pondre \u00e0 des exigences \u00e9lectriques \u00e9lev\u00e9es tout en maintenant des performances fiables.<\/p>","protected":false},"excerpt":{"rendered":"<p>Alimentation AC\/DC ultra compacte 36kVA 3P3W 400V<\/p>","protected":false},"featured_media":7723,"comment_status":"closed","ping_status":"closed","template":"","meta":{"_acf_changed":false,"slim_seo":{"title":"PCR36000WEA2R 3P3W 400V (500Hz LMT) - YOTAVIS AG","description":"Alimentation AC\/DC ultra compacte 36kVA 3P3W 400V"}},"product_brand":[551],"product_cat":[625,515],"product_tag":[],"class_list":{"0":"post-6657","1":"product","2":"type-product","3":"status-publish","4":"has-post-thumbnail","6":"product_brand-kikusui","7":"product_cat-ac-dc-source-en","8":"product_cat-power-en","9":"pa_current-a-638","10":"pa_max-frequency-hz-1020","11":"pa_output-number-146","12":"pa_power-w-637","13":"pa_remote-control-yes","14":"pa_voltage-v-575","16":"first","17":"instock","18":"taxable","19":"shipping-taxable","20":"purchasable","21":"product-type-simple"},"acf":[],"_links":{"self":[{"href":"https:\/\/yotavis.ch\/fr\/wp-json\/wp\/v2\/product\/6657","targetHints":{"allow":["GET"]}}],"collection":[{"href":"https:\/\/yotavis.ch\/fr\/wp-json\/wp\/v2\/product"}],"about":[{"href":"https:\/\/yotavis.ch\/fr\/wp-json\/wp\/v2\/types\/product"}],"replies":[{"embeddable":true,"href":"https:\/\/yotavis.ch\/fr\/wp-json\/wp\/v2\/comments?post=6657"}],"wp:featuredmedia":[{"embeddable":true,"href":"https:\/\/yotavis.ch\/fr\/wp-json\/wp\/v2\/media\/7723"}],"wp:attachment":[{"href":"https:\/\/yotavis.ch\/fr\/wp-json\/wp\/v2\/media?parent=6657"}],"wp:term":[{"taxonomy":"product_brand","embeddable":true,"href":"https:\/\/yotavis.ch\/fr\/wp-json\/wp\/v2\/product_brand?post=6657"},{"taxonomy":"product_cat","embeddable":true,"href":"https:\/\/yotavis.ch\/fr\/wp-json\/wp\/v2\/product_cat?post=6657"},{"taxonomy":"product_tag","embeddable":true,"href":"https:\/\/yotavis.ch\/fr\/wp-json\/wp\/v2\/product_tag?post=6657"}],"curies":[{"name":"wp","href":"https:\/\/api.w.org\/{rel}","templated":true}]}}