{"id":6658,"date":"2025-10-09T00:00:00","date_gmt":"2025-10-08T22:00:00","guid":{"rendered":"https:\/\/yotavis.ch\/product\/plz205w\/"},"modified":"2026-04-24T13:34:37","modified_gmt":"2026-04-24T11:34:37","slug":"plz205w","status":"publish","type":"product","link":"https:\/\/yotavis.ch\/fr\/produit\/plz205w\/","title":{"rendered":"PLZ205W"},"content":{"rendered":"<p>Le Kikusui PLZ205W est une charge \u00e9lectronique \u00e0 courant continu con\u00e7ue pour g\u00e9rer une puissance maximale de 200 watts. Elle fonctionne dans une plage de tension de 0,25 \u00e0 150 volts et supporte un courant maximal de 40 amp\u00e8res. Cet appareil est dot\u00e9 d'un seul canal de sortie, ce qui permet d'effectuer des tests de charge cibl\u00e9s et pr\u00e9cis. Il est dot\u00e9 d'une capacit\u00e9 de commande \u00e0 distance, ce qui permet aux utilisateurs de faire fonctionner la charge \u00e0 distance pour plus de commodit\u00e9 et de s\u00e9curit\u00e9. Le PLZ205W convient aux applications n\u00e9cessitant une charge \u00e9lectronique stable et r\u00e9glable dans les limites de puissance, de tension et de courant sp\u00e9cifi\u00e9es. Sa conception permet de tester et d'\u00e9valuer efficacement les blocs d'alimentation, les batteries et autres sources d'alimentation en courant continu. La combinaison de sa puissance nominale et de ses sp\u00e9cifications de tension et de courant en fait un outil polyvalent pour divers environnements de test \u00e9lectronique.<\/p>","protected":false},"excerpt":{"rendered":"<p>Charge \u00e9lectronique DC : Max. 200 W, 0,25-150 V, 40 A<\/p>","protected":false},"featured_media":7743,"comment_status":"closed","ping_status":"closed","template":"","meta":{"_acf_changed":false,"slim_seo":{"title":"PLZ205W - YOTAVIS AG","description":"Charge \u00e9lectronique DC : Max. 200 W, 0,25-150 V, 40 A"}},"product_brand":[551],"product_cat":[517,515],"product_tag":[],"class_list":{"0":"post-6658","1":"product","2":"type-product","3":"status-publish","4":"has-post-thumbnail","6":"product_brand-kikusui","7":"product_cat-dc-load-en","8":"product_cat-power-en","9":"pa_current-a-550","10":"pa_output-number-146","11":"pa_power-w-414","12":"pa_remote-control-yes","13":"pa_voltage-v-150","15":"first","16":"instock","17":"taxable","18":"shipping-taxable","19":"purchasable","20":"product-type-simple"},"acf":[],"_links":{"self":[{"href":"https:\/\/yotavis.ch\/fr\/wp-json\/wp\/v2\/product\/6658","targetHints":{"allow":["GET"]}}],"collection":[{"href":"https:\/\/yotavis.ch\/fr\/wp-json\/wp\/v2\/product"}],"about":[{"href":"https:\/\/yotavis.ch\/fr\/wp-json\/wp\/v2\/types\/product"}],"replies":[{"embeddable":true,"href":"https:\/\/yotavis.ch\/fr\/wp-json\/wp\/v2\/comments?post=6658"}],"wp:featuredmedia":[{"embeddable":true,"href":"https:\/\/yotavis.ch\/fr\/wp-json\/wp\/v2\/media\/7743"}],"wp:attachment":[{"href":"https:\/\/yotavis.ch\/fr\/wp-json\/wp\/v2\/media?parent=6658"}],"wp:term":[{"taxonomy":"product_brand","embeddable":true,"href":"https:\/\/yotavis.ch\/fr\/wp-json\/wp\/v2\/product_brand?post=6658"},{"taxonomy":"product_cat","embeddable":true,"href":"https:\/\/yotavis.ch\/fr\/wp-json\/wp\/v2\/product_cat?post=6658"},{"taxonomy":"product_tag","embeddable":true,"href":"https:\/\/yotavis.ch\/fr\/wp-json\/wp\/v2\/product_tag?post=6658"}],"curies":[{"name":"wp","href":"https:\/\/api.w.org\/{rel}","templated":true}]}}