{"id":6660,"date":"2025-10-09T00:00:00","date_gmt":"2025-10-08T22:00:00","guid":{"rendered":"https:\/\/yotavis.ch\/product\/plz1205w\/"},"modified":"2026-04-24T13:34:39","modified_gmt":"2026-04-24T11:34:39","slug":"plz1205w","status":"publish","type":"product","link":"https:\/\/yotavis.ch\/fr\/produit\/plz1205w\/","title":{"rendered":"PLZ1205W"},"content":{"rendered":"<p>Le Kikusui PLZ1205W est une charge \u00e9lectronique \u00e0 courant continu con\u00e7ue pour g\u00e9rer une puissance maximale de 1200 watts. Elle fonctionne dans une plage de tension de 0,25 \u00e0 150 volts et supporte un courant maximal de 240 amp\u00e8res. Cet appareil est dot\u00e9 d'un seul canal de sortie, ce qui permet d'effectuer des tests de charge cibl\u00e9s et pr\u00e9cis. La capacit\u00e9 de commande \u00e0 distance est incluse, ce qui permet aux utilisateurs de faire fonctionner la charge \u00e0 distance pour des raisons de commodit\u00e9 et de s\u00e9curit\u00e9. La combinaison d'une puissance, d'une tension et d'un courant nominaux \u00e9lev\u00e9s rend cette charge \u00e9lectronique adapt\u00e9e \u00e0 une vari\u00e9t\u00e9 d'applications exigeantes o\u00f9 une simulation de charge pr\u00e9cise et fiable est n\u00e9cessaire.<\/p>","protected":false},"excerpt":{"rendered":"<p>Charge \u00e9lectronique DC : Max. 1200 W, 0,25-150 V, 240 A<\/p>","protected":false},"featured_media":7748,"comment_status":"closed","ping_status":"closed","template":"","meta":{"_acf_changed":false,"slim_seo":{"title":"PLZ1205W - YOTAVIS AG","description":"Charge \u00e9lectronique DC : Max. 1200 W, 0,25-150 V, 240 A"}},"product_brand":[551],"product_cat":[517,515],"product_tag":[],"class_list":{"0":"post-6660","1":"product","2":"type-product","3":"status-publish","4":"has-post-thumbnail","6":"product_brand-kikusui","7":"product_cat-dc-load-en","8":"product_cat-power-en","9":"pa_current-a-634","10":"pa_output-number-146","11":"pa_power-w-479","12":"pa_remote-control-yes","13":"pa_voltage-v-150","15":"first","16":"instock","17":"taxable","18":"shipping-taxable","19":"purchasable","20":"product-type-simple"},"acf":[],"_links":{"self":[{"href":"https:\/\/yotavis.ch\/fr\/wp-json\/wp\/v2\/product\/6660","targetHints":{"allow":["GET"]}}],"collection":[{"href":"https:\/\/yotavis.ch\/fr\/wp-json\/wp\/v2\/product"}],"about":[{"href":"https:\/\/yotavis.ch\/fr\/wp-json\/wp\/v2\/types\/product"}],"replies":[{"embeddable":true,"href":"https:\/\/yotavis.ch\/fr\/wp-json\/wp\/v2\/comments?post=6660"}],"wp:featuredmedia":[{"embeddable":true,"href":"https:\/\/yotavis.ch\/fr\/wp-json\/wp\/v2\/media\/7748"}],"wp:attachment":[{"href":"https:\/\/yotavis.ch\/fr\/wp-json\/wp\/v2\/media?parent=6660"}],"wp:term":[{"taxonomy":"product_brand","embeddable":true,"href":"https:\/\/yotavis.ch\/fr\/wp-json\/wp\/v2\/product_brand?post=6660"},{"taxonomy":"product_cat","embeddable":true,"href":"https:\/\/yotavis.ch\/fr\/wp-json\/wp\/v2\/product_cat?post=6660"},{"taxonomy":"product_tag","embeddable":true,"href":"https:\/\/yotavis.ch\/fr\/wp-json\/wp\/v2\/product_tag?post=6660"}],"curies":[{"name":"wp","href":"https:\/\/api.w.org\/{rel}","templated":true}]}}