{"id":6662,"date":"2025-10-09T00:00:00","date_gmt":"2025-10-08T22:00:00","guid":{"rendered":"https:\/\/yotavis.ch\/product\/plz205wz-spec21192\/"},"modified":"2026-04-24T13:34:40","modified_gmt":"2026-04-24T11:34:40","slug":"plz205wz-spec21192","status":"publish","type":"product","link":"https:\/\/yotavis.ch\/fr\/produit\/plz205wz-spec21192\/","title":{"rendered":"PLZ205WZ (SPEC21192)"},"content":{"rendered":"<p>Le Kikusui PLZ205WZ (SPEC21192) est une charge \u00e9lectronique \u00e0 courant continu con\u00e7ue pour g\u00e9rer une puissance maximale de 200 watts. Elle fonctionne dans une plage de tension de 0,25 \u00e0 150 volts et supporte un courant maximal de 40 amp\u00e8res. Cet appareil comprend une fonction de mesure de l'imp\u00e9dance, ce qui lui conf\u00e8re des capacit\u00e9s de test suppl\u00e9mentaires. Il est dot\u00e9 d'un num\u00e9ro de sortie unique et peut \u00eatre command\u00e9 \u00e0 distance, ce qui permet de l'utiliser dans divers environnements de test. La combinaison de ses caract\u00e9ristiques de tension, de courant et de puissance le rend adapt\u00e9 aux applications n\u00e9cessitant des tests et des mesures de charge pr\u00e9cis. L'inclusion d'une fonctionnalit\u00e9 de commande \u00e0 distance permet une utilisation pratique et une int\u00e9gration dans des installations d'essai automatis\u00e9es. Cette charge \u00e9lectronique est con\u00e7ue pour fournir des performances fiables dans le cadre des param\u00e8tres \u00e9lectriques sp\u00e9cifi\u00e9s.<\/p>","protected":false},"excerpt":{"rendered":"<p>Charge \u00e9lectronique DC : Max. 200 W, 0,25-150 V, 40 A, avec fonction de mesure de l'imp\u00e9dance<\/p>","protected":false},"featured_media":7743,"comment_status":"closed","ping_status":"closed","template":"","meta":{"_acf_changed":false,"slim_seo":{"title":"PLZ205WZ (SPEC21192) - YOTAVIS AG","description":"Charge \u00e9lectronique DC : Max. 200 W, 0,25-150 V, 40 A, avec fonction de mesure de l'imp\u00e9dance"}},"product_brand":[551],"product_cat":[517,515],"product_tag":[],"class_list":{"0":"post-6662","1":"product","2":"type-product","3":"status-publish","4":"has-post-thumbnail","6":"product_brand-kikusui","7":"product_cat-dc-load-en","8":"product_cat-power-en","9":"pa_current-a-550","10":"pa_output-number-146","11":"pa_power-w-414","12":"pa_remote-control-yes","13":"pa_voltage-v-150","15":"first","16":"instock","17":"taxable","18":"shipping-taxable","19":"purchasable","20":"product-type-simple"},"acf":[],"_links":{"self":[{"href":"https:\/\/yotavis.ch\/fr\/wp-json\/wp\/v2\/product\/6662","targetHints":{"allow":["GET"]}}],"collection":[{"href":"https:\/\/yotavis.ch\/fr\/wp-json\/wp\/v2\/product"}],"about":[{"href":"https:\/\/yotavis.ch\/fr\/wp-json\/wp\/v2\/types\/product"}],"replies":[{"embeddable":true,"href":"https:\/\/yotavis.ch\/fr\/wp-json\/wp\/v2\/comments?post=6662"}],"wp:featuredmedia":[{"embeddable":true,"href":"https:\/\/yotavis.ch\/fr\/wp-json\/wp\/v2\/media\/7743"}],"wp:attachment":[{"href":"https:\/\/yotavis.ch\/fr\/wp-json\/wp\/v2\/media?parent=6662"}],"wp:term":[{"taxonomy":"product_brand","embeddable":true,"href":"https:\/\/yotavis.ch\/fr\/wp-json\/wp\/v2\/product_brand?post=6662"},{"taxonomy":"product_cat","embeddable":true,"href":"https:\/\/yotavis.ch\/fr\/wp-json\/wp\/v2\/product_cat?post=6662"},{"taxonomy":"product_tag","embeddable":true,"href":"https:\/\/yotavis.ch\/fr\/wp-json\/wp\/v2\/product_tag?post=6662"}],"curies":[{"name":"wp","href":"https:\/\/api.w.org\/{rel}","templated":true}]}}