{"id":6663,"date":"2025-10-09T00:00:00","date_gmt":"2025-10-08T22:00:00","guid":{"rendered":"https:\/\/yotavis.ch\/product\/plz405wz-spec21192\/"},"modified":"2026-04-24T13:34:40","modified_gmt":"2026-04-24T11:34:40","slug":"plz405wz-spec21192","status":"publish","type":"product","link":"https:\/\/yotavis.ch\/fr\/produit\/plz405wz-spec21192\/","title":{"rendered":"PLZ405WZ (SPEC21192)"},"content":{"rendered":"<p>Le Kikusui PLZ405WZ (SPEC21192) est une charge \u00e9lectronique \u00e0 courant continu con\u00e7ue pour g\u00e9rer une puissance maximale de 400 watts. Elle fonctionne dans une plage de tension de 0,25 \u00e0 150 volts et supporte un courant maximal de 80 amp\u00e8res. Ce mod\u00e8le est dot\u00e9 d'une sortie unique et d'une fonction de t\u00e9l\u00e9commande pour une utilisation plus pratique. En outre, il est \u00e9quip\u00e9 d'une fonction de mesure de l'imp\u00e9dance, ce qui permet une analyse \u00e9lectrique plus d\u00e9taill\u00e9e. L'appareil convient aux applications n\u00e9cessitant des tests de charge pr\u00e9cis et des mesures dans les limites de tension et de courant sp\u00e9cifi\u00e9es. Sa conception permet d'obtenir des performances efficaces et pr\u00e9cises dans divers environnements de test.<\/p>","protected":false},"excerpt":{"rendered":"<p>Charge \u00e9lectronique DC : Max. 400 W, 0,25-150 V, 80 A, avec fonction de mesure de l'imp\u00e9dance<\/p>","protected":false},"featured_media":7743,"comment_status":"closed","ping_status":"closed","template":"","meta":{"_acf_changed":false,"slim_seo":{"title":"PLZ405WZ (SPEC21192) - YOTAVIS AG","description":"Charge \u00e9lectronique DC : Max. 400 W, 0,25-150 V, 80 A, avec fonction de mesure de l'imp\u00e9dance"}},"product_brand":[551],"product_cat":[517,515],"product_tag":[],"class_list":{"0":"post-6663","1":"product","2":"type-product","3":"status-publish","4":"has-post-thumbnail","6":"product_brand-kikusui","7":"product_cat-dc-load-en","8":"product_cat-power-en","9":"pa_current-a-557","10":"pa_output-number-146","11":"pa_power-w-398","12":"pa_remote-control-yes","13":"pa_voltage-v-150","15":"first","16":"instock","17":"taxable","18":"shipping-taxable","19":"purchasable","20":"product-type-simple"},"acf":[],"_links":{"self":[{"href":"https:\/\/yotavis.ch\/fr\/wp-json\/wp\/v2\/product\/6663","targetHints":{"allow":["GET"]}}],"collection":[{"href":"https:\/\/yotavis.ch\/fr\/wp-json\/wp\/v2\/product"}],"about":[{"href":"https:\/\/yotavis.ch\/fr\/wp-json\/wp\/v2\/types\/product"}],"replies":[{"embeddable":true,"href":"https:\/\/yotavis.ch\/fr\/wp-json\/wp\/v2\/comments?post=6663"}],"wp:featuredmedia":[{"embeddable":true,"href":"https:\/\/yotavis.ch\/fr\/wp-json\/wp\/v2\/media\/7743"}],"wp:attachment":[{"href":"https:\/\/yotavis.ch\/fr\/wp-json\/wp\/v2\/media?parent=6663"}],"wp:term":[{"taxonomy":"product_brand","embeddable":true,"href":"https:\/\/yotavis.ch\/fr\/wp-json\/wp\/v2\/product_brand?post=6663"},{"taxonomy":"product_cat","embeddable":true,"href":"https:\/\/yotavis.ch\/fr\/wp-json\/wp\/v2\/product_cat?post=6663"},{"taxonomy":"product_tag","embeddable":true,"href":"https:\/\/yotavis.ch\/fr\/wp-json\/wp\/v2\/product_tag?post=6663"}],"curies":[{"name":"wp","href":"https:\/\/api.w.org\/{rel}","templated":true}]}}