{"id":6664,"date":"2025-10-09T00:00:00","date_gmt":"2025-10-08T22:00:00","guid":{"rendered":"https:\/\/yotavis.ch\/product\/plz1205wz-spec21192\/"},"modified":"2026-04-24T13:34:41","modified_gmt":"2026-04-24T11:34:41","slug":"plz1205wz-spec21192","status":"publish","type":"product","link":"https:\/\/yotavis.ch\/fr\/produit\/plz1205wz-spec21192\/","title":{"rendered":"PLZ1205WZ (SPEC21192)"},"content":{"rendered":"<p>La charge \u00e9lectronique CC Kikusui PLZ1205WZ offre une capacit\u00e9 de puissance maximale de 1200 watts, prenant en charge des niveaux de tension de 0,25 \u00e0 150 volts et des courants allant jusqu'\u00e0 240 amp\u00e8res. Elle est dot\u00e9e d'un seul canal de sortie et d'une fonction de t\u00e9l\u00e9commande pour une utilisation pratique. Cet appareil est \u00e9quip\u00e9 d'une fonction de mesure de l'imp\u00e9dance, qui permet une analyse d\u00e9taill\u00e9e des caract\u00e9ristiques \u00e9lectriques. Con\u00e7u pour g\u00e9rer des charges de forte puissance, il convient \u00e0 diverses applications de test et de mesure. La combinaison de ses capacit\u00e9s de tension et de courant garantit la polyvalence dans diff\u00e9rents sc\u00e9narios de charge \u00e9lectronique. L'inclusion d'une t\u00e9l\u00e9commande am\u00e9liore la flexibilit\u00e9 et le contr\u00f4le de l'utilisateur pendant les processus de test. Dans l'ensemble, le PLZ1205WZ permet une gestion pr\u00e9cise des charges avec des capacit\u00e9s de mesure d'imp\u00e9dance int\u00e9gr\u00e9es.<\/p>","protected":false},"excerpt":{"rendered":"<p>Charge \u00e9lectronique DC : Max. 1200 W, 0,25-150 V, 240 A, avec fonction de mesure de l'imp\u00e9dance<\/p>","protected":false},"featured_media":7748,"comment_status":"closed","ping_status":"closed","template":"","meta":{"_acf_changed":false,"slim_seo":{"title":"PLZ1205WZ (SPEC21192) - YOTAVIS AG","description":"Charge \u00e9lectronique DC : Max. 1200 W, 0,25-150 V, 240 A, avec fonction de mesure de l'imp\u00e9dance"}},"product_brand":[551],"product_cat":[517,515],"product_tag":[],"class_list":{"0":"post-6664","1":"product","2":"type-product","3":"status-publish","4":"has-post-thumbnail","6":"product_brand-kikusui","7":"product_cat-dc-load-en","8":"product_cat-power-en","9":"pa_current-a-634","10":"pa_output-number-146","11":"pa_power-w-479","12":"pa_remote-control-yes","13":"pa_voltage-v-150","15":"first","16":"instock","17":"taxable","18":"shipping-taxable","19":"purchasable","20":"product-type-simple"},"acf":[],"_links":{"self":[{"href":"https:\/\/yotavis.ch\/fr\/wp-json\/wp\/v2\/product\/6664","targetHints":{"allow":["GET"]}}],"collection":[{"href":"https:\/\/yotavis.ch\/fr\/wp-json\/wp\/v2\/product"}],"about":[{"href":"https:\/\/yotavis.ch\/fr\/wp-json\/wp\/v2\/types\/product"}],"replies":[{"embeddable":true,"href":"https:\/\/yotavis.ch\/fr\/wp-json\/wp\/v2\/comments?post=6664"}],"wp:featuredmedia":[{"embeddable":true,"href":"https:\/\/yotavis.ch\/fr\/wp-json\/wp\/v2\/media\/7748"}],"wp:attachment":[{"href":"https:\/\/yotavis.ch\/fr\/wp-json\/wp\/v2\/media?parent=6664"}],"wp:term":[{"taxonomy":"product_brand","embeddable":true,"href":"https:\/\/yotavis.ch\/fr\/wp-json\/wp\/v2\/product_brand?post=6664"},{"taxonomy":"product_cat","embeddable":true,"href":"https:\/\/yotavis.ch\/fr\/wp-json\/wp\/v2\/product_cat?post=6664"},{"taxonomy":"product_tag","embeddable":true,"href":"https:\/\/yotavis.ch\/fr\/wp-json\/wp\/v2\/product_tag?post=6664"}],"curies":[{"name":"wp","href":"https:\/\/api.w.org\/{rel}","templated":true}]}}