{"id":6667,"date":"2025-10-09T00:00:00","date_gmt":"2025-10-08T22:00:00","guid":{"rendered":"https:\/\/yotavis.ch\/product\/plz4005wh2\/"},"modified":"2026-04-24T13:34:42","modified_gmt":"2026-04-24T11:34:42","slug":"plz4005wh2","status":"publish","type":"product","link":"https:\/\/yotavis.ch\/fr\/produit\/plz4005wh2\/","title":{"rendered":"PLZ4005WH2"},"content":{"rendered":"<p>Le Kikusui PLZ4005WH2 est une charge \u00e9lectronique CC haute tension compacte con\u00e7ue pour g\u00e9rer des tensions allant de 10V \u00e0 1000V et des courants allant jusqu'\u00e0 80A. Elle d\u00e9livre une puissance de sortie maximale de 4000W, ce qui la rend adapt\u00e9e \u00e0 diverses applications de test \u00e0 haute puissance. Ce mod\u00e8le est dot\u00e9 d'un seul canal de sortie, ce qui permet d'effectuer des tests de charge cibl\u00e9s et pr\u00e9cis. La capacit\u00e9 de commande \u00e0 distance est incluse, ce qui permet aux utilisateurs de faire fonctionner l'appareil \u00e0 distance. La charge \u00e9lectronique est con\u00e7ue pour supporter une large gamme de tension tout en maintenant un courant stable jusqu'\u00e0 80A. Sa conception met l'accent sur la compacit\u00e9 sans compromettre la capacit\u00e9 de puissance, ce qui lui permet de s'adapter \u00e0 diff\u00e9rents environnements de test. Ce dispositif fait partie de la gamme de produits Kikusui, r\u00e9put\u00e9e pour la fiabilit\u00e9 de ses \u00e9quipements de test \u00e9lectroniques.<\/p>","protected":false},"excerpt":{"rendered":"<p>Charge \u00e9lectronique compacte haute tension DC 10V-1000V, 80A, 4kW<\/p>","protected":false},"featured_media":7752,"comment_status":"closed","ping_status":"closed","template":"","meta":{"_acf_changed":false,"slim_seo":{"title":"PLZ4005WH2 - YOTAVIS AG","description":"Charge \u00e9lectronique compacte haute tension DC 10V-1000V, 80A, 4kW"}},"product_brand":[551],"product_cat":[517,515],"product_tag":[],"class_list":{"0":"post-6667","1":"product","2":"type-product","3":"status-publish","4":"has-post-thumbnail","6":"product_brand-kikusui","7":"product_cat-dc-load-en","8":"product_cat-power-en","9":"pa_current-a-557","10":"pa_output-number-146","11":"pa_power-w-611","12":"pa_remote-control-yes","13":"pa_voltage-v-639","15":"first","16":"instock","17":"taxable","18":"shipping-taxable","19":"purchasable","20":"product-type-simple"},"acf":[],"_links":{"self":[{"href":"https:\/\/yotavis.ch\/fr\/wp-json\/wp\/v2\/product\/6667","targetHints":{"allow":["GET"]}}],"collection":[{"href":"https:\/\/yotavis.ch\/fr\/wp-json\/wp\/v2\/product"}],"about":[{"href":"https:\/\/yotavis.ch\/fr\/wp-json\/wp\/v2\/types\/product"}],"replies":[{"embeddable":true,"href":"https:\/\/yotavis.ch\/fr\/wp-json\/wp\/v2\/comments?post=6667"}],"wp:featuredmedia":[{"embeddable":true,"href":"https:\/\/yotavis.ch\/fr\/wp-json\/wp\/v2\/media\/7752"}],"wp:attachment":[{"href":"https:\/\/yotavis.ch\/fr\/wp-json\/wp\/v2\/media?parent=6667"}],"wp:term":[{"taxonomy":"product_brand","embeddable":true,"href":"https:\/\/yotavis.ch\/fr\/wp-json\/wp\/v2\/product_brand?post=6667"},{"taxonomy":"product_cat","embeddable":true,"href":"https:\/\/yotavis.ch\/fr\/wp-json\/wp\/v2\/product_cat?post=6667"},{"taxonomy":"product_tag","embeddable":true,"href":"https:\/\/yotavis.ch\/fr\/wp-json\/wp\/v2\/product_tag?post=6667"}],"curies":[{"name":"wp","href":"https:\/\/api.w.org\/{rel}","templated":true}]}}