{"id":6669,"date":"2025-10-09T00:00:00","date_gmt":"2025-10-08T22:00:00","guid":{"rendered":"https:\/\/yotavis.ch\/product\/plz20005wh2\/"},"modified":"2026-04-24T13:34:42","modified_gmt":"2026-04-24T11:34:42","slug":"plz20005wh2","status":"publish","type":"product","link":"https:\/\/yotavis.ch\/fr\/produit\/plz20005wh2\/","title":{"rendered":"PLZ20005WH2"},"content":{"rendered":"<p>Le Kikusui PLZ20005WH2 est une charge \u00e9lectronique CC haute tension compacte con\u00e7ue pour fonctionner dans une plage de tension de 10V \u00e0 1000V. Elle supporte un courant maximum de 400A et d\u00e9livre une capacit\u00e9 de puissance allant jusqu'\u00e0 20 000 watts. Ce mod\u00e8le est dot\u00e9 d'un seul canal de sortie, ce qui permet d'effectuer des tests de charge cibl\u00e9s et pr\u00e9cis. Une fonction de t\u00e9l\u00e9commande est incluse, permettant aux utilisateurs de faire fonctionner l'appareil \u00e0 distance pour plus de commodit\u00e9 et de s\u00e9curit\u00e9. La charge \u00e9lectronique convient aux applications n\u00e9cessitant une dissipation de puissance \u00e9lev\u00e9e et une simulation de charge pr\u00e9cise. Sa conception prend en compte des param\u00e8tres de tension et de courant \u00e9lev\u00e9s, ce qui la rend polyvalente pour divers environnements de test. L'appareil est con\u00e7u pour g\u00e9rer efficacement des charges \u00e9lectriques exigeantes.<\/p>","protected":false},"excerpt":{"rendered":"<p>Charge \u00e9lectronique compacte haute tension DC 10V-1000V, 400A, 20kW<\/p>","protected":false},"featured_media":7754,"comment_status":"closed","ping_status":"closed","template":"","meta":{"_acf_changed":false,"slim_seo":{"title":"PLZ20005WH2 - YOTAVIS AG","description":"Charge \u00e9lectronique compacte haute tension DC 10V-1000V, 400A, 20kW"}},"product_brand":[551],"product_cat":[517,515],"product_tag":[],"class_list":{"0":"post-6669","1":"product","2":"type-product","3":"status-publish","4":"has-post-thumbnail","6":"product_brand-kikusui","7":"product_cat-dc-load-en","8":"product_cat-power-en","9":"pa_current-a-641","10":"pa_output-number-146","11":"pa_power-w-640","12":"pa_remote-control-yes","13":"pa_voltage-v-639","15":"first","16":"instock","17":"taxable","18":"shipping-taxable","19":"purchasable","20":"product-type-simple"},"acf":[],"_links":{"self":[{"href":"https:\/\/yotavis.ch\/fr\/wp-json\/wp\/v2\/product\/6669","targetHints":{"allow":["GET"]}}],"collection":[{"href":"https:\/\/yotavis.ch\/fr\/wp-json\/wp\/v2\/product"}],"about":[{"href":"https:\/\/yotavis.ch\/fr\/wp-json\/wp\/v2\/types\/product"}],"replies":[{"embeddable":true,"href":"https:\/\/yotavis.ch\/fr\/wp-json\/wp\/v2\/comments?post=6669"}],"wp:featuredmedia":[{"embeddable":true,"href":"https:\/\/yotavis.ch\/fr\/wp-json\/wp\/v2\/media\/7754"}],"wp:attachment":[{"href":"https:\/\/yotavis.ch\/fr\/wp-json\/wp\/v2\/media?parent=6669"}],"wp:term":[{"taxonomy":"product_brand","embeddable":true,"href":"https:\/\/yotavis.ch\/fr\/wp-json\/wp\/v2\/product_brand?post=6669"},{"taxonomy":"product_cat","embeddable":true,"href":"https:\/\/yotavis.ch\/fr\/wp-json\/wp\/v2\/product_cat?post=6669"},{"taxonomy":"product_tag","embeddable":true,"href":"https:\/\/yotavis.ch\/fr\/wp-json\/wp\/v2\/product_tag?post=6669"}],"curies":[{"name":"wp","href":"https:\/\/api.w.org\/{rel}","templated":true}]}}