{"id":6671,"date":"2025-10-09T00:00:00","date_gmt":"2025-10-08T22:00:00","guid":{"rendered":"https:\/\/yotavis.ch\/product\/tos5300\/"},"modified":"2026-04-24T13:34:43","modified_gmt":"2026-04-24T11:34:43","slug":"tos5300","status":"publish","type":"product","link":"https:\/\/yotavis.ch\/fr\/produit\/tos5300\/","title":{"rendered":"TOS5300"},"content":{"rendered":"<p>Le Kikusui TOS5300 est un testeur Hipot con\u00e7u pour d\u00e9livrer une tension alternative de 5 kV avec une capacit\u00e9 de courant de 100 mA, fournissant une puissance de sortie de 500 VA. Cet appareil est con\u00e7u pour effectuer des tests \u00e0 haute tension afin de garantir la r\u00e9sistance de l'isolation et la s\u00e9curit\u00e9 des composants et syst\u00e8mes \u00e9lectriques. Le testeur fonctionne avec une source de courant alternatif, ce qui le rend adapt\u00e9 \u00e0 une vari\u00e9t\u00e9 d'applications o\u00f9 des tests de hipot en courant alternatif sont n\u00e9cessaires. Ses sp\u00e9cifications soulignent sa capacit\u00e9 \u00e0 g\u00e9rer des niveaux de tension et de courant significatifs, qui sont essentiels pour des \u00e9valuations approfondies de la s\u00e9curit\u00e9 \u00e9lectrique. La conception du TOS5300 est ax\u00e9e sur une sortie haute tension fiable et coh\u00e9rente, essentielle pour d\u00e9tecter les d\u00e9fauts d'isolation et v\u00e9rifier la durabilit\u00e9 des produits dans des conditions de stress. Ce mod\u00e8le fait partie de la gamme d'\u00e9quipements de test de Kikusui, r\u00e9put\u00e9e pour sa pr\u00e9cision et son respect des normes industrielles. La combinaison d'une tension alternative de 5 kV et d'un courant de 100 mA garantit que le testeur peut simuler efficacement les contraintes \u00e9lectriques r\u00e9elles.<\/p>","protected":false},"excerpt":{"rendered":"<p>Testeur Hipot AC 5 kV \/ 100 mA (500 VA)<\/p>","protected":false},"featured_media":7762,"comment_status":"closed","ping_status":"closed","template":"","meta":{"_acf_changed":false,"slim_seo":{"title":"TOS5300 - YOTAVIS AG","description":"Testeur Hipot AC 5 kV \/ 100 mA (500 VA)"}},"product_brand":[551],"product_cat":[518,642],"product_tag":[],"class_list":{"0":"post-6671","1":"product","2":"type-product","3":"status-publish","4":"has-post-thumbnail","6":"product_brand-kikusui","7":"product_cat-meters","8":"product_cat-safety-testers-en","10":"first","11":"instock","12":"taxable","13":"shipping-taxable","14":"purchasable","15":"product-type-simple"},"acf":[],"_links":{"self":[{"href":"https:\/\/yotavis.ch\/fr\/wp-json\/wp\/v2\/product\/6671","targetHints":{"allow":["GET"]}}],"collection":[{"href":"https:\/\/yotavis.ch\/fr\/wp-json\/wp\/v2\/product"}],"about":[{"href":"https:\/\/yotavis.ch\/fr\/wp-json\/wp\/v2\/types\/product"}],"replies":[{"embeddable":true,"href":"https:\/\/yotavis.ch\/fr\/wp-json\/wp\/v2\/comments?post=6671"}],"wp:featuredmedia":[{"embeddable":true,"href":"https:\/\/yotavis.ch\/fr\/wp-json\/wp\/v2\/media\/7762"}],"wp:attachment":[{"href":"https:\/\/yotavis.ch\/fr\/wp-json\/wp\/v2\/media?parent=6671"}],"wp:term":[{"taxonomy":"product_brand","embeddable":true,"href":"https:\/\/yotavis.ch\/fr\/wp-json\/wp\/v2\/product_brand?post=6671"},{"taxonomy":"product_cat","embeddable":true,"href":"https:\/\/yotavis.ch\/fr\/wp-json\/wp\/v2\/product_cat?post=6671"},{"taxonomy":"product_tag","embeddable":true,"href":"https:\/\/yotavis.ch\/fr\/wp-json\/wp\/v2\/product_tag?post=6671"}],"curies":[{"name":"wp","href":"https:\/\/api.w.org\/{rel}","templated":true}]}}